{"id":1697,"date":"2022-09-16T22:37:59","date_gmt":"2022-09-16T20:37:59","guid":{"rendered":"https:\/\/tierisch-verliebt.de\/magazin\/?page_id=1697"},"modified":"2022-09-19T22:12:47","modified_gmt":"2022-09-19T20:12:47","slug":"maine-coon-ernaehrung","status":"publish","type":"page","link":"https:\/\/tierisch-verliebt.de\/magazin\/maine-coon-ernaehrung\/","title":{"rendered":"Was ist die beste Ern\u00e4hrung f\u00fcr Ihre Maine Coon Katze"},"content":{"rendered":"<p>Was Maine Coons wohl von allen anderen Katzenrassen unterscheidet, ist ihre Lebensfreude. Maine Coons bleiben bis ins Erwachsenenalter hinein im Herzen K\u00e4tzchen. Mit einer Maine Coon wird es niemals langweilig.<\/p>\n<p><!--more--><\/p>\n<p>Mit der richtigen Ern\u00e4hrung und Pflege kann eine Maine Coon Katze bis zu 18 Jahre alt werden. Damit Ihr pelziger Freund gesund bleibt, ist es wichtig, dass er die richtige Ern\u00e4hrung bekommt.<\/p>\n<h2>Warum ist die Ern\u00e4hrung wichtig?<\/h2>\n<p><strong>Genetische Veranlagung<\/strong><br \/>\nMaine Coon Katzen sind genetisch anf\u00e4llig f\u00fcr bestimmte Krankheiten. Eine falsche Ern\u00e4hrung kann solche Erkrankungen beschleunigen, wenn sie bereits genetisch vorhanden sind.<\/p>\n<p>Hypertrophe Kardiomyopathie (HCM) ist eine der ernsthaften Krankheiten, an denen Ihre Maine Coon erkranken k\u00f6nnte. Bei HCM verdicken sich die W\u00e4nde des Katzenherzens allm\u00e4hlich und verringern seine F\u00e4higkeit zu pumpen. Dies kann zu Ablagerungen von Fl\u00fcssigkeit um Herz und Lunge herum f\u00fchren. Eine kohlenhydratreiche Ern\u00e4hrung kann zu Komplikationen f\u00fchren, wenn Ihre Katze an HCM leidet, da sie Fl\u00fcssigkeitsablagerungen verst\u00e4rken kann.<\/p>\n<p>Ein weiterer genetischer Zustand, den Ihre Maine Coon haben k\u00f6nnte, ist die polyzystische Nierenerkrankung oder PKD. Diese Erkrankung verursacht die Bildung von Zysten in der Niere der Katze. Wenn die Krankheit fortschreitet, beginnen diese Zysten, das Nierengewebe zu ersetzen, was zu Nierenversagen f\u00fchrt. In diesem Zustand kann jede phosphorhaltige Nahrung sch\u00e4dlich sein, da der Abbau von Phosphor die Nieren zus\u00e4tzlich belastet und sie schw\u00e4cht.<\/p>\n<p>H\u00fcftdysplasie ist eine h\u00e4ufige Erscheinung bei Maine Coon Katzen. Dies bedeutet ein abnormales Wachstum des H\u00fcftgelenks. Es verursacht mit der Zeit eine Degeneration der Knochen, da jede Bewegung Reibung verursacht. Wenn keine geeigneten Ma\u00dfnahmen ergriffen werden, um das Gewicht zu kontrollieren, wird der Fu\u00df st\u00e4rker belastet, was f\u00fcr die Katze sehr unangenehm ist.<\/p>\n<h2>Katzendiabetes<\/h2>\n<p>Wenn Maine Coons ein h\u00f6heres Alter erreichen, besteht ein hohes Risiko, dass sie an Diabetes erkranken. Eine ausgewogene Ern\u00e4hrung von Anfang an reduziert dieses Risiko in hohem Ma\u00dfe.<\/p>\n<p>Katzen, bei denen Diabetes diagnostiziert wurde, wird eine eiwei\u00df- und fettarme Di\u00e4t verordnet. Au\u00dferdem m\u00fcssen sie besonders darauf achten, ihr Gewicht zu halten.<\/p>\n<h2>Innen-\/ Au\u00dfenhaltung<\/h2>\n<p>Die Ern\u00e4hrung Ihrer Maine Coon h\u00e4ngt auch davon ab, ob sie die meiste Zeit im Haus oder drau\u00dfen verbringt. Wenn Ihre Katze abends nach einem anstrengenden Tag im Freien nach Hause kommt, muss sie sich viel bewegen und braucht daher viel Futter, um ihre Energie wieder aufzuf\u00fcllen.<\/p>\n<p>Wenn Ihre Katze jedoch lieber den ganzen Tag drinnen verbringt, sollten Sie die Ern\u00e4hrung etwas einschr\u00e4nken, damit sie nicht \u00fcbergewichtig wird.<\/p>\n<h2>Fettleibigkeit<\/h2>\n<p>Im Gegensatz zu anderen Katzenrassen brauchen Maine Coons Zeit, um ins Erwachsenenalter hineinzuwachsen. Viele Haustierbesitzer sind sich dieser Tatsache nicht bewusst.<\/p>\n<p>Da Maine Coons daf\u00fcr bekannt sind, gro\u00df zu sein, f\u00fcttern viele Besitzer sie mit gro\u00dfen Mengen an Futter, um das flauschige Aussehen zu erreichen. Dies f\u00fchrt meist zu Fettleibigkeit und vielen damit verbundenen Komplikationen.<\/p>\n<h2>Was macht eine gesunde Ern\u00e4hrung aus?<\/h2>\n<p><strong>Eiwei\u00df<\/strong><br \/>\nProteine sind ein wichtiger Bestandteil der Ern\u00e4hrung, da sie gro\u00dfe Mengen an Energie liefern und eine Schl\u00fcsselrolle beim Wachstum spielen. F\u00fcr Maine Coon Katzen werden Proteine auf Fleischbasis wie Huhn und Fisch empfohlen. Es wird gesch\u00e4tzt, dass Maine Coon K\u00e4tzchen eine t\u00e4gliche Proteinzufuhr von 30 bis 50 Prozent und Erwachsene eine t\u00e4gliche Proteinzufuhr von etwa 25 bis 40 Prozent bekommen sollten.<\/p>\n<p><strong>Kohlenhydrate<\/strong><br \/>\nObwohl Katzen normalerweise eiwei\u00dfhaltige Nahrung bevorzugen, ist eine begrenzte Aufnahme von Kohlenhydraten f\u00fcr ein gesundes Wachstum notwendig.<\/p>\n<p><strong>Gesundes Fett<\/strong><br \/>\nEine begrenzte Menge an gesundem Fett ist ebenfalls wichtig f\u00fcr die Gesundheit Ihrer Katze. Fetts\u00e4uren helfen, den Glanz des Fells zu erhalten.<\/p>\n<p><strong>Vitamine und Mineralien<\/strong><br \/>\nWie wir brauchen auch Katzen alle Arten von Vitaminen. Die regelm\u00e4\u00dfige Einnahme der Vitamine A, B, K, Niacin usw. ist f\u00fcr ein gesundes Wachstum notwendig. Eine Zugabe von Nahrungserg\u00e4nzungsmitteln kann diesen Zweck erf\u00fcllen.<\/p>\n<h2>Was zu vermeiden ist<\/h2>\n<p><strong>Gro\u00dfe Fische<\/strong><br \/>\nGro\u00dfe Fische k\u00f6nnen eine h\u00f6here Konzentration an sch\u00e4dlichen Bestandteilen wie Quecksilber enthalten. Es ist besser, die Ern\u00e4hrung Ihrer Katze auf kleine Fische und bew\u00e4hrte Tiernahrung zu beschr\u00e4nken.<\/p>\n<p><strong>Nahrung auf Getreidebasis<\/strong><br \/>\nK\u00f6rner geh\u00f6ren nicht zu den Ern\u00e4hrungsgewohnheiten einer Katze. Obwohl sie nicht spezifisch sch\u00e4dlich sind, kann der regelm\u00e4\u00dfige Verzehr von K\u00f6rnern zu \u00dcbergewicht f\u00fchren. Es ist am besten, sie zu vermeiden.<\/p>\n<p><strong>Gluten<\/strong><br \/>\nMahlzeiten auf Weizenbasis enthalten einen hohen Anteil an Gluten. Es haftet an den Z\u00e4hnen und kann die Ablagerung von Zahnstein verursachen. Es ist auch nicht gut f\u00fcr die Gesundheit der Verdauung.<\/p>\n<p>Faktoren, die bei der Entscheidung \u00fcber die Ern\u00e4hrung Ihrer Maine Coon zu ber\u00fccksichtigen sind:<\/p>\n<h2>Abwechslung<\/h2>\n<p>Niemand mag es, jeden Tag das gleiche Futter zu bekommen. Ihre Maine Coon ist da keine Ausnahme. Sorgen Sie f\u00fcr Abwechslung in der Ern\u00e4hrung Ihrer Katze. Ein festes Men\u00fc f\u00fcr eine Woche ist eine M\u00f6glichkeit, dies zu tun. F\u00fcgen Sie Fleisch, Nahrungserg\u00e4nzungsmittel, Katzenfutter, zweimal pro Woche eine Mahlzeit mit Nassfutter usw. hinzu. Da Maine Coons fast alle Futtersorten vertragen, geben Sie ihnen auch ab und zu normales Hausfutter. Vergessen Sie nicht, ihnen ab und zu ein paar Leckerlis zu g\u00f6nnen. Ihre Maine Coon wird es Ihnen danken.<\/p>\n<p>Maine Coons sind den gr\u00f6\u00dften Teil ihres Lebens in der Natur aktiv. Sie bewegen sich im Vergleich zu den meisten Katzen ausreichend. Daher ist es vorzuziehen, sie frei zu f\u00fcttern. Wenn Ihre Katze jedoch nicht so aktiv ist, ist es besser, sich f\u00fcr eine kleinere Sch\u00fcsselgr\u00f6\u00dfe zu entscheiden. Die Katze fragt normalerweise immer dann nach Futter, wenn sie es braucht. Katzen nehmen normalerweise 20 kleine Mahlzeiten pro Tag zu sich. Es ist im Zweifel immer besser, dies nach R\u00fccksprache mit dem Tierarzt zu entscheiden.<\/p>\n<h2>Bewegung<\/h2>\n<p>Der N\u00e4hrstoffbedarf von Maine Coons steht in direktem Verh\u00e4ltnis zur k\u00f6rperlichen Aktivit\u00e4t, die sie aus\u00fcben. Unabh\u00e4ngig von Alter und Geschlecht ben\u00f6tigen Maine Coons t\u00e4glich etwas Bewegung, um fit zu bleiben. Wenn Ihre Maine Coon sich nicht gerne bewegt, sollten Sie ihr eine nicht so fett- und eiwei\u00dfreiche Nahrung geben.<\/p>\n<h2>Alter<\/h2>\n<p>In ihren ersten Lebensjahren sind Maine Coons sehr lebhaft und energiegeladen. Sie f\u00fchren von sich aus gen\u00fcgend k\u00f6rperliche Aktivit\u00e4t aus. Daher ist kaum besondere Sorgfalt bei der Ern\u00e4hrung erforderlich. Man muss nur darauf achten, dass man sie nicht \u00fcberf\u00fcttert. Wenn sie das mittlere Alter erreichen, werden sie jedoch weniger spielfreudig. In dieser Zeit m\u00fcssen sie manchmal zur Bewegung ermutigt werden. Ab diesem Alter sollten Sie ihre Ern\u00e4hrung regulieren, um Fettleibigkeit zu verhindern. Mit zunehmendem Alter der Maine Coon k\u00f6nnen gesundheitliche Probleme wie HCM, PKD usw. auftreten. In dieser Zeit ist es wichtig, der Ern\u00e4hrung die n\u00f6tige Aufmerksamkeit zu schenken.<\/p>\n<h2>Kauen<\/h2>\n<p>Maine Coon Katzen stammen aus einer Familie von Wildkatzen, die an die Jagd gew\u00f6hnt sind. Sie haben breite Kiefer, die Bewegung brauchen, um stark zu bleiben. Eine Ern\u00e4hrung mit Trockenfutter erfordert kr\u00e4ftiges Kauen und h\u00e4lt dabei ihre Kiefer stark und die Z\u00e4hne scharf. Die Wahl von Trockenfutter anstelle von Nassfutter erh\u00e4lt auch die Zahngesundheit, da es im Gegensatz zu Nassfutter nicht zu viel Feuchtigkeit und Ablagerungen enth\u00e4lt, die die Z\u00e4hne besch\u00e4digen k\u00f6nnten.<\/p>\n<h2>Konsultieren Sie einen Tierarzt<\/h2>\n<p>Bei der Zusammenstellung des Ern\u00e4hrungsplans f\u00fcr Ihr Haustier sollten Sie auf jeden Fall einen Tierarzt konsultieren. Ein Tierarzt kann Sie auf Allergien oder Infektionen hinweisen, die Ihre Katze haben k\u00f6nnte. Er kann Ihnen auch bessere Ratschl\u00e4ge geben, wie Sie das Risiko von Krankheiten verringern k\u00f6nnen.<\/p>\n<p>Eine Maine Coon zu besitzen ist eine gro\u00dfe Verantwortung, aber auch eine gro\u00dfe Freude.<\/p>\n<h2>Weitere Artikel zu Maine Coon Katzen<\/h2>\n<ul>\n<li><a href=\"https:\/\/tierisch-verliebt.de\/magazin\/maine-coon-charakter\/\">Charakter der Maine Coon Katze<\/a><\/li>\n<li><a href=\"https:\/\/tierisch-verliebt.de\/magazin\/maine-coon-haltung\/\">5 Tipps f\u00fcr die Haltung einer Maine Coon Katze<\/a><\/li>\n<li><a href=\"https:\/\/tierisch-verliebt.de\/magazin\/maine-coon-pflege\/\">Die richtige Pflege der Maine Coon<\/a><\/li>\n<li><a href=\"https:\/\/tierisch-verliebt.de\/magazin\/maine-coon-wissenswertes\/\">Wissenswertes \u00fcber Maine Coon Katze<\/a><\/li>\n<li><a href=\"https:\/\/tierisch-verliebt.de\/magazin\/maine-coon-inzucht\/\">Inzucht &#8211; Wieviel Inzucht darf bei einer Maine Coon Katze sein?<\/a><\/li>\n<\/ul>\n","protected":false},"excerpt":{"rendered":"<p>Was Maine Coons wohl von allen anderen Katzenrassen unterscheidet, ist ihre Lebensfreude. Maine Coons bleiben bis ins Erwachsenenalter hinein im<\/p>\n","protected":false},"author":2,"featured_media":1698,"parent":0,"menu_order":0,"comment_status":"closed","ping_status":"closed","template":"","meta":{"ngg_post_thumbnail":0,"footnotes":""},"class_list":["post-1697","page","type-page","status-publish","has-post-thumbnail","hentry","comments-off"],"aioseo_notices":[],"_links":{"self":[{"href":"https:\/\/tierisch-verliebt.de\/magazin\/wp-json\/wp\/v2\/pages\/1697","targetHints":{"allow":["GET"]}}],"collection":[{"href":"https:\/\/tierisch-verliebt.de\/magazin\/wp-json\/wp\/v2\/pages"}],"about":[{"href":"https:\/\/tierisch-verliebt.de\/magazin\/wp-json\/wp\/v2\/types\/page"}],"author":[{"embeddable":true,"href":"https:\/\/tierisch-verliebt.de\/magazin\/wp-json\/wp\/v2\/users\/2"}],"replies":[{"embeddable":true,"href":"https:\/\/tierisch-verliebt.de\/magazin\/wp-json\/wp\/v2\/comments?post=1697"}],"version-history":[{"count":3,"href":"https:\/\/tierisch-verliebt.de\/magazin\/wp-json\/wp\/v2\/pages\/1697\/revisions"}],"predecessor-version":[{"id":1780,"href":"https:\/\/tierisch-verliebt.de\/magazin\/wp-json\/wp\/v2\/pages\/1697\/revisions\/1780"}],"wp:featuredmedia":[{"embeddable":true,"href":"https:\/\/tierisch-verliebt.de\/magazin\/wp-json\/wp\/v2\/media\/1698"}],"wp:attachment":[{"href":"https:\/\/tierisch-verliebt.de\/magazin\/wp-json\/wp\/v2\/media?parent=1697"}],"curies":[{"name":"wp","href":"https:\/\/api.w.org\/{rel}","templated":true}]}}