{"id":1686,"date":"2022-09-16T12:03:07","date_gmt":"2022-09-16T10:03:07","guid":{"rendered":"https:\/\/tierisch-verliebt.de\/magazin\/?page_id=1686"},"modified":"2022-09-19T22:07:11","modified_gmt":"2022-09-19T20:07:11","slug":"havaneser-ernaehrung","status":"publish","type":"page","link":"https:\/\/tierisch-verliebt.de\/magazin\/havaneser-ernaehrung\/","title":{"rendered":"Havaneser Ern\u00e4hrung &#8211; So f\u00fctterst du optimal"},"content":{"rendered":"<p>Wir alle haben wohl schon oft genug von der Bedeutung der Ern\u00e4hrung geh\u00f6rt, und wir wissen, dass die Ern\u00e4hrung f\u00fcr unsere Hunde genauso wichtig ist. Die meisten Menschen wollen sich gut um ihre Hunde k\u00fcmmern. Es passiert jedoch schnell, in die Gewohnheit zu verfallen, ihnen Nahrung vorzusetzen, die ausgesprochen ungesund f\u00fcr Hunde ist. Viele Haustiere bekommen zu viele Kalorien f\u00fcr ihr Aktivit\u00e4tsniveau, sei es, dass du ihnen Reste von deinem Teller gibst oder viel zu viele Leckerlis anbietest.<br \/>\n<!--more--><\/p>\n<p>Mit zunehmendem Alter deines Lieblings kann dies zu einem ernsten Problem f\u00fcr die Gesundheit des Hundes werden. Eine ausgewogene Ern\u00e4hrung deines Havanesers ist entscheidend f\u00fcr ein langes, gl\u00fcckliches Leben.<\/p>\n<h2>Warum eine gesunde Ern\u00e4hrung wichtig ist<\/h2>\n<p>Obwohl sie eine betr\u00e4chtliche Menge an Energie haben, sind Havaneser eine sehr kleine Rasse. Es ist unglaublich einfach, sie zu \u00fcberf\u00fcttern, weil sie nicht viel Futter brauchen, um ihren Kalorienbedarf f\u00fcr den Tag zu erreichen. Viele der Tricks und Aktivit\u00e4ten k\u00f6nnen ein gutes St\u00fcck Energie verbrauchen, aber das bedeutet nicht, dass sie eine Menge Futter brauchen. Wenn du einen sehr vollen Terminkalender hast, ist es nur allzu leicht m\u00f6glich, dass das Aktivit\u00e4tsniveau erheblich abf\u00e4llt, w\u00e4hrend du zu Hause bist. Dein Havaneser wird immer noch die gleiche Menge an Futter erwarten, unabh\u00e4ngig vom Aktivit\u00e4tsniveau. Das bedeutet, dass er wahrscheinlich anf\u00e4ngt, an Gewicht zuzunehmen, was seiner Gesundheit abtr\u00e4glich ist.<\/p>\n<p>Du solltest aber nicht nur darauf achten, wie viel du deinem Havaneser w\u00e4hrend der Mahlzeiten f\u00fctterst, sondern auch, wie viele Leckerlis du ihm im Laufe des Tages gibst. Alle Lebensmittel m\u00fcssen ber\u00fccksichtigt werden, wenn du auf die N\u00e4hrstoff- und Kalorienzufuhr achtest. Bei diesen winzigen H\u00fcndchen solltest du dir dar\u00fcber im Klaren sein, wie viele Kalorien dein Hund pro Tag ungef\u00e4hr zu sich nimmt. Wenn du bemerkst, dass dein Hund an Gewicht zunimmt, solltest du die t\u00e4gliche Futtermenge f\u00fcr den Havaneser anpassen oder das Futter auf etwas mit h\u00f6herem N\u00e4hrwert umstellen. Achten Sie darauf ob ihr Havaneser beim Gassi gehen des \u00d6fteren <a href=\"https:\/\/haustierwelten.net\/darf-ich-meinen-hund-gras-fressen-lassen\/\">Gras frisst<\/a>. Das k\u00f6nnte ein Anzeichen eines N\u00e4hrstoffmangels sein.<\/p>\n<h2>Kommerzielles Futter<\/h2>\n<p>Obwohl es bequem ist, ist kommerzielles Hundefutter oft ein sehr mangelhaftes Produkt. Die kleinen Futterst\u00fccke, die du deinem Hund f\u00fctterst, haben nichts Nat\u00fcrliches an sich und sind letztlich weit weniger gesund als selbst zubereitete Mahlzeiten f\u00fcr den Hund. F\u00fcr die meisten Menschen ist es jedoch die einzige Option, weil die Zubereitung jeder Mahlzeit ein unglaublich langwieriger Prozess ist. F\u00fcr manche reicht die Zeit am Tag einfach nicht aus, um jede Mahlzeit zuzubereiten.<\/p>\n<p>Wenn du zu der Mehrheit der Hundehalter geh\u00f6rst, die kommerzielles Futter kaufen, solltest du das beste kaufen, das du bekommen kannst. Nimm dir die Zeit, jede Sorte ausf\u00fchrlich zu recherchieren, insbesondere den N\u00e4hrwert des Futters. Ber\u00fccksichtige immer die kleine Statur, das Energieniveau und das Alter deines Hundes. Dein Welpe braucht vielleicht nicht so lange Welpenfutter wie andere Rassen (oder sogar andere Havaneser), und Hundefutter f\u00fcr Senioren ist vielleicht nicht die beste Option f\u00fcr Ihren \u00e4lteren Havaneser.<\/p>\n<p>Um mehr N\u00e4hrstoffe zur Verf\u00fcgung zu stellen, k\u00f6nnen Sie etwas frisches Futter unter das verarbeitete Futter mischen. Dies kann dazu beitragen, alle N\u00e4hrstoffe zu erg\u00e4nzen und ist eine gesunde Erg\u00e4nzung zu einer ansonsten vollst\u00e4ndig verarbeiteten Mahlzeit. Die Zugabe von ein wenig selbstgekochtem Futter zu jeder Mahlzeit wird Ihren Havaneser zum Fressen animieren.<\/p>\n<h2>Selbst zubereitetes Futter<\/h2>\n<p>Wenn du deinem Havaneser m\u00f6glichst gesunde Mahlzeiten bieten willst, solltest du pro Mahlzeit, die du f\u00fcr ihn zubereitest, f\u00fcnf bis zehn Minuten mehr Zeit in der K\u00fcche einplanen. Wenn du regelm\u00e4\u00dfig dein eigenes Futter zubereitest (komplett, nicht aus der Mikrowelle oder aus der Packung), ist es wirklich nicht viel mehr Zeit, die du brauchen wirst, um eine ebenso gesunde Mahlzeit f\u00fcr Ihren kleinen Begleiter zuzubereiten.<\/p>\n<p>Wenn du daran denkst, welche Lebensmittel dein Havaneser auf keinen Fall fressen sollte, kannst du einfach etwas von dem Essen, das du f\u00fcr dich selbst zubereitest, in die Mahlzeit deines Havanesers mischen. Achte nur darauf, dass du etwas mehr von dem, was dein Havaneser braucht, in den Fressnapf tust. Auch wenn du und dein Havaneser deutlich unterschiedliche Ern\u00e4hrungsbed\u00fcrfnisse haben, kannst du das Futter so anpassen, dass es die N\u00e4hrstoffe enth\u00e4lt, die der Hund braucht. Es dauert nicht wirklich viel l\u00e4nger, eine Mahlzeit f\u00fcr dich und eine etwas andere Version f\u00fcr deinen Hund zusammenzustellen.<\/p>\n<p>F\u00fcttere deinen Havaneser allerdings nicht von deinem Teller. Teil das Futter auf und gib die Mahlzeit deines Hundes in eine Schale, damit der Hund versteht, dass das Essen auf dem Teller nur f\u00fcr dich ist. Selbstgekochte Mahlzeiten sollten am besten im Voraus geplant werden, damit dein Havaneser die richtige N\u00e4hrstoffbalance erh\u00e4lt.<\/p>\n<p>Normalerweise sollten 50 % der Nahrung deines Hundes aus tierischem Eiwei\u00df (Fisch, Gefl\u00fcgel und Innereien) bestehen. Etwa 25 % sollten aus komplexen Kohlenhydraten bestehen. Die restlichen 25 % sollten aus Obst und Gem\u00fcse bestehen, insbesondere aus K\u00fcrbis, \u00c4pfeln, Bananen und gr\u00fcnen Bohnen. Diese liefern zus\u00e4tzlichen Geschmack, den dein Havaneser wahrscheinlich lieben wird, und sorgen daf\u00fcr, dass sich der Kleine schneller satt f\u00fchlt, sodass ein \u00dcberfressen weniger wahrscheinlich ist.<\/p>\n<h2>Weitere Artikel zu Havaneser Hunden<\/h2>\n<ul>\n<li><a href=\"https:\/\/tierisch-verliebt.de\/magazin\/havaneser-herkunft-geschichte\/\">Der Havaneser, seine Reise nach Kuba und zur\u00fcck<\/a><\/li>\n<li><a href=\"https:\/\/tierisch-verliebt.de\/magazin\/havaneser-charakter\/\">Havaneser-Hunde &#8211; Charakter<\/a><\/li>\n<li><a href=\"https:\/\/tierisch-verliebt.de\/magazin\/havaneser-pflege\/\">Die Pflege der Havaneser<\/a><\/li>\n<li><a href=\"https:\/\/tierisch-verliebt.de\/magazin\/havaneser-geeignete-aktivitaeten\/\">Geeignete Aktivit\u00e4ten &#8211; So h\u00e4lst du deinen Havaneser fit<\/a><\/li>\n<li><a href=\"https:\/\/tierisch-verliebt.de\/magazin\/havaneser-zucht\/\">Havaneser-Hunde &#8211; Zucht &amp; Z\u00fcchter &#8211; Das gilt es zu beachten<\/a><\/li>\n<\/ul>\n","protected":false},"excerpt":{"rendered":"<p>Wir alle haben wohl schon oft genug von der Bedeutung der Ern\u00e4hrung geh\u00f6rt, und wir wissen, dass die Ern\u00e4hrung f\u00fcr<\/p>\n","protected":false},"author":2,"featured_media":0,"parent":0,"menu_order":0,"comment_status":"closed","ping_status":"closed","template":"","meta":{"ngg_post_thumbnail":0,"footnotes":""},"class_list":["post-1686","page","type-page","status-publish","hentry","comments-off"],"aioseo_notices":[],"_links":{"self":[{"href":"https:\/\/tierisch-verliebt.de\/magazin\/wp-json\/wp\/v2\/pages\/1686","targetHints":{"allow":["GET"]}}],"collection":[{"href":"https:\/\/tierisch-verliebt.de\/magazin\/wp-json\/wp\/v2\/pages"}],"about":[{"href":"https:\/\/tierisch-verliebt.de\/magazin\/wp-json\/wp\/v2\/types\/page"}],"author":[{"embeddable":true,"href":"https:\/\/tierisch-verliebt.de\/magazin\/wp-json\/wp\/v2\/users\/2"}],"replies":[{"embeddable":true,"href":"https:\/\/tierisch-verliebt.de\/magazin\/wp-json\/wp\/v2\/comments?post=1686"}],"version-history":[{"count":2,"href":"https:\/\/tierisch-verliebt.de\/magazin\/wp-json\/wp\/v2\/pages\/1686\/revisions"}],"predecessor-version":[{"id":1773,"href":"https:\/\/tierisch-verliebt.de\/magazin\/wp-json\/wp\/v2\/pages\/1686\/revisions\/1773"}],"wp:attachment":[{"href":"https:\/\/tierisch-verliebt.de\/magazin\/wp-json\/wp\/v2\/media?parent=1686"}],"curies":[{"name":"wp","href":"https:\/\/api.w.org\/{rel}","templated":true}]}}