{"id":1677,"date":"2022-09-16T12:05:08","date_gmt":"2022-09-16T10:05:08","guid":{"rendered":"https:\/\/tierisch-verliebt.de\/magazin\/?page_id=1677"},"modified":"2023-11-09T15:57:56","modified_gmt":"2023-11-09T14:57:56","slug":"havaneser-charakter","status":"publish","type":"page","link":"https:\/\/tierisch-verliebt.de\/magazin\/havaneser-charakter\/","title":{"rendered":"Havaneser-Hunde &#8211; Charakter"},"content":{"rendered":"<h2>Warum der Havaneser ein wahrer Freund des Menschen ist<\/h2>\n<p>Schaut man den kleinen Havaneser an, so denken nicht wenige Menschen zu allererst an ein Kuscheltier, so vornehm und gleichzeitig kuschelig, wie er in Erscheinung tritt. Dass hinter dem knuffigen Aussehen des Vierbeiners noch viel mehr steckt, lernen die meisten Zweibeiner erst auf dem zweiten Blick kennen. Deshalb soll hier ein wenig \u00fcber die liebenswerten Charakterz\u00fcge des Havernesers ausgiebig berichtet werden.<\/p>\n<h2>Havaneser sind liebevoll<\/h2>\n<p>Havaneser machen ihrem Aussehen wahrlich alle Ehre, sollten aber nicht untersch\u00e4tzt werden. Sie sind ausgesprochen liebevolle und freundliche Hunde, die sich nichts Sch\u00f6neres vorstellen k\u00f6nnen, als ihrem Herrchen oder Frauchen zu gefallen und ihnen eine Freude zu bereiten. Sie h\u00e4ngen sehr an \u201eihren\u201c Menschen und erleben am liebsten alles mit ihnen gemeinsam.<\/p>\n<p>Das macht sie zu sehr flexiblen Begleitern, die sich an vielerlei Umst\u00e4nde ohne Probleme anpassen k\u00f6nnen. So ist de Havaneser ein Hund, der auch f\u00fcr Anf\u00e4nger geeignet ist und der einem im Alltag ein sympathischer Begleiter ist.<\/p>\n<p><!--more--><\/p>\n<h2>Havaneser sind Familienhunde<\/h2>\n<p>Havaneser sind sehr verspielt und toben gerne und viel. Dabei sind sie geduldig und vorsichtig. Sie eignen sich damit perfekt als Spielgef\u00e4hrten f\u00fcr Kinder. Havaneser lieben Kinder. Kinder k\u00f6nnen mit dem Havaneser Kunstst\u00fccke proben, B\u00e4llchen spielen und sogar einen Hindernislauf bew\u00e4ltigen. Der lustige Vierbeiner ist immer und \u00fcberall liebend gern dabei.<\/p>\n<p>Umgekehrt k\u00f6nnen auch Kinder von dem lebenslustigen Wuschel profitieren. Mit seiner unaufdringlichen und geduldigen Art kann er helfen, Kinder liebevoll an das Zusammenleben mit einem Tier zu gew\u00f6hnen und ihm lehren, Empathie und Beobachtung von Lebewesen zu lernen, die sich nur mit K\u00f6rpersprache, nicht jedoch in Worten \u00e4u\u00dfern k\u00f6nnen.<\/p>\n<h2>Havaneser sind sehr intelligent<\/h2>\n<p>Wer noch immer glaubt, dass Havaneser niedliche atmende Kuscheltiere sind, der sollte diesen Glauben z\u00fcgig verwerfen. Havaneser sind ausgesprochen kluge und wissbegierige Hunde, die gerne lernen und gefordert und gef\u00f6rdert werden m\u00f6chten. Man kann ihnen sehr schnell die verschiedensten Tricks und Kunstst\u00fccke beibringen.<\/p>\n<p>Geschickt setzen sie die schwierigsten Aufgaben um und sind stets darauf bedacht, ihrem Zweibeiner das beste zu geben. Man sollte dem Havaneser regelm\u00e4\u00dfig kleine Denkaufgaben geben, ansonsten besteht auch schonmal die Gefahr, dass sie sich selbst welche suchen, was nicht immer zu Freuden seines Besitzers geschieht.<\/p>\n<h2>Havaneser sind sehr treu<\/h2>\n<p>Havaneser lieben ihre Familie \u00fcber alles. Sie sind \u00fcberhaupt nicht gerne allein, viel lieber begleiten sie \u201eihre\u201c Zweibeiner, wo immer diese auch hingehen. Sie pflegen zu ihren Besitzern eine ausgesprochen enge Bindung, ihre Treue ist dabei unersch\u00fctterlich. Kuscheln geh\u00f6rt zu einer Lieblingsaktivit\u00e4t des Havanesers und nimmt im Alltag eine wichtige Rolle ein.<\/p>\n<h2>Havaneser sind sportlich<\/h2>\n<p>Wenn es um Bewegung geht, sind die wuseligen Vierbeiner immer gerne mit dabei. Grunds\u00e4tzlich passen sich Havaneser mit einem durchschnittlichen Bewegungsbed\u00fcrfnis jedoch immer an den Bewegungsbedarf \u201eihres\u201c Menschen an. Lange Spazierg\u00e4nge m\u00f6gen sie sehr, es braucht jedoch keine Marathonstrecken, um sie gl\u00fccklich zu machen. Havaneser spielen gerne und ausgelassen.<\/p>\n<p>Dabei m\u00f6gen sie Bewegungsspiele wie Agility ganz besonders. Mit ihrer Gelehrigkeit eignen sie sich aber auch f\u00fcr Aktivit\u00e4ten wie das Dog Dancing. In vergangenen Zeiten wurde er auf kleineren Bauernh\u00f6fen sogar als H\u00fctehund eingesetzt. Diese F\u00e4higkeiten blicken noch immer das ein oder andere Mal durch und erweitern das Feld der Besch\u00e4ftigungsm\u00f6glichkeiten, mit dem man den Havaneser gl\u00fccklich machen kann.<\/p>\n<p>Aufgrund ihrer Bewegungsfreude eignen sich Havaneser vornehmlich als Familienhunde. Senioren kann der kleine Wusel auch gl\u00fccklich machen, er sollte dann aber noch immer die M\u00f6glichkeit bekommen, mehrere kleinere Runden am Tag spazieren zu gehen.<\/p>\n<h2>Havaneser stehen gerne im Mittelpunkt<\/h2>\n<p>Hat man einen Havaneser zuhause, dann folgt er einem auf Schritt und Tritt in jede Ecke und jeden Winkel, wobei er stets unaufdringlich bleibt. Er liebt viel Abwechslung und Trubel. Am sch\u00f6nsten ist es f\u00fcr ihn, wenn ihm ganz viele Menschen auf einmal ihre Aufmerksamkeit schenken. Trotz dieser Vorliebe ist der Havaneser anpassungsf\u00e4hig an jede Situation. Beruhigt sich der Haushalt, findet auch er schnell zur Ruhe und kuschelt sich am liebsten dicht an seinen Vierbeiner an.<\/p>\n<h2>Havaneser sind leise<\/h2>\n<p>Im Gegensatz zu vielen anderen Vertretern der kleinen Hunderassen sind Havaneser keine Kl\u00e4ffer. Sie sind aufmerksame Hunde, die ihre Beobachtungen und Emotionen jedoch mehr \u00fcber ihre K\u00f6rpersprache ausdr\u00fccken als \u00fcber Lautgebung. Sie finden immer einen Weg, um sich verst\u00e4ndlich zu machen. Nachbarn werden sich auch in hellh\u00f6rigem Wohnungen nicht durch den Havaneser gest\u00f6rt f\u00fchlen, weshalb sie auch f\u00fcr die Wohnungshaltumg bestens geeignet sind.<\/p>\n<h2>Havaneser haben Humor<\/h2>\n<p>Die kleinen Rabauken sind gewitzt und genie\u00dfen es, herumzutollen und Spa\u00df zu haben. Pfiffig bringen sie dabei ihre Besitzer zum Lachen und am\u00fcsieren nicht selten auch andere Beobachter.<\/p>\n<h2>Havaneser sind gesellig<\/h2>\n<p>Wie Havaneser ihre Menschen lieben, so lieben sie es auch, mit vierbeinigem Spielgef\u00e4hrten Zeit zu verbringen. Sie toben sehr gerne und viel, manchmal k\u00f6nnen sie sich dabei auch sehr wild und dominant verhalten. Trotz dieser manchmal recht aggressiven Spielweisen sind sie im Allgemeinen dennoch sehr folgsam und lassen sich gut zur\u00fcckrufen, da die Treue zu ihrer Familie jede Zuneigung zu anderen Hunden \u00fcberwiegt.<\/p>\n<p>Mit seinen Eigenschaften ist der Havaneser ein liebenswerter und aufmerksamer Gef\u00e4hrte f\u00fcr alt und jung, der sich optimal an seine Gef\u00e4hrten anpasst. Mit seiner Intelligenz, seinem Humor und seiner Lebensfreude ist der kleine Hund eine perfekte Erg\u00e4nzung f\u00fcr jede Familie, die einen treuen und flexiblen Kameraden sucht, der einen auf Schritt und Tritt durch das Leben begleitet.<\/p>\n<h2>Weitere Artikel zu Havaneser Hunden<\/h2>\n<ul>\n<li><a href=\"https:\/\/tierisch-verliebt.de\/magazin\/havaneser-herkunft-geschichte\/\">Der Havaneser, seine Reise nach Kuba und zur\u00fcck<\/a><\/li>\n<li><a href=\"https:\/\/tierisch-verliebt.de\/magazin\/havaneser-pflege\/\">Die Pflege der Havaneser<\/a><\/li>\n<li><a href=\"https:\/\/tierisch-verliebt.de\/magazin\/havaneser-ernaehrung\/\">Havaneser Ern\u00e4hrung &#8211; So f\u00fctterst du optimal<\/a><\/li>\n<li><a href=\"https:\/\/tierisch-verliebt.de\/magazin\/havaneser-geeignete-aktivitaeten\/\">Geeignete Aktivit\u00e4ten &#8211; So h\u00e4lst du deinen Havaneser fit<\/a><\/li>\n<li><a href=\"https:\/\/tierisch-verliebt.de\/magazin\/havaneser-zucht\/\">Havaneser-Hunde &#8211; Zucht &amp; Z\u00fcchter &#8211; Das gilt es zu beachten<\/a><\/li>\n<\/ul>\n","protected":false},"excerpt":{"rendered":"<p>Warum der Havaneser ein wahrer Freund des Menschen ist Schaut man den kleinen Havaneser an, so denken nicht wenige Menschen<\/p>\n","protected":false},"author":2,"featured_media":1678,"parent":0,"menu_order":0,"comment_status":"closed","ping_status":"closed","template":"","meta":{"ngg_post_thumbnail":0,"footnotes":""},"class_list":["post-1677","page","type-page","status-publish","has-post-thumbnail","hentry","comments-off"],"aioseo_notices":[],"_links":{"self":[{"href":"https:\/\/tierisch-verliebt.de\/magazin\/wp-json\/wp\/v2\/pages\/1677","targetHints":{"allow":["GET"]}}],"collection":[{"href":"https:\/\/tierisch-verliebt.de\/magazin\/wp-json\/wp\/v2\/pages"}],"about":[{"href":"https:\/\/tierisch-verliebt.de\/magazin\/wp-json\/wp\/v2\/types\/page"}],"author":[{"embeddable":true,"href":"https:\/\/tierisch-verliebt.de\/magazin\/wp-json\/wp\/v2\/users\/2"}],"replies":[{"embeddable":true,"href":"https:\/\/tierisch-verliebt.de\/magazin\/wp-json\/wp\/v2\/comments?post=1677"}],"version-history":[{"count":5,"href":"https:\/\/tierisch-verliebt.de\/magazin\/wp-json\/wp\/v2\/pages\/1677\/revisions"}],"predecessor-version":[{"id":2556,"href":"https:\/\/tierisch-verliebt.de\/magazin\/wp-json\/wp\/v2\/pages\/1677\/revisions\/2556"}],"wp:featuredmedia":[{"embeddable":true,"href":"https:\/\/tierisch-verliebt.de\/magazin\/wp-json\/wp\/v2\/media\/1678"}],"wp:attachment":[{"href":"https:\/\/tierisch-verliebt.de\/magazin\/wp-json\/wp\/v2\/media?parent=1677"}],"curies":[{"name":"wp","href":"https:\/\/api.w.org\/{rel}","templated":true}]}}