{"id":1611,"date":"2021-10-28T21:12:08","date_gmt":"2021-10-28T19:12:08","guid":{"rendered":"https:\/\/tierisch-verliebt.de\/magazin\/?page_id=1611"},"modified":"2021-12-03T07:38:17","modified_gmt":"2021-12-03T06:38:17","slug":"spinne","status":"publish","type":"page","link":"https:\/\/tierisch-verliebt.de\/magazin\/spinne\/","title":{"rendered":"Spinne als Haustier &#8211; Das ist zu beachten"},"content":{"rendered":"<p>Viele Menschen haben Angst vor Spinnen oder empfinden Ekel vor ihnen. Dabei sind die kleinen J\u00e4ger nicht darauf aus, Menschen Schaden zuzuf\u00fcgen. Sie haben viele Tricks und Jagdmethoden, um Beute in ihre Netze zu locken. Bei ihrer Beute handelt es sich meist um Insekten. Gr\u00f6\u00dfere Spinnen k\u00f6nnen sogar <a href=\"https:\/\/tierisch-verliebt.de\/magazin\/maus\/\">M\u00e4use<\/a> fressen.<\/p>\n<p>Manche Menschen sind von Spinnen so begeistert, dass sie sie sogar als <a href=\"https:\/\/tierisch-verliebt.de\/magazin\/haustiere-fuer-singles\/\">Haustiere<\/a> halten. Bevor Sie eine Spinne als Haustier halten, sollten Sie einiges \u00fcber die Tiere wissen. Auch sollten Sie mit Ihrem Hauswirt abkl\u00e4ren, ob er die Haltung von Spinnen in der Wohnung erlaubt. \u00dcber die Haltung von Giftspinnen gibt es in den Bundesl\u00e4ndern unterschiedliche Vorschriften. Vor dem Kauf einer Spinne sollten Sie sich dar\u00fcber im Detail informieren. Da es viele verschiedene Spinnenarten gibt, gibt es auch ebenso viele Informationen \u00fcber deren Haltung, Pflege und Ern\u00e4hrung. Sie sollten sich im Einzelfall vor der Anschaffung genauestens \u00fcber diese Punkte informieren. Je besser Sie vorab informiert sind, desto besser wird es Ihrer Spinne bei Ihnen ergehen und desto mehr Freude werden Sie mit dem Tier haben.<\/p>\n<h2>Welche Spinnen eignen sich zur Haltung als Haustier?<\/h2>\n<p>Die folgenden Spinnen sind als Haustier beliebt:<\/p>\n<ul>\n<li>Rote Chile-Vogelspinne<\/li>\n<li>Rotfu\u00dfvogelspinne<\/li>\n<li>mexikanische Rotknie Vogelspinne<\/li>\n<\/ul>\n<p>alle anderen Arten von Vogelspinnen. Es gibt etwa 900 verschiedene Arten.<\/p>\n<p>Die rote Chile-Vogelspinne wird f\u00fcnf bis sechs Zentimeter gro\u00df. Sie ist friedlich und robust. Sie w\u00e4chst sehr langsam und frisst l\u00e4ngere Zeit nichts.<\/p>\n<p>Die Rotfu\u00dfvogelspinne ist eine Baumvogelspinne und kann bis zu 15 Jahre alt werden.<\/p>\n<p>Die mexikanische Rotknie-Vogelspinne eignet sich sehr gut f\u00fcr Anf\u00e4nger.<\/p>\n<figure id=\"attachment_1613\" aria-describedby=\"caption-attachment-1613\" style=\"width: 600px\" class=\"wp-caption aligncenter\"><img decoding=\"async\" class=\"wp-image-1613 size-donovan-list-post\" src=\"https:\/\/tierisch-verliebt.de\/magazin\/wp-content\/uploads\/2021\/10\/Vogelspinne-600x450.jpg\" alt=\"mexikanische Rotknie-Vogelspinne\" width=\"600\" height=\"450\" \/><figcaption id=\"caption-attachment-1613\" class=\"wp-caption-text\">mexikanische Rotknie-Vogelspinne<\/figcaption><\/figure>\n<p>Einige weitere Spinnen, die als Haustier gehalten werden k\u00f6nnen sind:<\/p>\n<ul>\n<li>Taranteln (s\u00fcdrussische und apulische Art)<\/li>\n<li>Wolfsspinnen<\/li>\n<li>Springspinnen<\/li>\n<li>Trichterspinnen.<\/li>\n<\/ul>\n<p>Bevor Sie sich entscheiden, eine Spinne anzuschaffen, sollten Sie sich ausgiebig \u00fcber die Haltung informieren. Kontaktieren Sie seri\u00f6se Z\u00fcchter und tauschen Sie sich mit Spinnenhaltern aus. Diese k\u00f6nnen Ihnen von ihren Erfahrungen berichten und Ihnen Tipps geben. Spinnen sind als Haustiere auf Ihre Pflege angewiesen. Eigenen Sie sich so viel Wissen \u00fcber Spinnen an, wie Sie k\u00f6nnen, bevor Sie wirklich ein Tier ins Haus holen.<\/p>\n<p>Wenn Sie sich entschieden haben, eine Spinne anzuschaffen, kaufen Sie Tiere aus Nachzuchten und keine aus der Natur gefangenen Spinnen.<\/p>\n<p>Setzen Sie sich mit dem \u00f6rtlichen Veterin\u00e4ramt in Verbindung und erkundigen Sie sich, ob es an Ihrem Wohnort Auflagen f\u00fcr die Haltung von Spinnen gibt.<\/p>\n<h2>Wesen und Charakter<\/h2>\n<p>Derzeit sind ungef\u00e4hr 30 000 Spinnenarten bekannt und Wissenschaftler glauben, dass noch mehr entdeckt werden. Jede einzelne dieser Spinnenarten hat ein besonderes Aussehen und individuelle Eigenschaften.<\/p>\n<p>Wenn eine Spinne sich angegriffen f\u00fchlt, kann sie bei\u00dfen. Zu den t\u00f6dlichsten Spinnen der Welt geh\u00f6ren die Schwarze Witwe, die Trichternetzspinne, die brasilianische Wanderspinne und die braune Einsiedlerspinne. Das Gift der meisten Spinnen ist in der Regel f\u00fcr Menschen nicht t\u00f6dlich. Einige weibliche Spinnen fressen nach der Kopulation das Spinnenm\u00e4nnchen auf.<\/p>\n<p>An ihre Halter stellen Spinnen eigentlich wenige Anforderungen, solange ihr Terrarium gepflegt wird und sie ausreichend Nahrung zur Verf\u00fcgung haben.<\/p>\n<p>Spinnen m\u00f6chten nicht gerne gest\u00f6rt werden. Daher sollten Sie sie so wenig wie m\u00f6glich anfassen. Beschr\u00e4nken Sie sich lieber auf die Beobachtung. Das kann sehr unterhaltsam sein, denn Spinnen sind interessante Tiere.<\/p>\n<p><img decoding=\"async\" class=\"aligncenter wp-image-1614 size-donovan-list-post\" src=\"https:\/\/tierisch-verliebt.de\/magazin\/wp-content\/uploads\/2021\/10\/Spinne-nahaufnahme-600x450.jpg\" alt=\"Spinne Makro\" width=\"600\" height=\"450\" srcset=\"https:\/\/tierisch-verliebt.de\/magazin\/wp-content\/uploads\/2021\/10\/Spinne-nahaufnahme-600x450.jpg 600w, https:\/\/tierisch-verliebt.de\/magazin\/wp-content\/uploads\/2021\/10\/Spinne-nahaufnahme-300x225.jpg 300w, https:\/\/tierisch-verliebt.de\/magazin\/wp-content\/uploads\/2021\/10\/Spinne-nahaufnahme-1024x768.jpg 1024w, https:\/\/tierisch-verliebt.de\/magazin\/wp-content\/uploads\/2021\/10\/Spinne-nahaufnahme-768x576.jpg 768w, https:\/\/tierisch-verliebt.de\/magazin\/wp-content\/uploads\/2021\/10\/Spinne-nahaufnahme.jpg 1280w\" sizes=\"(max-width: 600px) 100vw, 600px\" \/><\/p>\n<h2>Herkunft &amp; Geschichte<\/h2>\n<p>In der freien Natur kommen Vogelspinnen in tropischen und subtropischen Regionen in Asien, Afrika, Amerika, Australien und in Europa vor. In Europa gibt es sie in Portugal, Spanien und auf der Mittelmeerinsel Zypern. Frei und nat\u00fcrliche lebende Vogelspinnen ern\u00e4hren sich von kleinen V\u00f6geln, Schlangen, Nagetieren, Echsen, Skorpionen und Insekten.<\/p>\n<p>Das Verbreitungsgebiet der s\u00fcdrussischen Tarantel beginnt im Westen Mitteleuropas, wo sie in \u00d6sterreich, Tschechien, der Slowakei, Ungarn und Slowenien gefunden wird. In Osteuropa findet man sie in der Ukraine, in Wei\u00dfrussland und in dem zentralen, dem s\u00fcdlichen und dem \u00f6stlichen europ\u00e4ischen Teil Russlands.<\/p>\n<p>Die apulische Tarantel ist im mittleren und s\u00fcdliche Italien, in Apulien beheimatet.<\/p>\n<p>Die Wolfsspinnen sind von fast ganz Europa \u00fcber die T\u00fcrkei und Kaukasien bis nach S\u00fcdsibirien zu finden<\/p>\n<p>Springspinnen sind mit 4 500 Arten die umfangreichste Familie der Webspinnen und sind weltweit verbreitet mit Schwerpunkt in den Tropen.<\/p>\n<p>Die Familie der Trichterspinnen hat etwa 700 Arten, die auf der ganzen Welt vorkommen, vor allem in feuchten Klimazonen und W\u00e4ldern.<\/p>\n<p>Weltweit gibt es \u00fcber 30 000 Spinnenarten. Sie sind die am wenigsten erforschten Tiere auf der Erde, obwohl es sie schon seit knapp 400 Millionen Jahren gibt. Sie sind auf der ganzen Welt zu finden.<\/p>\n<h2>\u00dcberlegungen vor der Anschaffung<\/h2>\n<p>Vor der Anschaffung einer Spinne zur Haltung in einem Terrarium, sollte man sich wie bei der Anschaffung anderer Haustiere Gedanken machen. Die Haltung einer Spinne k\u00f6nnte bei anderen Familienmitgliedern, Mitbewohnern, Nachbarn usw. zu Unbehagen und sogar Ablehnung f\u00fchren.<\/p>\n<p>Untersch\u00e4tzen Sie nicht den Pflegeaufwand, den eine Spinne ben\u00f6tigt. Ihr Terrarium muss sauber gehalten werden und die Tiere m\u00fcssen gef\u00fcttert werden.<\/p>\n<p>Spinnen sind Raubtiere. Sie jagen, t\u00f6ten und fressen andere Kleintiere wie Insekten, aber auch andere Spinnen. Sie m\u00fcssen bereit sein, die entsprechenden Beutetiere zu besorgen und sie dem Beutetod zuzuf\u00fchren.<\/p>\n<p>Der Platzbedarf einer Spinne richtet sich nach der Lebensweise ihrer Art. Viele Spinnen sind sehr gen\u00fcgsam und k\u00f6nnen sogar in kleinen Dosen ohne Einrichtung lange Zeit erfolgreich gehalten werden. Spinnen, die Netze bauen, haben die gr\u00f6\u00dften Anspr\u00fcche an den Platz. Auch Spinnen, die sich viel bewegen und ihre Beute aktiv jagen, brauchen viel Platz. Zu den Gr\u00f6\u00dfen der Netze k\u00f6nnen Sie sich in der Fachliteratur oder auch im Internet informieren.<\/p>\n<p>Die Einrichtung eines Terrariums sollte sich nach dem nat\u00fcrlichen Lebensraum der Tiere richten. Oft gen\u00fcgt ein Versteck, das Lichtschutz bietet. Bei den meisten Spinnen sollte das Terrarium mindestens einen Zentimeter hoch mit Substrat gef\u00fcllt werden. \u00dcber den Lebensraum der jeweiligen Spinne sollte man sich ebenfalls in Fachliteratur oder im Internet kundig machen.<\/p>\n<p>Die Kosten f\u00fcr die Anschaffung einer Spinne liegen zwischen 50 Cent f\u00fcr ein Jungtier von h\u00e4ufig gez\u00fcchteten Arten und k\u00f6nnen bis zu 500 Euro f\u00fcr ein ausgewachsenes Weibchen einer seltenen Art liegen.<\/p>\n<p>Eine Vogelspinne kostet je nach Art und Gr\u00f6\u00dfe bis zu 200 Euro. Das Terrarium, das die Spinne ben\u00f6tigt, kostet je nach Gr\u00f6\u00dfe zwischen zehn und f\u00fcnfzig Euro.<\/p>\n<p>Au\u00dferdem werden Bodengrund f\u00fcr etwa drei Euro und 15 Liter Rindenmulch f\u00fcr zehn Euro ben\u00f6tigt. Futtertiere sind zu einem Preis von 1,50 bis f\u00fcnf Euro pro Packung erh\u00e4ltlich. Zehn Heuschrecken kosten ungef\u00e4hr zehn Euro.<\/p>\n<p><img decoding=\"async\" class=\"aligncenter wp-image-1615 size-donovan-list-post\" src=\"https:\/\/tierisch-verliebt.de\/magazin\/wp-content\/uploads\/2021\/10\/Tarantel-im-Terrarium-600x450.jpg\" alt=\"Tarantel im Terrarium\" width=\"600\" height=\"450\" \/><\/p>\n<h2>Geeignete Ern\u00e4hrung<\/h2>\n<p>Spinnen ern\u00e4hren sich haupts\u00e4chlich von Insekten. Auf dem Speiseplan der Spinnen geh\u00f6ren Schaben, Grillen, Heuschrecken und Fluginsekten. Gr\u00f6\u00dfere Spinnen k\u00f6nnen sogar M\u00e4use fressen. Die Spinne jagen diese Beutetiere entweder direkt oder fangen sie mithilfe eines Spinnennetzes.<\/p>\n<p>Spinnen injizieren Gift in ihre Beutetiere, die deren gesamtes Innere aufl\u00f6sen. Die Spinne trinkt dann den Inhalt und l\u00e4sst nur die Schale des Insekts \u00fcbrig.<\/p>\n<p>Bevor Sie eine Spinne als Haustier anschaffen, sollten Sie sich genauestens \u00fcber die Erfordernisse der Spinne an Ihre Ern\u00e4hrung informieren.<\/p>\n<p>In Zoofachhandel gibt es eine gro\u00dfe Auswahl an ausgewogener und artgerechter Spinnennahrung. Das Beutetier der Spinne sollte niemals gr\u00f6\u00dfer sein als der Vorderleib der Spinne. Sie sollten nat\u00fcrlich auch wissen, wie oft die Spinne gef\u00fcttert werden muss.<\/p>\n<p>Mit der Zeit gewinnen Sie die notwendige Erfahrung, um absch\u00e4tzen zu k\u00f6nnen, welche Nahrung, wie viel davon und wie oft Ihre Spinne diese ben\u00f6tigt. Auf jeden Fall sollten Sie das Tier immer gut im Auge behalten, damit Sie entsprechend auf Ver\u00e4nderungen reagieren k\u00f6nnen.<\/p>\n<h2>H\u00e4ufig gestellte Fragen<\/h2>\n<p><strong>Was ist die gr\u00f6\u00dfte Spinne auf der Welt?<\/strong><\/p>\n<p>Derzeit gilt &#8220;Heteropoda maxima&#8221; aus S\u00fcdostasien als gr\u00f6\u00dfte Spinne der Welt. Sie wurde in Laos entdeckt\u00a0 und wird als Laotische Riesenkrabbenspinne genannt. Sie hat eine Beinspannweite von\u00a0 35 Zentimetern.<\/p>\n<p><strong>Wie viele Beine hat eine Spinne?<\/strong><\/p>\n<p>Alle Spinnentiere haben acht Beine \u2013 im Unterschied zu den Insekten, die nur sechs Beine\u00a0haben.<\/p>\n<p><strong>Wie viel kostet eine Spinne?<\/strong><\/p>\n<p>Der Preis f\u00fcr g\u00e4ngige Vogelspinnen unterscheidet sich je nach Alter, Geschlecht und Art und liegt zwischen 8 und 100 Euro. \u00a0ein ausgewachsenes Weibchen einer seltenen Art kann auch 500 Euro kosten.<\/p>\n<p><strong>Sind Spinnen pflegeleicht?<\/strong><br \/>\nSpinnen als Haustiere sind zahm, anspruchslos und sehr pflegeleicht. Die Anschaffung und Unterhalt kosten nicht viel,\u00a0 Spinnen brauchen wenig Aufmerksamkeit und passen auch f\u00fcr Menschen, die weder Hund noch Katze halten k\u00f6nnen.<\/p>\n","protected":false},"excerpt":{"rendered":"<p>Viele Menschen haben Angst vor Spinnen oder empfinden Ekel vor ihnen. Dabei sind die kleinen J\u00e4ger nicht darauf aus, Menschen<\/p>\n","protected":false},"author":2,"featured_media":1612,"parent":0,"menu_order":0,"comment_status":"closed","ping_status":"closed","template":"","meta":{"ngg_post_thumbnail":0,"footnotes":""},"class_list":["post-1611","page","type-page","status-publish","has-post-thumbnail","hentry","comments-off"],"aioseo_notices":[],"_links":{"self":[{"href":"https:\/\/tierisch-verliebt.de\/magazin\/wp-json\/wp\/v2\/pages\/1611","targetHints":{"allow":["GET"]}}],"collection":[{"href":"https:\/\/tierisch-verliebt.de\/magazin\/wp-json\/wp\/v2\/pages"}],"about":[{"href":"https:\/\/tierisch-verliebt.de\/magazin\/wp-json\/wp\/v2\/types\/page"}],"author":[{"embeddable":true,"href":"https:\/\/tierisch-verliebt.de\/magazin\/wp-json\/wp\/v2\/users\/2"}],"replies":[{"embeddable":true,"href":"https:\/\/tierisch-verliebt.de\/magazin\/wp-json\/wp\/v2\/comments?post=1611"}],"version-history":[{"count":5,"href":"https:\/\/tierisch-verliebt.de\/magazin\/wp-json\/wp\/v2\/pages\/1611\/revisions"}],"predecessor-version":[{"id":1655,"href":"https:\/\/tierisch-verliebt.de\/magazin\/wp-json\/wp\/v2\/pages\/1611\/revisions\/1655"}],"wp:featuredmedia":[{"embeddable":true,"href":"https:\/\/tierisch-verliebt.de\/magazin\/wp-json\/wp\/v2\/media\/1612"}],"wp:attachment":[{"href":"https:\/\/tierisch-verliebt.de\/magazin\/wp-json\/wp\/v2\/media?parent=1611"}],"curies":[{"name":"wp","href":"https:\/\/api.w.org\/{rel}","templated":true}]}}