{"id":1572,"date":"2021-10-10T20:55:35","date_gmt":"2021-10-10T18:55:35","guid":{"rendered":"https:\/\/tierisch-verliebt.de\/magazin\/?page_id=1572"},"modified":"2023-11-09T15:42:55","modified_gmt":"2023-11-09T14:42:55","slug":"hamster","status":"publish","type":"page","link":"https:\/\/tierisch-verliebt.de\/magazin\/hamster\/","title":{"rendered":"Wie erm\u00f6gliche meinem Hamster ein artgerechtes Leben?"},"content":{"rendered":"<p class=\"text-content\">Zahlreiche Menschen k\u00f6nnen sich f\u00fcr das niedliche Kleintier Hamster begeistern. Ganz egal ob Siam-Hamster, Teddyhamster oder Goldhamster, die niedlichen Nager erfreuen sich allergr\u00f6\u00dfter Beliebtheit bei den Menschen. Bei aller Niedlichkeit sind die kleinen Nager allerdings durchaus anspruchsvolle Tiere. Wenn Sie jedoch einige Tipps und Tricks ber\u00fccksichtigen, k\u00f6nnen Sie den kleinen Tieren ein wunderbar artgerechtes Leben bieten.<\/p>\n<h2 class=\"text-content\">Welche Bed\u00fcrfnisse des Hamsters geh\u00f6ren befriedigt?<\/h2>\n<p class=\"text-content\">Der Hamster als <a href=\"https:\/\/tierisch-verliebt.de\/magazin\/haustiere-fuer-singles\/\">Haustier<\/a> hat noch eine ganze Menge mit seinen Artgenossen aus der freien Wildbahn gemeinsam. Drau\u00dfen in der freien Natur k\u00f6nnen die kleinen Tiere, die ihren Feinden nahezu wehrlos ausgeliefert sind, nur \u00fcberleben, weil sie sehr misstrauisch sind. Eine gesunde Portion des Misstrauens jedem Unbekannten gegen\u00fcber sichert in der freien Natur das \u00dcberleben der kleine Nager.<\/p>\n<p class=\"text-content\">Wenn Sie das schon einmal beherzigen, so k\u00f6nnen Sie sich vorstellen, dass zuallererst einmal gilt, den Hamster nicht sofort in die Hand zu nehmen. Das st\u00e4ndige Hochnehmen des Tieres setzt ihn enormen Stress aus. Dies gilt es zu vermeiden, um dem Hamster ein m\u00f6glichst artgerechtes Ankommen zu erm\u00f6glichen.<\/p>\n<p class=\"text-content\">Nach dem Ankommen k\u00f6nnen Sie versuchen Ihren Hamster mit etwas Futter an die eigene Hand zu gew\u00f6hnen. In der Regel klappt dies mit gen\u00fcgend Zeit und Geduld unproblematisch, sodass eine gute Bindung zu Ihnen als Besitzer entstehen kann. Durch seine Herkunft aus der freien Natur braucht ein jeder Hamster einen sch\u00f6nen Platz ohne Rauch und ohne Zugluft, aber mit regelm\u00e4\u00dfiger frischer Luft.<\/p>\n<p class=\"text-content\">Ein gut strukturierter Alltag hilft auch dem Hamster bei Ihnen zu Hause im K\u00e4fig besser anzukommen und sich zurechtzufinden. Im Allgemeinen gilt, dass Hamster nachtaktiv sind. Die meiste Zeit des Tages verkriechen sich die kleinen Nager in ihren H\u00f6hlen, um den Tag zu verschlafen. Dies gilt es zu ber\u00fccksichtigen, um die kleinen Tiere nicht unn\u00f6tigem Stress auszusetzen.<\/p>\n<p><img decoding=\"async\" class=\"aligncenter wp-image-1574 size-donovan-list-post\" src=\"https:\/\/tierisch-verliebt.de\/magazin\/wp-content\/uploads\/2021\/10\/zwerghamster-600x450.jpg\" alt=\"Zwerghamster\" width=\"600\" height=\"450\"><\/p>\n<h2 class=\"text-content\">Auf welchen Hamster f\u00e4llt die Wahl?<\/h2>\n<p class=\"text-content\">Es gibt zahlreiche Hamsterrassen auf dem Markt. Auch in der Zoohandlung Ihrer Wahl stehen Sie sicherlich vor der schwierigen Entscheidung, welchen Hamster Sie mit in Ihr zu Hause nehmen m\u00f6chten. Der Goldhamster ist der wohl bekannteste aller Hamsterarten. Mit seinen Wildfarben hat wohl ein jedes Kind diese Hamsterart im Kopf, wenn es an die niedlichen Nager denkt.<\/p>\n<p class=\"text-content\">Doch mittlerweile erfreuen sich auch Teddyhamster, Zwerghamster und Siam-Hamster gro\u00dfer Beliebtheit in dem Zuhause zahlreicher Menschen. Die Zwerghamster gelten in den meisten F\u00e4llen als besonders zutraulich und menschenbezogen. Mit etwas M\u00fche ist es problemlos m\u00f6glich mit ihrem Zwerghamster stressfrei zu interagieren.<\/p>\n<p class=\"text-content\">In der Regel gelten m\u00e4nnliche Hamster \u00fcbrigens als umg\u00e4nglicher, als weibliche Hamster. Um \u00dcberz\u00fcchtungen zu vermeiden, sollten Sie sich \u00fcber seri\u00f6se Z\u00fcchter oder \u00fcber seri\u00f6se Zoohandlungen informieren, um dort Ihren Hamster zu erwerben.<\/p>\n<h2 class=\"text-content\">Welcher Hamsterk\u00e4fig ist artgerecht?<\/h2>\n<p class=\"text-content\">Hamster geh\u00f6ren zu den Fluchttieren. Die Tatsache, dass sie keine Feinde mehr zu erwarten haben, die ihnen nach dem Leben trachten, kennen die Nager nat\u00fcrlich nicht. Auch bei Ihnen zu Hause werden die Kleintiere immer zun\u00e4chst versuchen ein sicheres Versteck zu finden und dort zu verweilen. Diesen Instinkt kommt man nur bedingt abtrainiert. Deshalb sollten Sie, wenn sie einen Hamsterk\u00e4fig kaufen darauf achten, dass dieser m\u00f6glichst gro\u00df ist.<\/p>\n<p class=\"text-content\">Je gr\u00f6\u00dfter, desto besser gilt beim Kauf von einem Hamsterk\u00e4fig in jedem Fall. Artgerechte Hamster Haltung ist in einem solchen K\u00e4fig problemlos m\u00f6glich. Mit gen\u00fcgend Versteckm\u00f6glichkeiten und Unterschlupfen wird sich der Hamster bei Ihnen zu Hause sicherlich sehr wohlf\u00fchlen. Ein K\u00e4fig f\u00fcr Ihren Hamster sollte mindestens die Ma\u00dfe 100x50x50 Zentimetern haben. In einem solchen K\u00e4fig sollte Ihr Hamster die M\u00f6glichkeit haben sich auf mehreren Ebenen auszutoben, zu verstecken und zu spielen.<\/p>\n<p class=\"text-content\">Verstecken und Graben geh\u00f6rt genauso zu den nat\u00fcrlichen Verhaltensweisen eines Hamsters wie auch das Bauen von eigenen H\u00f6hlen und G\u00e4ngen. Der K\u00e4fig sollte mit hamstertauglicher Einstreu eingef\u00fcllt werden, die mindestens 20 Zentimeter hoch in den K\u00e4fig eingef\u00fcllt wird. Es empfiehlt sich daher also einen K\u00e4fig mit hohem Rand zu kaufen. In einem solch hoch eingestreuten K\u00e4fig kann der Hamster sich problemlos in der Nacht eigene G\u00e4nge graben und diese bewohnen und bespielen. Auch ein Hamsterrad sollte in keinem K\u00e4fig fehlen. Das Hamsterrad hilft das nat\u00fcrliche Bed\u00fcrfnis nach viel Bewegung zu befriedigen.<\/p>\n<p><img decoding=\"async\" class=\"aligncenter wp-image-1575 size-donovan-list-post\" src=\"https:\/\/tierisch-verliebt.de\/magazin\/wp-content\/uploads\/2021\/10\/Goldhamster-600x450.jpg\" alt=\"Goldhamster\" width=\"600\" height=\"450\"><\/p>\n<h2 class=\"text-content\">Artgerechte F\u00fctterung ist das A und O<\/h2>\n<p class=\"text-content\">Neben einem gut eingerichteten K\u00e4fig ist vor allem die F\u00fctterung wichtig um Ihrem Hamster ein langes, gl\u00fcckliches und gesundes Leben zu erm\u00f6glichen. Zu dem t\u00e4glich frischen Wasser geh\u00f6rt vor allem eine Fertigfuttermischung f\u00fcr Hamster, die Sie in der Zoohandlung erwerben k\u00f6nnen. Mit dieser Futtermischung decken Sie die wichtigsten Vitamine f\u00fcr Ihren Hamster ab, um ein gesundes und m\u00f6glichst langes Leben zu gew\u00e4hrleisten.<\/p>\n<p class=\"text-content\">Neben den 20-30 Euro f\u00fcr den Hamster m\u00fcssen Sie damit rechnen, dass monatlich etwa 15 Euro f\u00fcr Futtermittel und Streu auf Sie an Kosten zukommen. Hinzu kommen die Anschaffungskosten f\u00fcr den K\u00e4fig und den Grundbedarf. Wenn Sie all diese Tipps und Tricks ber\u00fccksichtigen, k\u00f6nnen Sie ganz beruhigt einen Hamster kaufen gehen.<\/p>\n<h2>H\u00e4ufig gestellte Fragen<\/h2>\n<p><strong>Wie viel kostet ein Hamster?<\/strong><\/p>\n<p>Ein Hamster kostet 5-15 Euro je nach der Art. F\u00fcr die Grundausstattung (Einrichtung, K\u00e4fig etc.= werden noch ca. 100 Euro ben\u00f6tigt.<\/p>\n<p><strong>Kann man einen Hamster alleine halten?<\/strong><\/p>\n<p>Im Gegensatz zu <a href=\"https:\/\/tierisch-verliebt.de\/magazin\/kaninchen\/\">Kaninchen<\/a> oder <a href=\"https:\/\/tierisch-verliebt.de\/magazin\/meerschweinchen\/\">Meerschweinchen<\/a> sind Hamster Einzelg\u00e4nger. Man soll diese Nager immer alle im K\u00e4fig halten, sonst kann es zu Konflikten und Bei\u00dfereien kommen.<\/p>\n<p><strong>Sind Hamster nacht- oder tagaktiv?<\/strong><\/p>\n<p>Fast alle Hamster sind nachtaktiv und verlassen ihr Nest erst am Abend. Tags\u00fcber schlafen sie und werden gegen Abend und in der Nacht aktiv.<\/p>\n<p><strong>Was kann ich einem Hamster zum Spielen geben?<\/strong><\/p>\n<p>Wenn du deinen Hamster besch\u00e4ftigen willst, dann soll das Spielzeug in seinem K\u00e4fig nicht fehlen, Das beste Spielzeug f\u00fcr einen Hamster ist aus Holz oder nat\u00fcrlichen Materialien. \u00c4ste, Steine, Leitern, Rutschen, horizontale Drehscheiben, Blument\u00f6pfe aus Ton, Pappr\u00f6hren sind daf\u00fcr bestens geeignet.<\/p>\n","protected":false},"excerpt":{"rendered":"<p>Zahlreiche Menschen k\u00f6nnen sich f\u00fcr das niedliche Kleintier Hamster begeistern. Ganz egal ob Siam-Hamster, Teddyhamster oder Goldhamster, die niedlichen Nager<\/p>\n","protected":false},"author":2,"featured_media":1573,"parent":0,"menu_order":0,"comment_status":"closed","ping_status":"closed","template":"","meta":{"ngg_post_thumbnail":0,"footnotes":""},"class_list":["post-1572","page","type-page","status-publish","has-post-thumbnail","hentry","comments-off"],"aioseo_notices":[],"_links":{"self":[{"href":"https:\/\/tierisch-verliebt.de\/magazin\/wp-json\/wp\/v2\/pages\/1572","targetHints":{"allow":["GET"]}}],"collection":[{"href":"https:\/\/tierisch-verliebt.de\/magazin\/wp-json\/wp\/v2\/pages"}],"about":[{"href":"https:\/\/tierisch-verliebt.de\/magazin\/wp-json\/wp\/v2\/types\/page"}],"author":[{"embeddable":true,"href":"https:\/\/tierisch-verliebt.de\/magazin\/wp-json\/wp\/v2\/users\/2"}],"replies":[{"embeddable":true,"href":"https:\/\/tierisch-verliebt.de\/magazin\/wp-json\/wp\/v2\/comments?post=1572"}],"version-history":[{"count":5,"href":"https:\/\/tierisch-verliebt.de\/magazin\/wp-json\/wp\/v2\/pages\/1572\/revisions"}],"predecessor-version":[{"id":2553,"href":"https:\/\/tierisch-verliebt.de\/magazin\/wp-json\/wp\/v2\/pages\/1572\/revisions\/2553"}],"wp:featuredmedia":[{"embeddable":true,"href":"https:\/\/tierisch-verliebt.de\/magazin\/wp-json\/wp\/v2\/media\/1573"}],"wp:attachment":[{"href":"https:\/\/tierisch-verliebt.de\/magazin\/wp-json\/wp\/v2\/media?parent=1572"}],"curies":[{"name":"wp","href":"https:\/\/api.w.org\/{rel}","templated":true}]}}