{"id":1563,"date":"2021-09-27T08:40:24","date_gmt":"2021-09-27T06:40:24","guid":{"rendered":"https:\/\/tierisch-verliebt.de\/magazin\/?page_id=1563"},"modified":"2023-11-09T15:31:04","modified_gmt":"2023-11-09T14:31:04","slug":"kaninchen","status":"publish","type":"page","link":"https:\/\/tierisch-verliebt.de\/magazin\/kaninchen\/","title":{"rendered":"Kaninchen"},"content":{"rendered":"<p>Kaninchen sind nach <a title=\"Hunderassen\" href=\"https:\/\/tierisch-verliebt.de\/magazin\/hunderassen\/\">Hunden<\/a> und <a title=\"Katzenrassen\" href=\"https:\/\/tierisch-verliebt.de\/magazin\/katzenrassen\/\" rel=\"ugc\">Katzen<\/a> die drittbeliebtesten Haustiere f\u00fcr deutsche Tierhalter. Diese werden gern als bescheidene und pflegeleichte Tiere dargestellt, welche als Spielgef\u00e4hrten f\u00fcr Kinder besonders geeignet sind. Besonders beliebt sind dabei Zwergkaninchen. Auch Rex Kaninchen eignen sich. Bei diesen Tieren handelt es sich um eine Kurzhaarrasse, welche wegen des edlen Fells besonders beliebt ist.<\/p>\n<p>Kaninchen sind generell Fluchttiere, sehr sensibel und leider oft anf\u00e4llig f\u00fcr Krankheiten. Die artgerechte Haltung der Tiere ist daher schwierig und aufw\u00e4ndig. Dies reicht von der Ern\u00e4hrung bis zu den geeigneten Haltungsbedingungen. Viele der Kaninchen werden oftmals un\u00fcberlegt gekauft und fristen daher ein trauriges und langes Dasein in K\u00e4figen.<\/p>\n<p>Die flauschigen Kaninchen sind generell gen\u00fcgsame und intelligente Genossen \u2013 haben jedoch ihre Anspr\u00fcche an eine angemessene Versorgung und Haltung. Hierzu gibt es im Handel viele Tipps f\u00fcr die richtige Pflege der Tiere. So sollten sich die Halter vor einem Kauf \u00fcber das Verhalten, die einzelnen Rassen, geeignete Kost und die erfolgreiche Erziehung der Tiere informieren.<\/p>\n<h2>Wesen und Charakter<\/h2>\n<p>Eines der generellen Bed\u00fcrfnisse der Kaninchen ist der Wunsch nach Kommunikation und Interaktion mit dem Artgenossen. Weder die Halter noch andere Haustiere, wie beispielsweise <a title=\"Das Meerschweinchen und der Mensch\" href=\"https:\/\/tierisch-verliebt.de\/magazin\/meerschweinchen\/\">Meerschweinchen<\/a>, k\u00f6nnen das Bed\u00fcrfnis stillen. Selbst Kinder, die sich jeden Tag mehrere Stunden mit dem Kaninchen besch\u00e4ftigen, werden einen Artgenossen nicht ersetzen k\u00f6nnen. Daher sollte ein Kaninchen nicht allein gehalten werden.<\/p>\n<p>Wer sich f\u00fcr den Kauf eines Kaninchens interessiert, sollte wenigstens zwei oder besser mehr Kaninchen aufnehmen. Wenn es nicht mehr als zwei sein sollen, dann eignet sich bestenfalls ein P\u00e4rchen. Dabei sollte der Rammler kastriert sein. Dies ist wichtig, da weibliche Tiere im Jahr etwa f\u00fcnf bis zehn Mal Nachwuchs bekommen k\u00f6nnen. Eine Kastration verhindert nicht nur eine unerw\u00fcnschte Vermehrung, sondern kann in Kaninchengruppen, in welchen mehrere Rammler leben, auch Revier- und Rangk\u00e4mpfe verhindern.<\/p>\n<h2>\u00dcberlegungen vor der Anschaffung<\/h2>\n<p>Kaninchen leben nicht gerne in zu warmen Umgebungen. Die optimale Temperatur f\u00fcr die Haltung der Tiere betr\u00e4gt 18 Grad Celsius. Kaninchen sind daher f\u00fcr die Au\u00dfenhaltung optimal geeignet. Hierbei muss beachtet werden, dass ein Stall im Winter gut gegen K\u00e4lte und Wind isoliert sein muss. Dies sollte vor der Anschaffung beachtet werden<\/p>\n<p>Kaninchen, die aus bestimmten Gr\u00fcnden wie eine Erkrankung im Winter f\u00fcr einige Tage ins Haus geholt werden, sollten in jenem Winter nicht wieder in das Au\u00dfengehege zur\u00fcck. Die H\u00e4uschen sollten gro\u00df genug sein. Das Kaninchen muss sich hierin ohne Probleme umdrehen k\u00f6nnen. Vor dem Kauf muss ebenfalls beachtet werden, dass je Kaninchen ein H\u00e4uschen vorhanden sollte.<\/p>\n<p>Ebenfalls eignet sich eine Buddelkiste. Der K\u00e4fig sollte zudem aus Naturmaterialien sein und nicht aus Kunststoff. Verschluckte Teile k\u00f6nnen ansonsten schnell zum Tod f\u00fchren. Die N\u00e4pfe und Trinkflaschen sollten jeden Tag mit warmem Wasser ausgesp\u00fclt und die Trinkflaschen zweimal im Jahr ausgetauscht werden. So sollte vor dem Kauf gen\u00fcgend Zeit eingeplant werden.<\/p>\n<h2>Geeignete Ern\u00e4hrung f\u00fcr Kaninchen<\/h2>\n<p>Kaninchen haben die gleiche Verdauung wie wilde Hasen oder Angora Kanicnhen und brauchen daher das gleiche Futter. Diese sind vor allem Wiesenpflanzen, Bl\u00e4tter, Zweige, Bl\u00fcten, Knospen und Wurzel &#8211; so fressen die Tiere alles, was in der Natur w\u00e4chst. Das haupts\u00e4chliche Futter der Kaninchen, das au\u00dfer dem Heu stets verf\u00fcgbar sein sollte, ist abwechslungsreiches Gr\u00fcnfutter.<\/p>\n<p>Im Sommer k\u00f6nnen die Halter dies einfach in der Natur sammeln. So fressen die Tiere L\u00f6wenzahn, B\u00e4renklau, Gr\u00e4ser, oder Spitzwegerich, im Winter k\u00f6nnen Blattgem\u00fcse wie Salat, Kr\u00e4uter oder verschiedene Kohlsorten gef\u00fcttert und zugleich durch Knollengem\u00fcse oder Obst erg\u00e4nzt werden.<\/p>\n<p>Das Wasser wird den Tieren generell in einem Napf gegeben, aus Flaschen trinken Kaninchen nicht so gern, da das Wasser hier nur in Tropfen herauskommt. G\u00e4nzlich ungeeignet f\u00fcr eine Verf\u00fctterung, ist Fertigfutter aus dem Handel. Es gibt lediglich wenige Sorten, die keine Pellets oder \u00c4hnliches enthalten und zweckm\u00e4\u00dfig zusammengesetzt sind.<\/p>\n<p>Kaninchen geh\u00f6ren zu den Herbivoren. Dies bedeutet, sie sind Kr\u00e4uter- und Gr\u00e4serfresser. Getreidehaltige Nahrungsmittel geh\u00f6ren nicht auf den Speiseplan der Tiere. Leider sind die meisten im Fachhandel angebotenen Kaninchenfuttermittel nicht f\u00fcr die Tiere geeignet. Eine solche falsche Ern\u00e4hrung f\u00fcr viele medizinischen Probleme verantwortlich. Dazu geh\u00f6ren vor allem Zahnprobleme, Verfettung oder Verdauungsst\u00f6rungen.<\/p>\n<p><img decoding=\"async\" class=\"aligncenter wp-image-1565 size-large\" src=\"https:\/\/tierisch-verliebt.de\/magazin\/wp-content\/uploads\/2021\/09\/Kaninchenarten-1024x682.jpg\" alt=\"Kaninchenrassen\" width=\"910\" height=\"606\" srcset=\"https:\/\/tierisch-verliebt.de\/magazin\/wp-content\/uploads\/2021\/09\/Kaninchenarten-1024x682.jpg 1024w, https:\/\/tierisch-verliebt.de\/magazin\/wp-content\/uploads\/2021\/09\/Kaninchenarten-300x200.jpg 300w, https:\/\/tierisch-verliebt.de\/magazin\/wp-content\/uploads\/2021\/09\/Kaninchenarten-768x512.jpg 768w, https:\/\/tierisch-verliebt.de\/magazin\/wp-content\/uploads\/2021\/09\/Kaninchenarten.jpg 1280w\" sizes=\"(max-width: 910px) 100vw, 910px\" \/><\/p>\n<h2>Wie pflegeleicht sind Kaninchen?<\/h2>\n<p>Alle Kaninchenrassen sind optimal f\u00fcr die ganzj\u00e4hrige Haltung auf dem Balkon oder im Garten geeignet, k\u00f6nnen jedoch auch in der Innenhaltung sehr gut leben. Wenn die Kaninchen in einem gr\u00f6\u00dferen Gehege mit teilweiser \u00dcberdachung und einer H\u00fctte mit Buddelkiste leben, k\u00f6nnen diese bei jedem Wetter drau\u00dfen gehalten werden.<\/p>\n<p>Sie buddeln ebenso gern im Schnee, grasen selbst im Regen und toben bei jedem Wetter drau\u00dfen herum. Wenn es den Tieren zu kalt oder zu nass ist, gehen diese von alleine zur\u00fcck in den gesch\u00fctzten Bereich.<\/p>\n<p>Die Halter sollten bei jedem Wetter den Auslauf erhalten und die Tiere sollten selbst entscheiden k\u00f6nnen, wo sie sich aufhalten wollen. Von Bedeutung ist, dass sie langsam an die Temperaturen im Au\u00dfenbereich gew\u00f6hnt werden, zum Beispiel. indem sie in den Sommermonaten nach drau\u00dfen gesetzt werden.<\/p>\n<p>Die Tiere sollten im Winter keinesfalls in einen kleinen Stall eingesperrt werden, denn hier vegetieren diese wie in einem K\u00fchlschrank und k\u00f6nnen schnell erfrieren. Kaninchen gelten als Fluchttiere und versuchen daher, nicht aufzufallen und mit der Tiergruppe mitzukommen, auch wenn es den Tieren schon besonders schlecht geht. Wenn sich Zeichen von Krankheiten zeigen, ist die Krankheit meist schon sehr fortgeschritten.<\/p>\n<h2>Die Haltung von Kaninchen<\/h2>\n<p>Neben Schlafh\u00e4uschen und spannenden Gegenst\u00e4nden zum Spielen, Verstecken und Bewegen sollte der Kaninchenstall mit einer Raufe aus Heu und einem Gef\u00e4\u00df f\u00fcr Wasser f\u00fcr die Tiere ausgestattet sein. Wenn die Halter einen zus\u00e4tzlichen Kaninchenk\u00e4fig besitzen, in welchem die Kaninchen am Tage in einem Gehege im Gartenbereich laufen, darf ebenfalls im K\u00e4fig Frischwasser und Heu und nicht fehlen.<\/p>\n<p>Zugleich sollte der Boden des K\u00e4figs mit Zeitungen ausgelegt werden, die diese bei der Reinigung schnell durch eine neue ersetzt werden k\u00f6nnen. \u00dcber die Zeitung streuen die Besitzer einfach eine Schicht Stroh oder Einstreu. Empfehlenswert ist zudem, Zweige oder Wurzeln zum Nagen bereitzulegen. Die Z\u00e4hne der Nagetiere wachsen stetig wieder nach und m\u00fcssen durch das Nage-Bed\u00fcrfnis immer wieder abgenutzt werden.<\/p>\n<p>Kaninchen ben\u00f6tigen generell viel Platz und einen regelm\u00e4\u00dfigen Auslauf. Am besten sollte ein sicheres Gehege im Garten aufgestellt werden. Ansonsten kann in der Wohnung hinreichend Platz bereitgestellt werden. Jedoch kann ein handels\u00fcblicher K\u00e4fig niemals der Lebensraum f\u00fcr die Tiere sein.<\/p>\n<p>Bei einer Innenhaltung muss die Wohnung f\u00fcr den Auslauf sicher gestaltet werden. Sch\u00e4den an M\u00f6beln, Teppichen und dem Inventar sind im Innenraum nicht zu verhindern, denn Urin und Kot werden von Kaninchen zur Markierung des Reviers genutzt.<\/p>\n<h2>Was ist noch zu beachten?<\/h2>\n<p>Die Reinigung des K\u00e4figs ist immer ein gro\u00dfer Zeitaufwand, der t\u00e4glich n\u00f6tig ist. Vor dem Kauf eines Tieres muss garantiert sein, dass die Haltung der Tiere \u00fcber einen langen Zeitraum garantiert ist. Kaninchen sind keine Schmuse-, sondern Fluchttiere und sollten aus diesem Grund niemals auf den Arm genommen werden.<\/p>\n<p>Diese sind zudem d\u00e4mmerungsaktiv und verursachen in K\u00e4fighaltung Nage-, Klopf- und Kratzger\u00e4usche \u2013 vor allem in der Nacht oder am fr\u00fchen Morgen. Ein solches Verhalten muss in der Wohnungshaltung akzeptiert werden. Dies betrifft alle Kaninchenrassen.<\/p>\n<p>Ein sicheres, witterungsgesch\u00fctztes und gro\u00dfes Gehege im Garten ist f\u00fcr eine Gruppe von Kaninchen eine bevorzugte Haltungsm\u00f6glichkeit. Wer die Tiere wohlwollend behandelt und im Au\u00dfengehege einen hinreichend gro\u00dfen Freiraum, artgerechte Besch\u00e4ftigungs- und Lebensm\u00f6glichkeiten bietet, kann sich an ausgeglichenen, zufriedenen und gesunden Tieren erfreuen.<\/p>\n<p>Vor allem muss der Witterungsschutz beachtet werden. Angora Kanicnhen graben sich meistens eine sichere H\u00f6hle unter der Erde \u2013 diesem Bed\u00fcrfnis nach Schutz vor Feinden und vor dem Wetter sollten die Halter gerecht werden und eine ger\u00e4umige Umgebung zur Verf\u00fcgung stellen.<\/p>\n<h2>H\u00e4ufig gestellte Fragen<\/h2>\n<h4><strong>Wie alt werden Kaninchen?<\/strong><\/h4>\n<p>Kaninchen werden circa 8-\u00b4bis 12 Jahre alt, in Ausnahmef\u00e4llen k\u00f6nnen diese schon fr\u00fcher sterben oder viel \u00e4lter werden. Die Lebenserwartung erh\u00f6ht sich, wenn die Tiere artgerecht gehalten und ern\u00e4hrt werden.<\/p>\n<h4><strong>Was fressen Kaninchen am liebsten?<\/strong><\/h4>\n<p>Auf dem Speiseplan von Kaninchen sollten frische Gr\u00e4ser und Wildkr\u00e4uter stehen, sehr gerne essen Kaninchen Gem\u00fcse (Pastinake, Kohl, Salat, M\u00f6hr) und Obst (\u00c4pfel, Birnen, Trauben).<\/p>\n<h4><strong>Wie und wann schlafen Kaninchen?<\/strong><\/h4>\n<p>Da Kaninchen Fluchttiere sind, wechseln sie oft Schlaf- und Wachphasen. Ihr Schlaf ist k\u00fcrzer und leichter als des Menschen. Kaninchen sind d\u00e4mmerungsakriv und schlafen oft w\u00e4hrend des Tages. Ein Kanichen muss ca. 8,5 Stunden schlafen.<\/p>\n<h4><strong>Welche Besonderheiten hat ein Kaninchen?<\/strong><\/h4>\n<p>Die Schneidez\u00e4hne von Kaninchen wachsen ein Leben lang nach. Weibchen und M\u00e4nnchen lassen sich nur schwer unterscheiden. M\u00e4nnliche Tiere bezeichnet man Rammler, die Weibchen nennt man H\u00e4sin.<\/p>\n<h4><strong>Was tun gegen Langeweile bei Kaninchen?<\/strong><\/h4>\n<p>Kaninchen lieben die Abwechslung. In der freien Natur haben sie immer etwas zu tun, deshalb brauchen sie viel Besch\u00e4ftigung. Laufen, springen, graben, buddeln oder knabbern &#8211; Kaninchen bewegen sich und&nbsp;erkunden gern etwas Neues.<\/p>\n<h4><strong>Welches Spielzeug m\u00f6gen Kaninchen?<\/strong><\/h4>\n<p>Kartons mit Papierschnipseln, Papprollen-Kreisel oder k\u00f6nnen stundenlangen Spa\u00df f\u00fcr Kaninchen bereiten.&nbsp; B\u00e4lle aus Plastik und&nbsp;robuste Babyspielzeuge eignen sich auch.<\/p>\n","protected":false},"excerpt":{"rendered":"<p>Kaninchen sind nach Hunden und Katzen die drittbeliebtesten Haustiere f\u00fcr deutsche Tierhalter. Diese werden gern als bescheidene und pflegeleichte Tiere<\/p>\n","protected":false},"author":2,"featured_media":1564,"parent":0,"menu_order":0,"comment_status":"closed","ping_status":"closed","template":"","meta":{"ngg_post_thumbnail":0,"footnotes":""},"class_list":["post-1563","page","type-page","status-publish","has-post-thumbnail","hentry","comments-off"],"aioseo_notices":[],"_links":{"self":[{"href":"https:\/\/tierisch-verliebt.de\/magazin\/wp-json\/wp\/v2\/pages\/1563","targetHints":{"allow":["GET"]}}],"collection":[{"href":"https:\/\/tierisch-verliebt.de\/magazin\/wp-json\/wp\/v2\/pages"}],"about":[{"href":"https:\/\/tierisch-verliebt.de\/magazin\/wp-json\/wp\/v2\/types\/page"}],"author":[{"embeddable":true,"href":"https:\/\/tierisch-verliebt.de\/magazin\/wp-json\/wp\/v2\/users\/2"}],"replies":[{"embeddable":true,"href":"https:\/\/tierisch-verliebt.de\/magazin\/wp-json\/wp\/v2\/comments?post=1563"}],"version-history":[{"count":5,"href":"https:\/\/tierisch-verliebt.de\/magazin\/wp-json\/wp\/v2\/pages\/1563\/revisions"}],"predecessor-version":[{"id":2551,"href":"https:\/\/tierisch-verliebt.de\/magazin\/wp-json\/wp\/v2\/pages\/1563\/revisions\/2551"}],"wp:featuredmedia":[{"embeddable":true,"href":"https:\/\/tierisch-verliebt.de\/magazin\/wp-json\/wp\/v2\/media\/1564"}],"wp:attachment":[{"href":"https:\/\/tierisch-verliebt.de\/magazin\/wp-json\/wp\/v2\/media?parent=1563"}],"curies":[{"name":"wp","href":"https:\/\/api.w.org\/{rel}","templated":true}]}}