{"id":152,"date":"2019-07-02T19:08:35","date_gmt":"2019-07-02T17:08:35","guid":{"rendered":"https:\/\/tierisch-verliebt.de\/magazin\/?page_id=152"},"modified":"2025-05-02T18:39:20","modified_gmt":"2025-05-02T16:39:20","slug":"britisch-kurzhaar","status":"publish","type":"page","link":"https:\/\/tierisch-verliebt.de\/magazin\/britisch-kurzhaar\/","title":{"rendered":"Britisch Kurzhaar &#8211; Die beliebteste Katze"},"content":{"rendered":"<h2>Kurzbeschreibung<\/h2>\n<p>Diese sanftm\u00fctigen Stubentiger haben Katzenliebhaber verschiedenen Z\u00fcchtungen uralter <a href=\"https:\/\/tierisch-verliebt.de\/magazin\/hauskatze\/\">Hauskatzen<\/a> und dem Zufall zu verdanken. Die isolierte Lage, das spezielle Klima und gen\u00fcgend Zeit gab den Katzen von den britischen Inseln die M\u00f6glichkeit, eine ganz besondere Rasse zu werden. Sie wird auch &#8220;<a href=\"https:\/\/tierisch-verliebt.de\/magazin\/britisch-kurzhaar\/\"><strong>British Shorthair<\/strong><\/a>&#8221; (Britisch Kurzhaar) genannt und geh\u00f6rt zu den <a href=\"https:\/\/tierisch-verliebt.de\/magazin\/beliebtesten-katzenrassen\/\">beliebtesten Katzenrassen<\/a> weltweit. In Deutschland belegt sie sogar Platz 1.<\/p>\n\n<h2>Steckbrief<\/h2>\n<p><img decoding=\"async\" alt=\"check\" src=\"https:\/\/tierisch-verliebt.de\/magazin\/wp-content\/uploads\/2019\/06\/check-icon-16.png\"> <strong>Name<\/strong>: Britisch Kurzhaar (Abk\u00fcrzung: BKH)<br \/>\n<img decoding=\"async\" alt=\"check\" src=\"https:\/\/tierisch-verliebt.de\/magazin\/wp-content\/uploads\/2019\/06\/check-icon-16.png\"> <strong>Wissenschaftlicher Name<\/strong>: Felis catus<br \/>\n<img decoding=\"async\" alt=\"check\" src=\"https:\/\/tierisch-verliebt.de\/magazin\/wp-content\/uploads\/2019\/06\/check-icon-16.png\"> <strong>Herkunft<\/strong>: England (Gro\u00dfbritannien)<br \/>\n<img decoding=\"async\" alt=\"check\" src=\"https:\/\/tierisch-verliebt.de\/magazin\/wp-content\/uploads\/2019\/06\/check-icon-16.png\"> <strong>Lebenserwartung<\/strong>: 12 bis 18 Jahre<br \/>\n<img decoding=\"async\" alt=\"check\" src=\"https:\/\/tierisch-verliebt.de\/magazin\/wp-content\/uploads\/2019\/06\/check-icon-16.png\"> <strong>Gewicht<\/strong>: 3 &#8211; 7kg<br \/>\n<img decoding=\"async\" alt=\"check\" src=\"https:\/\/tierisch-verliebt.de\/magazin\/wp-content\/uploads\/2019\/06\/check-icon-16.png\"> <strong>Charakter<\/strong>: ruhig, zufrieden, gen\u00fcgsam, gedultig, entspannt<\/p>\n<h2>Wesen und Charakter<\/h2>\n<p>Sanftm\u00fctig, geduldig, gem\u00fctlich und ruhig \u2013 so bezeichnen die Besitzer ihre Lieblinge. Sie eignen sich hervorragend als Haus- und Wohnungskatzen, die aber durchaus auch ihre Herausforderungen durch Spielen und Toben ben\u00f6tigen. Sie kratzen und bei\u00dfen nicht oft und haben ein dickes Fell \u2013 im w\u00f6rtlichen und sprichw\u00f6rtlichen Sinne &#8211; Familien mit Kindern wissen diese Eigenschaften zu sch\u00e4tzen.<\/p>\n<p>BKH sind meist Einzelg\u00e4nger, die ab und zu die Aufmerksamkeit ihrer Familie suchen \u2013 Fremden gegen\u00fcber ist sie misstrauisch, ihrem Rudel gegen\u00fcber sehr anh\u00e4nglich und verschmust, braucht aber auch ihre Ruhezonen, in die sie sich zur\u00fcck ziehen kann. Sie ist durch fast nichts aus der Ruhe zu bringen und eher die Couchpotatoe unter den Katzen. Den verschiedenen Farbkombinationen sprechen die Besitzer verschiedene <a href=\"https:\/\/tierisch-verliebt.de\/magazin\/britisch-kurzhaar-katze-charakter\/\">Charaktereigenschaften<\/a> zu: Bi-Color-BKH seien temperamentvoll, rote eher anh\u00e4nglich und blaue k\u00fchl-distanziert. BKH sind sehr anpassungsf\u00e4hig.<\/p>\n<h2>Farben und Farbkombinationen bei Britisch Kurzhaar<\/h2>\n<p>Diese Rasse zeichnet sich durch verschiedene Farbkombinationen im Fell und den Augen aus. Die wohl bekanntesten BKH-Vertreter sind das Werbemodel der \u201eSheba-Werbung\u201c, die Grinsekatze aus \u201eAlice im Wunderland\u201c und \u201eDer gestiefelte Kater\u201c aus \u201eShrek\u201c.<\/p>\n<p>Die Britisch Kurzhaar liebt Streichelheiten. Ganz besonders mag sie es am Kopf gekrault zu werden.<br \/>\n<iframe src=\"https:\/\/www.youtube.com\/embed\/DKGbNSLoSe0\" width=\"330\" height=\"315\" frameborder=\"0\" allowfullscreen=\"allowfullscreen\"><\/iframe><\/p>\n<p><strong>Die folgenden Farb- und Musterkombinationen sind f\u00fcr die BKH charakteristisch:<\/strong><\/p>\n<ul class=\"ultv\">\n<li>grau-blaues Fell<\/li>\n<li>graues Fell mit schwarzem Muster, wird in Classic und Spotted Tabby eingeteilt<\/li>\n<\/ul>\n<p><strong>Doch es gibt noch weitere unter Z\u00fcchtern und Liebhabern gern gesehene Kombinationen:<\/strong><\/p>\n<ul class=\"ultv\">\n<li>Seal-point white mit den entsprechenden Farbspielen im Fell<\/li>\n<li>Colour-point-Briten mit meist eisblauen Augen<\/li>\n<li>red-white Harlekin mit meist zwei unterschiedlich gef\u00e4rbten Augen<\/li>\n<li>rot mit leichten Streifen<\/li>\n<li>black-silver tabby mackerel<\/li>\n<\/ul>\n<p>ngg_shortcode_0_placeholderInsgesamt werden etwa 300 Farb- und Musterkombinationen bei den BKH gelistet. Diese werden in die Kategorien Vollfarben, Point und Bi-Color eingeteilt. Dazu ist das Spektrum an Augenfarben interessant: die meisten Silberrarit\u00e4ten haben gr\u00fcne Augen, die Points meist blaue und die g\u00e4ngigste Augenfarbe liegt zwischen kupfer-farben und orange.<\/p>\n<h2>Herkunft und Geschichte von Britisch Kurzhaar<\/h2>\n<p>Diese ungew\u00f6hnlich herrschaftliche Rasse haben wir vermutlich den R\u00f6mern zu verdanken, die die britischen Inseln vor Jahrhunderten bei ihren Eroberungsz\u00fcgen unter den Banner Roms besiedelt haben. Nat\u00fcrlich zogen die Familien und Haustiere mit. So gab es f\u00fcr sie die M\u00f6glichkeit, ein St\u00fcck Heimat in der Fremde zu haben. Die relativ isolierte Lage der Inseln gab der Natur die M\u00f6glichkeit, ein wenig zu experimentieren. Die Hauskatzen blieben unter sich, Wildkatzen gab es auf den Inseln nur wenige. Und Mitte des 19. Jahrhunderts begann man dann, die Katzen auf ihre Eigenschaften und besonderen Farbgebungen zu z\u00fcchten.<\/p>\n<p>Die ersten Exemplare dieser Z\u00fcchtungen wurden 1871 im Christal Palace in London auf einer Ausstellung gezeigt und nach dem gew\u00fcnschten Erfolg auch entsprechend nachgez\u00fcchtet. Aufgrund der Weltkriege wurde ihre Anzahl allerdings stark dezimiert und so mussten weitere Rassen mit einbezogen werden.<\/p>\n<p>Hier waren Perser und Kart\u00e4user in die Z\u00fcchtungen eingebunden, mit dem Ergebnis, dass 1970 der Zuchtverband FIFe (F\u00e9d\u00e9ration International F\u00e9line) aufgrund von Zuchtangleichungen und Auskreuzung verschiedener Eigenschaften Kart\u00e4user und BKH als eine Rasse zusammenfasste. Hierbei hatte man festgelegt, dass alle blauen Vertreter dieser Rasse als Kart\u00e4user und die anderen Farbkombinationen als BKH bezeichnet wurden. Den aufkommenden Protesten nachgebend, wurde diese Entscheidung 1977 wieder aufgehoben.<\/p>\n<p><img decoding=\"async\" class=\"alignnone size-large wp-image-3252\" src=\"https:\/\/tierisch-verliebt.de\/magazin\/wp-content\/uploads\/2025\/05\/Britisch-Kurzhaar-1024x682.jpg\" alt=\"Britisch Kurzhaar\" width=\"910\" height=\"606\" srcset=\"https:\/\/tierisch-verliebt.de\/magazin\/wp-content\/uploads\/2025\/05\/Britisch-Kurzhaar-1024x682.jpg 1024w, https:\/\/tierisch-verliebt.de\/magazin\/wp-content\/uploads\/2025\/05\/Britisch-Kurzhaar-300x200.jpg 300w, https:\/\/tierisch-verliebt.de\/magazin\/wp-content\/uploads\/2025\/05\/Britisch-Kurzhaar-768x512.jpg 768w, https:\/\/tierisch-verliebt.de\/magazin\/wp-content\/uploads\/2025\/05\/Britisch-Kurzhaar.jpg 1280w\" sizes=\"(max-width: 910px) 100vw, 910px\" \/><\/p>\n<h2>Rassemerkmale<\/h2>\n<p>Auch heute werden in verschiedenen Verb\u00e4nden beide Rassen als eine zusammengefasst, dabei ist es gar nicht so schwer, Kart\u00e4user und BKH zu unterscheiden:<\/p>\n<h3>Britisch Kurzhaar<\/h3>\n<ul class=\"ultv\">\n<li>gro\u00dfe und runde Pfoten<\/li>\n<li>muskul\u00f6ser K\u00f6rperbau<\/li>\n<li>kurze Beine<\/li>\n<li>breite Brust<\/li>\n<li>k\u00fcrzerer Schwanz als andere Rassen<\/li>\n<li>gro\u00dfer Kopf<\/li>\n<li>weit auseinander liegende Ohren<\/li>\n<li>gro\u00dfe \u201eKulleraugen\u201c<\/li>\n<li>im Schnitt sind sie nach zwei Jahren ausgewachsen und erreichen dann ein Gewicht zwischen 4 und 8 kg<\/li>\n<li>nicht wasserscheu<\/li>\n<li>neigt zu \u00dcbergewicht<\/li>\n<\/ul>\n<h3>Kart\u00e4user<\/h3>\n<ul class=\"ultv\">\n<li>\u00e4hnelt im K\u00f6rperbau eher einer normalen Hauskatze<\/li>\n<li>bei Katern umranden die Backen den Kopf wie eine Kapuze<\/li>\n<li>trapezf\u00f6rmiger Kopf<\/li>\n<li>hoch angesetzte, aufrecht und eng zusammenstehende Ohren<\/li>\n<li>mandelf\u00f6rmige Augen<\/li>\n<li>intensiv gelbe Augenfarbe<\/li>\n<li>kurzes, einfarbig blau-graues Fell<\/li>\n<\/ul>\n<h2>Geeignete Aktivit\u00e4ten f\u00fcr Britisch Kurzhaar<\/h2>\n<p>Britisch Kurzhaar ist eine eher ruhige Rasse, die die N\u00e4he ihrer Familie sucht, recht verschmust ist und doch auch ihre Auszeiten und R\u00fcckzugsorte braucht. W\u00e4hrend die Jungtiere sich austoben, k\u00f6nnen ausgewachsene BKH zu echten Couchpotatoes mutieren. Sie sind intelligent und wollen gefordert wie gef\u00f6rdert werden.<\/p>\n<p>Wer sich eine BKH zulegt, der sollte sich vorab Gedanken dar\u00fcber machen, ob er sie als Wohnungskatze oder Freil\u00e4ufer halten will. Die Gr\u00f6\u00dfe der Wohnung spielt keine gro\u00dfe Rolle, aber BKH wollen vor allem geistig gefordert werden und so eignet sich ein extra Zimmer f\u00fcr diesen Mitbewohner am Besten f\u00fcr einen Parcours \u00fcber verschiedene Kratzb\u00e4ume und Kletterm\u00f6glichkeiten, Labyrinthe, versteckte Leckerbissen und Versteckm\u00f6glichkeiten f\u00fcr den Stubentiger.<\/p>\n<p>Wenn sich die M\u00f6glichkeit ergibt, geben sie ihr einen Fensterplatz mit Stra\u00dfenblick \u2013 Regentropfen und Schneeflocken z\u00e4hlen, V\u00f6gel und Insekten fangen, Autos und Leute beobachten \u2026 All das sorgt f\u00fcr Unterhaltung ihres tierischen Mitbewohners.<\/p>\n<h2>Ern\u00e4hrung und Pflege<\/h2>\n<h3>Ern\u00e4hrung<\/h3>\n<p>Normalerweise sind BKH recht anspruchslose Fresser \u2013 ob g\u00fcnstiges Discounter-<a href=\"https:\/\/tierisch-verliebt.de\/magazin\/katzenfutter-im-test\/\">Futter<\/a>, selbstgekocht oder teurer Frischfleisch und Frischfisch ist ihr gerade recht. Doch kann die BKH auch anspruchsvoll werden und Ihnen die Krallen zeigen, wenn es ihr nicht gut genug ist. Durch den robusten und gedrungenen K\u00f6rperbau werden besonders die Gelenke beansprucht. Daher sollten sie auf vollwertige und ausgewogene Kost achten.<\/p>\n<p>Da diese Rasse \u00fcberwiegend als Wohnungskatze gehalten wird, kann es passieren, dass sie zu \u00dcbergewicht neigt. Hier die richtige <a href=\"https:\/\/tierisch-verliebt.de\/magazin\/britisch-kurzhaar-ernaehrung\/\">Ern\u00e4hrung<\/a> ist sehr wichtig. Wenn dies der Fall sein sollte, suchen Sie bitte fachm\u00e4nnischen Rat und setzen sich mit Ihrem Tierarzt in Verbindung. Er wird Ihnen hier durch verschiedene Tests m\u00f6gliche Allergien und Krankheitsrisiken aufzeigen und ein entsprechendes Futter bzw. eine entsprechende Di\u00e4t empfehlen.<\/p>\n<h3>Pflege<\/h3>\n<p>Durch das dichte Unterfell haart die Britisch Kurzhaar im Vergleich zu anderen Rassen ziemlich viel. Dennoch braucht ihr Fell relativ wenig Pflege. Um das Verh\u00e4ltnis zwischen Ihnen und Ihrem Stubentiger zu festigen, k\u00f6nnen Sie regelm\u00e4\u00dfiges B\u00fcrsten einmal die Woche einrechnen. W\u00e4hrend des Fellwechsels im Fr\u00fchjahr und Herbst sollten Sie diese Besch\u00e4ftigung auf zwei- bis dreimal die Woche erh\u00f6hen. BKH sind im Normalfall nicht wasserscheu, allerdings sollten sie nicht unbedingt zum Baden gezwungen werden. Sie sind intensiv mit der Fellpflege besch\u00e4ftigt und brauchen vor allem als Stubentiger kein extra Bad.<\/p>\n<p>Wie bei allen Haus- und Wohnungskatzen braucht auch die BKH eine M\u00f6glichkeit, ihre Krallen abzuwetzen. Hier bieten sich verschiedene Kratzb\u00e4ume und Kratzbretter an. Falls Ihre BKH dennoch zu lange Krallen hat, dann k\u00f6nnen Sie diese durch eine geeignete Krallenzange k\u00fcrzen. Bitte achten Sie hierbei darauf, nur die \u00e4u\u00dferen Spitzen der Krallen zu entfernen, da sich unter der Hornhaut Nerven befinden. Wenn Sie sich diese Aufgabe nicht zutrauen, dann wenden Sie sich bitte an Ihren Tierarzt.<\/p>\n<h2>Was macht die Haltung einer Britischen Kurzhaar Katze aus?<\/h2>\n<p>Um seine Katze richtig einzusch\u00e4tzen, sollte man ihr Wesen kennen. Auf dieses kann sich der <a href=\"https:\/\/tierisch-verliebt.de\/magazin\/britisch-kurzhaar-katze-haltung\/\">Halter<\/a> dann leichter einstellen, um die Mitbewohnerin zu finden, mit der er sich am besten ausgleichen kann. Eine lebhafte Katze passt nicht unbedingt zu einem sehr ruhigen Menschen, der sich nicht gerne mit ihr besch\u00e4ftigt. An dieser Stelle kommt die Britische Kurzhaar Katze ins Spiel. Sie ist sanftm\u00fctig und verf\u00fcgt \u00fcber viel Geduld. In fast jeder Situation reagiert sie entsprechend ihrem Wesen gem\u00fctlich bis ruhig. Das bedeutet auch, dass sie selten kratzt oder bei\u00dft. Au\u00dferdem ist sie sehr anpassungsf\u00e4hig.<\/p>\n<h2><img decoding=\"async\" class=\"alignnone size-large wp-image-3253\" src=\"https:\/\/tierisch-verliebt.de\/magazin\/wp-content\/uploads\/2025\/05\/Britisch-Kurzhaar2-1024x683.png\" alt=\"Britisch Kurzhaar2\" width=\"910\" height=\"607\" srcset=\"https:\/\/tierisch-verliebt.de\/magazin\/wp-content\/uploads\/2025\/05\/Britisch-Kurzhaar2-1024x683.png 1024w, https:\/\/tierisch-verliebt.de\/magazin\/wp-content\/uploads\/2025\/05\/Britisch-Kurzhaar2-300x200.png 300w, https:\/\/tierisch-verliebt.de\/magazin\/wp-content\/uploads\/2025\/05\/Britisch-Kurzhaar2-768x512.png 768w, https:\/\/tierisch-verliebt.de\/magazin\/wp-content\/uploads\/2025\/05\/Britisch-Kurzhaar2.png 1536w\" sizes=\"(max-width: 910px) 100vw, 910px\" \/><\/h2>\n<h2>\u00dcberlegungen vor der Anschaffung einer Britisch Kurzhaar<\/h2>\n<p>Rassekatzen sind keine kosteng\u00fcnstige Angelegenheit. Ein Z\u00fcchter kann f\u00fcr eine reinrassige BKH mit gutem <a href=\"https:\/\/tierisch-verliebt.de\/magazin\/stammbaum\/\">Stammbaum<\/a> schon mal seine 500,- \u20ac f\u00fcr ein kleines Fellb\u00fcndel verlangen.<\/p>\n<p>Bedenken Sie bitte weiterhin, dass Sie diesen tierischen Mitbewohner bei guter Pflege und ohne Krankheiten bis zu 18 Jahre an ihrer Seite haben. Er hat Bed\u00fcrfnisse, auf die Sie eingehen m\u00fcssen, er braucht Pflege und Gesellschaft. Wenn Sie beruflich stark eingebunden sind, sollten Sie die Anschaffung einer BKH vielleicht noch einmal \u00fcberdenken. Die Anschaffung f\u00fcr die Ausstattung wie Kratzbaum, K\u00f6rbchen, Spielzeug, Futter und Tierarztkosten k\u00f6nnen monatlich einige hundert Euro betragen.<\/p>\n<p>Beim Z\u00fcchten kann es au\u00dferdem zu Inzucht und damit verbundenen Krankheiten kommen. Verantwortungsbewusste und seri\u00f6se Z\u00fcchter pr\u00fcfen vor dem Z\u00fcchten ihre Tiere auf m\u00f6gliche Krankheiten und Allergien um diese nicht weiterzugeben.<\/p>\n<h2>Die folgenden Krankheiten treten bei Zucht-Katzen h\u00e4ufiger auf und werden vererbt:<\/h2>\n<ul class=\"ultv\">\n<li>hypertrophe Kardiomyopathie<\/li>\n<li>eine krankhafte Verformung des Herzens mit den Symptomen vermehrtes Hecheln nach Anstrengung, erh\u00f6htes Ruhebed\u00fcrfnis, ungew\u00f6hnliche Herzger\u00e4usche und Herzrasen einhergeht<\/li>\n<li>wenn die Krankheit fr\u00fch genug erkannt wird, dann steht Ihrem Liebling mit Medikamenten ein langes und relativ unbeschwertes Katzenleben bevor<\/li>\n<li>geht die Erkrankung mit Trombosen einher, so kann sie eventuell festgestellt werden, wenn L\u00e4hmungserscheinungen auftreten<\/li>\n<li>vorher unauff\u00e4llige Tiere k\u00f6nnen einen pl\u00f6tzlichen Herztod erleiden<\/li>\n<li>Polycystic Kidney Desease (PKD)<\/li>\n<li>hierbei handelt es sich um vermehrt auftretende Zysten an Organen, wobei meist mehrere Organe betroffen sind<\/li>\n<li>tritt am h\u00e4ufigsten bei Perser-Rassen und eingekreuzten Z\u00fcchtungen<\/li>\n<li>diese Erkrankung tritt meist erst bei ausgewachsenen Tieren auf<\/li>\n<\/ul>\n<p>Bevor Sie sich eine <strong>Britisch Kurzhaar<\/strong> nach Hause holen, informieren Sie sich ausf\u00fchrlich \u00fcber die m\u00f6glichen Z\u00fcchter und Verk\u00e4ufer, schauen Sie sich die Tiere und das Zuhause ihres neuen Sch\u00fctzlings genau an. Achten Sie auf Transparenz, Sauberkeit und Hygiene. Sprechen Sie mit den Nachbarn des Z\u00fcchters, anderen K\u00e4ufern und Besitzern \u00fcber ihre Tiere, suchen Sie vertrauensvoll Rat beim Tierarzt oder dem Tierheim um die Ecke.<\/p>\n<ul>\n<li><a href=\"https:\/\/tierisch-verliebt.de\/magazin\/britisch-kurzhaar-katze-haltung\/\">Die Haltung einer Britisch Kurzhaar Katze<\/a><\/li>\n<li><a href=\"https:\/\/tierisch-verliebt.de\/magazin\/britisch-kurzhaar-ernaehrung\/\">Die gesunde Ern\u00e4hrung f\u00fcr Britisch Kurzhaar<\/a><\/li>\n<li><a href=\"https:\/\/tierisch-verliebt.de\/magazin\/britisch-kurzhaar-katze-pflege\/\">Die richtige Pflege f\u00fcr Britisch Kurzhaar<\/a><\/li>\n<li><a href=\"https:\/\/tierisch-verliebt.de\/magazin\/britisch-kurzhaar-katze-charakter\/\">Charakter der Britisch Kurzhaar Katze<\/a><\/li>\n<li><a href=\"https:\/\/tierisch-verliebt.de\/magazin\/britisch-kurzhaar-katze-herkunft\/\">Herkunft von Britisch Kurzhaar Katze<\/a><\/li>\n<\/ul>\n<p>&nbsp;<\/p>\n<h2>FAQ<\/h2>\n<h3 data-start=\"320\" data-end=\"593\">Wie viel Besch\u00e4ftigung braucht eine Britisch Kurzhaar pro Tag?<\/h3>\n<p data-start=\"320\" data-end=\"593\">Die BKH ist zwar gem\u00fctlich, aber keinesfalls langweilig. Ein bis zwei aktive Spieleinheiten t\u00e4glich (z.\u202fB. mit Angel, Ball oder Intelligenzspielzeug) sind ideal, um Langeweile und \u00dcbergewicht vorzubeugen.<\/p>\n<h3 data-start=\"819\" data-end=\"1062\">Wie gut vertr\u00e4gt sich die BKH mit Kindern oder anderen Haustieren?<\/h3>\n<p data-start=\"819\" data-end=\"1062\">Sehr gut! Sie ist geduldig, wenig aggressiv und durch ihre ruhige Art ideal f\u00fcr Familien. Auch mit Hunden kommt sie bei entsprechender Gew\u00f6hnung meist problemlos zurecht.<\/p>\n<h3 data-start=\"1064\" data-end=\"1297\">Ist die Britisch Kurzhaar eine Anf\u00e4nger-Katze?<\/h3>\n<p data-start=\"1064\" data-end=\"1297\">Ja \u2013 sie gilt als besonders unkompliziert, robust, ruhig und pflegeleicht. Wichtig ist jedoch, sich im Vorfeld mit den typischen Rassemerkmalen und Bed\u00fcrfnissen vertraut zu machen.<\/p>\n<h3 data-start=\"1299\" data-end=\"1512\">Wie lange schl\u00e4ft eine Britisch Kurzhaar am Tag?<\/h3>\n<p data-start=\"1299\" data-end=\"1512\">Wie viele Katzen schl\u00e4ft die BKH etwa 12\u201316 Stunden t\u00e4glich \u2013 teils sogar mehr. Sie genie\u00dft ihre Ruhephasen auf weichen, erh\u00f6hten Pl\u00e4tzen mit gutem \u00dcberblick.<\/p>\n<h3 data-start=\"1514\" data-end=\"1701\">Braucht die Britisch Kurzhaar Freigang?<\/h3>\n<p data-start=\"1514\" data-end=\"1701\">Nein. Sie kommt sehr gut mit Wohnungshaltung zurecht \u2013 solange R\u00fcckzugsorte, Kratzb\u00e4ume, Spielm\u00f6glichkeiten und Fensterpl\u00e4tze vorhanden sind.<\/p>\n<h3 data-start=\"1703\" data-end=\"1926\">Wie oft sollte man mit der BKH zum Tierarzt gehen?<\/h3>\n<p data-start=\"1703\" data-end=\"1926\">Mindestens einmal j\u00e4hrlich f\u00fcr Routineuntersuchungen und Impfungen. Bei \u00e4lteren Tieren oder bekannten genetischen Risiken kann eine h\u00e4ufigere Kontrolle sinnvoll sein.<\/p>\n","protected":false},"excerpt":{"rendered":"<p>Kurzbeschreibung Diese sanftm\u00fctigen Stubentiger haben Katzenliebhaber verschiedenen Z\u00fcchtungen uralter Hauskatzen und dem Zufall zu verdanken. Die isolierte Lage, das spezielle<\/p>\n","protected":false},"author":1,"featured_media":157,"parent":0,"menu_order":0,"comment_status":"closed","ping_status":"closed","template":"","meta":{"ngg_post_thumbnail":0,"footnotes":""},"class_list":["post-152","page","type-page","status-publish","has-post-thumbnail","hentry","comments-off"],"aioseo_notices":[],"_links":{"self":[{"href":"https:\/\/tierisch-verliebt.de\/magazin\/wp-json\/wp\/v2\/pages\/152","targetHints":{"allow":["GET"]}}],"collection":[{"href":"https:\/\/tierisch-verliebt.de\/magazin\/wp-json\/wp\/v2\/pages"}],"about":[{"href":"https:\/\/tierisch-verliebt.de\/magazin\/wp-json\/wp\/v2\/types\/page"}],"author":[{"embeddable":true,"href":"https:\/\/tierisch-verliebt.de\/magazin\/wp-json\/wp\/v2\/users\/1"}],"replies":[{"embeddable":true,"href":"https:\/\/tierisch-verliebt.de\/magazin\/wp-json\/wp\/v2\/comments?post=152"}],"version-history":[{"count":5,"href":"https:\/\/tierisch-verliebt.de\/magazin\/wp-json\/wp\/v2\/pages\/152\/revisions"}],"predecessor-version":[{"id":3254,"href":"https:\/\/tierisch-verliebt.de\/magazin\/wp-json\/wp\/v2\/pages\/152\/revisions\/3254"}],"wp:featuredmedia":[{"embeddable":true,"href":"https:\/\/tierisch-verliebt.de\/magazin\/wp-json\/wp\/v2\/media\/157"}],"wp:attachment":[{"href":"https:\/\/tierisch-verliebt.de\/magazin\/wp-json\/wp\/v2\/media?parent=152"}],"curies":[{"name":"wp","href":"https:\/\/api.w.org\/{rel}","templated":true}]}}