{"id":1472,"date":"2020-12-17T12:19:17","date_gmt":"2020-12-17T11:19:17","guid":{"rendered":"https:\/\/tierisch-verliebt.de\/magazin\/?page_id=1472"},"modified":"2025-02-24T14:51:10","modified_gmt":"2025-02-24T13:51:10","slug":"tosa-inu","status":"publish","type":"page","link":"https:\/\/tierisch-verliebt.de\/magazin\/tosa-inu\/","title":{"rendered":"Tosa Inu &#8211; Der tapfere Riese"},"content":{"rendered":"<p>Die japanische Hunderasse Tosa Inu geh\u00f6rt zu den seltensten Rassen der Welt. Die tapfere Riese Tosa Inus sind auch die letzte Rasse, die noch offiziell f\u00fcr Hundek\u00e4mpfe eingesetzt wird. Ausdauer, Tapferkeit und Gelassenheit beschreiben den Charakter des Riesen. Sein zuk\u00fcnftiges Herrchen bzw. Frauchen sollte starke und erfahrene H\u00e4nde haben.&nbsp;<\/p>\n\n<h2>Steckbrief<\/h2>\n<p><img decoding=\"async\" class=\"size-full wp-image-2403 alignright\" src=\"https:\/\/tierisch-verliebt.de\/magazin\/wp-content\/uploads\/2023\/08\/Tosa-Inu-1.jpg\" alt=\"Tosa Inu\" width=\"266\" height=\"214\" srcset=\"https:\/\/tierisch-verliebt.de\/magazin\/wp-content\/uploads\/2023\/08\/Tosa-Inu-1.jpg 266w, https:\/\/tierisch-verliebt.de\/magazin\/wp-content\/uploads\/2023\/08\/Tosa-Inu-1-100x80.jpg 100w\" sizes=\"(max-width: 266px) 100vw, 266px\" \/><\/p>\n<p><img decoding=\"async\" alt=\"check\" src=\"https:\/\/tierisch-verliebt.de\/magazin\/wp-content\/uploads\/2019\/06\/check-icon-16.png\"> <strong>Lebenserwartung:<\/strong> 10 &#8211; 12 Jahre<br \/>\n<img decoding=\"async\" alt=\"check\" src=\"https:\/\/tierisch-verliebt.de\/magazin\/wp-content\/uploads\/2019\/06\/check-icon-16.png\"> <strong>Gewicht:<\/strong> 50 bis 70 kg<br \/>\n<img decoding=\"async\" alt=\"check\" src=\"https:\/\/tierisch-verliebt.de\/magazin\/wp-content\/uploads\/2019\/06\/check-icon-16.png\"> <strong>Widerristh\u00f6he:<\/strong> 60 bis 70 cm<br \/>\n<img decoding=\"async\" alt=\"check\" src=\"https:\/\/tierisch-verliebt.de\/magazin\/wp-content\/uploads\/2019\/06\/check-icon-16.png\"> <strong>Charakter:<\/strong> ruhig, gutm\u00fctig, treu, eigenwillig<br \/>\n<img decoding=\"async\" alt=\"check\" src=\"https:\/\/tierisch-verliebt.de\/magazin\/wp-content\/uploads\/2019\/06\/check-icon-16.png\"> <strong>Farben:<\/strong> Rot, Schwarz, Falb, Apricot oder gestromt<br \/>\n<img decoding=\"async\" alt=\"check\" src=\"https:\/\/tierisch-verliebt.de\/magazin\/wp-content\/uploads\/2019\/06\/check-icon-16.png\"> <strong>FCI-Gruppe:<\/strong> <a href=\"https:\/\/tierisch-verliebt.de\/magazin\/fci-gruppen\/\">FCI-Gruppe 2<\/a><br \/>\n<img decoding=\"async\" alt=\"check\" src=\"https:\/\/tierisch-verliebt.de\/magazin\/wp-content\/uploads\/2019\/06\/check-icon-16.png\"> <strong>Kosten:<\/strong> Zwischen 1.500 &amp; 2.000 Euro<\/p>\n<h2>Wesen und Charakter<\/h2>\n<p>Wer die fast majest\u00e4tische Ausstrahlung des Tosa Inu sieht, denkt nicht sofort an einen stillen und sensiblen Hund. Doch das geh\u00f6rt zu seinen Charaktereigenschaften, ebenso wie Mut, Selbstbewusstsein und Unerschrockenheit. Mit etwas Abstand beobachtet er, was um ihn herum geschieht. Bleibt dabei aber ganz entspannt, wird nicht nerv\u00f6s oder gar aggressiv.<\/p>\n<p>Er ist ein guter <a href=\"https:\/\/tierisch-verliebt.de\/magazin\/schutzhunde\/\">Wachhund<\/a> und Besch\u00fctzer, ist aber auch dabei die Ruhe selbst, wildes und lautes Bellen ist nicht seine Art. Lautes oder aggressives Verhalten hat er auch nicht n\u00f6tig, seine muskul\u00f6se Statur, gepaart mit seiner Gr\u00f6\u00dfe und seinem Gewicht sind schon beeindruckend genug.<\/p>\n<p>In einigen L\u00e4ndern steht er <a title=\"Listenhunde \u2013 Diese Hunde werden in Deutschland als gef\u00e4hrlich eingestuft\" href=\"https:\/\/tierisch-verliebt.de\/magazin\/listenhunde\/\">auf der Liste f\u00fcr gef\u00e4hrlich Rassen<\/a>, trotzdem braucht man vor ihm keine Angst zu haben. Er wird nie grundlos aggressiv oder gar blutr\u00fcnstig. Er bewahrt stets eine h\u00f6fliche Distanz zu Fremden und genauso sollte man sich ihm gegen\u00fcber auch verhalten. Er wird nicht gerne einfach so angefasst, es ist ihm unangenehm von Fremden ber\u00fchrt zu werden. Konsequent erzogen und sozialisiert ist er ein anh\u00e4nglicher Familienhund, der seiner Familie gegen\u00fcber treu und sensibel ist. Mit Kindern geht er geduldig und liebevoll um.<\/p>\n<h2>Herkunft &amp; Geschichte<\/h2>\n<p>Es handelt sich beim Tosa Inu nicht um eine reine Rasse. Die Rasse entstand durch Kreuzungen des japanischen Shikoku Ken mit westlichen Hunden. Als Ende des 19. Jahrhunderts langsam die Moderne in Japan einkehrte, kamen auch immer mehr Ausl\u00e4nder ins Land und somit auch neue Hunderassen.<\/p>\n<p>Zu dieser Zeit hatte auch der tradionelle Hundekampf seine Bl\u00fctezeit in Japan und man wollte einen einheimischen und \u00fcberlegenen Hund genau daf\u00fcr z\u00fcchten. Die westlichen Rassen waren gr\u00f6\u00dfer, kampffreudiger und beharrlicher als die japanischen. So kam es 1872 erstmals zur Kreuzung des Shikoku Ken mit einer Bulldogge. Des Weiteren wurde mit einem <a href=\"https:\/\/tierisch-verliebt.de\/magazin\/mastiff\/\">Mastiff<\/a> (1897) und mit einem deutschen Vorstehhund (1876) gekreuzt. Auch <a href=\"https:\/\/tierisch-verliebt.de\/magazin\/bullterrier\/\">Bullterrier<\/a> und <a href=\"https:\/\/tierisch-verliebt.de\/magazin\/bernhardiner\/\">Bernhardiner<\/a> sollen an der Entstehung der Tosa-Rasse beteiligt gewesen sein.<\/p>\n<p>Das Zuchtziel war klar definiert als Suche nach dem idealen Kampfhund, doch gab es vorerst keine planm\u00e4\u00dfige Zucht. In den 20er Jahren wurden gezielt westliche Hunde importiert, so dass 1924 durch die Kreuzung mit einer <a href=\"https:\/\/tierisch-verliebt.de\/magazin\/deutsche-dogge\/\">Deutschen Dogge<\/a> ein erster Erfolg erzielt wurde. 1964 wurde die neue Hunderasse erstmals anerkannt. Tosa Inu bedeutet Hund aus Tosa und in Tosa wurde damals mit den ersten Zuchtversuchen begonnen.<\/p>\n<p>Als einzige Hunderasse wurde der Tosa ausschlie\u00dflich f\u00fcr Hundek\u00e4mpfe gez\u00fcchtet und wird auch noch heute daf\u00fcr eingesetzt. Wobei die urspr\u00fcnglichen K\u00e4mpfe des 14. Jahrhunderts nicht etwa brutal und blutig abliefen sondern eher wie ein Ringkampf, in dem der Gegner nur mit den L\u00e4ufen oder dem K\u00f6rper zu Fall gebracht wurde. Wenn der Hund sich aggressiv verhielt, wurde er disqualifiziert. Die Abl\u00e4ufe der Hundek\u00e4mpfe sind in Japan auch heute noch so.<\/p>\n<p><img decoding=\"async\" class=\"alignnone size-large wp-image-1473\" src=\"https:\/\/tierisch-verliebt.de\/magazin\/wp-content\/uploads\/2020\/12\/Tosa-Inu-e1608203945137-1024x663.jpg\" alt=\"Tosa Inu\" width=\"910\" height=\"589\" srcset=\"https:\/\/tierisch-verliebt.de\/magazin\/wp-content\/uploads\/2020\/12\/Tosa-Inu-e1608203945137-1024x663.jpg 1024w, https:\/\/tierisch-verliebt.de\/magazin\/wp-content\/uploads\/2020\/12\/Tosa-Inu-e1608203945137-300x194.jpg 300w, https:\/\/tierisch-verliebt.de\/magazin\/wp-content\/uploads\/2020\/12\/Tosa-Inu-e1608203945137-768x497.jpg 768w, https:\/\/tierisch-verliebt.de\/magazin\/wp-content\/uploads\/2020\/12\/Tosa-Inu-e1608203945137.jpg 1171w\" sizes=\"(max-width: 910px) 100vw, 910px\" \/><\/p>\n<h2>\u00dcberlegungen vor der Anschaffung<\/h2>\n<p>Zun\u00e4chst einmal steht der Tosa Inu in vielen europ\u00e4ischen L\u00e4ndern auf der Liste der gef\u00e4hrlichen Hunde. Man sollte sich also im Vorfeld \u00fcber die geltenden Auflagen in seinem Heimatland informieren. Auch w\u00e4re es m\u00f6glich, dass man mit diesem Hund nicht in jedem Urlaubsland erw\u00fcnscht ist.<\/p>\n<p>Der Tosa braucht reichlich Auslauf und Platz. Drau\u00dfen sollte man ihn an der Leine f\u00fchren, also sollte man k\u00f6rperlich dazu in der Lage sein, ihn auch halten zu k\u00f6nnen. Anderen Hunden und speziell R\u00fcden begegnet er nicht immer freundlich. Am besten hat er schon als Welpe Kontakt zu vielen anderen Hunden.<\/p>\n<p>Konsequenz in der <a href=\"https:\/\/tierisch-verliebt.de\/magazin\/hunderziehung-grundlegendes\/\">Erziehung<\/a> und eine intensive Sozialisation sind unumg\u00e4nglich. Ratsam ist es, eine Welpenschule und anschlie\u00dfend eine Hundeschule zu besuchen sowie die Begleithundepr\u00fcfung abzulegen. Nat\u00fcrlich kostet ein Hund, je gr\u00f6\u00dfer er ist, auch dementsprechend Geld.<\/p>\n<p>Seine Pflege ist problemlos. Das kurze <a href=\"https:\/\/tierisch-verliebt.de\/magazin\/pflege-von-fell-und-zaehnen-des-hundes\/\">Fell<\/a> sollte einfach regelm\u00e4\u00dfig geb\u00fcrstet werden. Typische Krankheiten sind bei dieser Rasse nicht bekannt, gesundheitlich ist der Tosa sehr robust. Probleme mit den H\u00fcftgelenken k\u00f6nnten allerdings auftreten, wie aber bei fast allen mittelgro\u00dfen bis gro\u00dfen Hunden.<\/p>\n<p>W\u00e4hrend der Tosa Inu w\u00e4chst sollte man ihn nicht \u00fcberlasten, also keine langen L\u00e4ufe oder Treppen steigen. Eine lohnende Anschaffung ist eine weiche Hundedecke. Vom Liegen auf harten Untergrund w\u00fcrde er sonst Schwielen bekommen.<\/p>\n<h2>Geeignete Aktivit\u00e4ten<\/h2>\n<p>Der Tosa ist ziemlich anspruchslos, was Aktivit\u00e4ten und Bespa\u00dfung angeht. Er braucht nat\u00fcrlich, seiner Gr\u00f6\u00dfe entsprechend,ausreichend Bewegung. Jeden Tag ein paar gr\u00f6\u00dfere Runden zu gehen, reicht ihm v\u00f6llig. Er begleitet Herrchen oder Frauchen nat\u00fcrlich auch gerne auf ihren Joggingrunden oder Fahrrad-Ausfl\u00fcgen.<\/p>\n<h2>Rassemerkmale<\/h2>\n<p>Geduld und Gelassenheit zeichnen diese Rasse aus. Gleichzeitig ist der Tosa Inu aber auch unerschrocken und mutig. Diese Merkmale f\u00fchren zu seinem besch\u00fctzenden Wesen. Tats\u00e4chlich findet man eine \u00c4hnlichkeit zur Mentalit\u00e4t der Japaner. Des Weiteren stehen sich sein zur\u00fcckhaltendes Wesen und sein Stolz sowie eine gewisse Dickk\u00f6pfigkeit und gro\u00dfes Selbstbewusstsein gegen\u00fcber.<\/p>\n<p><img decoding=\"async\" class=\"alignnone size-large wp-image-1881\" src=\"https:\/\/tierisch-verliebt.de\/magazin\/wp-content\/uploads\/2023\/02\/Insektenproteine-in-Hundefutter-1024x682.jpg\" alt=\"Insektenproteine in Hundefutter\" width=\"910\" height=\"606\" srcset=\"https:\/\/tierisch-verliebt.de\/magazin\/wp-content\/uploads\/2023\/02\/Insektenproteine-in-Hundefutter-1024x682.jpg 1024w, https:\/\/tierisch-verliebt.de\/magazin\/wp-content\/uploads\/2023\/02\/Insektenproteine-in-Hundefutter-300x200.jpg 300w, https:\/\/tierisch-verliebt.de\/magazin\/wp-content\/uploads\/2023\/02\/Insektenproteine-in-Hundefutter-768x512.jpg 768w, https:\/\/tierisch-verliebt.de\/magazin\/wp-content\/uploads\/2023\/02\/Insektenproteine-in-Hundefutter.jpg 1280w\" sizes=\"(max-width: 910px) 100vw, 910px\" \/><\/p>\n<h2>Geeignete Ern\u00e4hrung<\/h2>\n<p>Ein Tosa Inu Welpe sollte energiereiche <a href=\"https:\/\/tierisch-verliebt.de\/magazin\/havaneser-ernaehrung\/\">Nahrung<\/a> bekommen. Im Alter von 6 Monaten sollte dieses allerdings nach und nach reduziert werden, damit er nicht zu schnell w\u00e4chst. Ein zu schnelles Wachstum k\u00f6nnte zu Problemen mit dem H\u00fcftgelenk f\u00fchren.<\/p>\n<p>Ansonsten ist der Hund keine besonderer Feinschmecker. Er mag Fleisch und Fisch, im rohen oder gekochten Zustand und sowohl nass als auch trocken. Leider neigt der Tosa dazu, leicht Fett anzusetzen, weshalb man auf die richtige Futtermenge und -zusammensetzung achten sollte. Am besten bespricht man sich mit einem Tierarzt zu diesem Thema. Durchschnittlich braucht ein ausgewachsener R\u00fcde etwa 1,5 bis 2 kg Fleisch und 500 g Gem\u00fcse.<\/p>\n<p>Frisches Trinkwasser sollte jederzeit bereit stehen. Da der Tosa viel sabbert, sollte das Wasser regelm\u00e4\u00dfig gewechselt werden, um Bakterienbildung zu vermeiden.<\/p>\n<h2 data-pm-slice=\"1 1 []\">FAQ`s<\/h2>\n<h3>Ist ein Tosa Inu in Deutschland erlaubt?<\/h3>\n<p>Der Tosa Inu z\u00e4hlt in einigen Bundesl\u00e4ndern Deutschlands zu den sogenannten Listenhunden, was bedeutet, dass seine Haltung strengen Auflagen unterliegt. Diese Auflagen k\u00f6nnen von einer Leinen- und Maulkorbpflicht bis hin zu einem Haltungsverbot reichen. Die genauen Regelungen variieren je nach Bundesland. Wer einen Tosa Inu halten m\u00f6chte, sollte sich daher vorab bei der zust\u00e4ndigen Beh\u00f6rde informieren. In vielen F\u00e4llen ist ein Wesenstest erforderlich, um nachzuweisen, dass der Hund keine Gefahr f\u00fcr die \u00d6ffentlichkeit darstellt.<\/p>\n<h3>Wie hoch sind die durchschnittlichen Kosten f\u00fcr einen Tosa Inu?<\/h3>\n<p>Die Kosten f\u00fcr einen Tosa Inu k\u00f6nnen stark variieren, abh\u00e4ngig davon, ob der Hund von einem seri\u00f6sen Z\u00fcchter oder aus dem Tierschutz kommt. F\u00fcr einen reinrassigen Welpen von einem anerkannten Z\u00fcchter liegen die Anschaffungskosten in der Regel zwischen 1.500 und 3.000 Euro. Zus\u00e4tzlich fallen laufende Kosten an, wie:<\/p>\n<ul>\n<li>Futter: 80\u2013150 Euro pro Monat (je nach Gr\u00f6\u00dfe und Qualit\u00e4t des Futters)<\/li>\n<li>Tierarztkosten: Regelm\u00e4\u00dfige Impfungen, Entwurmungen und Gesundheitschecks (ca. 200\u2013500 Euro j\u00e4hrlich)<\/li>\n<li>Versicherung: Hundehaftpflicht und ggf. Hundehaltersteuer (je nach Bundesland unterschiedlich, ca. 50\u2013200 Euro j\u00e4hrlich)<\/li>\n<li>Zubeh\u00f6r: Leinen, Hundebett, Spielzeug und Pflegeprodukte (initial ca. 200\u2013300 Euro)<\/li>\n<\/ul>\n<p><span style=\"font-size: 1.125rem;\">Langfristig sollte man auch R\u00fccklagen f\u00fcr unvorhergesehene Tierarztkosten einplanen, da gr\u00f6\u00dfere Hunde wie der Tosa Inu bei gesundheitlichen Problemen teure Behandlungen ben\u00f6tigen k\u00f6nnten.<\/span><\/p>\n<h3>Wie reagiert der Tosa Inu auf andere Hunde und Haustiere?<\/h3>\n<p>Der Tosa Inu ist ein selbstbewusster und charakterstarker Hund, der urspr\u00fcnglich als Kampfhund gez\u00fcchtet wurde. Dies kann dazu f\u00fchren, dass er gegen\u00fcber anderen Hunden ein dominantes Verhalten zeigt, insbesondere gegen\u00fcber gleichgeschlechtlichen Artgenossen. Eine fr\u00fche und konsequente Sozialisation ist entscheidend, um sicherzustellen, dass der Tosa Inu gut mit anderen Hunden auskommt.<\/p>\n<p>Bei anderen Haustieren, wie Katzen oder Kleintieren, h\u00e4ngt sein Verhalten stark von seiner Sozialisierung und Erziehung ab. Wenn der Tosa Inu bereits als Welpe an andere Tiere gew\u00f6hnt wird, kann er lernen, friedlich mit ihnen zusammenzuleben. Ohne eine entsprechende Gew\u00f6hnung k\u00f6nnte sein nat\u00fcrlicher Jagdtrieb oder ein dominantes Verhalten problematisch werden.<\/p>\n<p>Wichtig ist, dass der Halter \u00fcber ausreichend Erfahrung und F\u00fchrungskompetenz verf\u00fcgt, um den Tosa Inu in solchen Situationen sicher zu leiten. Mit der richtigen Erziehung und viel Geduld kann er ein sozial vertr\u00e4glicher Begleiter sein.<\/p>\n<h3>Welche gesundheitlichen Probleme sind beim Tosa Inu h\u00e4ufig?<\/h3>\n<p>Der Tosa Inu ist grunds\u00e4tzlich eine robuste Hunderasse, doch wie viele gro\u00dfe und schwere Hunde ist er anf\u00e4llig f\u00fcr bestimmte gesundheitliche Probleme. Zu den h\u00e4ufigsten z\u00e4hlen:<\/p>\n<ul>\n<li>H\u00fcftgelenksdysplasie (HD):<\/li>\n<\/ul>\n<p>Eine Fehlbildung des H\u00fcftgelenks, die Schmerzen und Bewegungseinschr\u00e4nkungen verursachen kann. Regelm\u00e4\u00dfige Bewegung ohne \u00dcberbelastung und ein gesundes K\u00f6rpergewicht k\u00f6nnen helfen, das Risiko zu reduzieren.<\/p>\n<ul>\n<li>Magendrehung:<\/li>\n<\/ul>\n<p>Aufgrund seiner Gr\u00f6\u00dfe besteht ein erh\u00f6htes Risiko f\u00fcr eine Magendrehung, eine lebensbedrohliche Erkrankung, bei der sich der Magen um seine Achse dreht. Um dem vorzubeugen, sollte der Hund mehrere kleine Mahlzeiten pro Tag erhalten und direkt nach dem Fressen Ruhepausen einhalten.<\/p>\n<ul>\n<li>Ellbogendysplasie (ED):<\/li>\n<\/ul>\n<p>Eineine Entwicklungsst\u00f6rung der Ellbogengelenke, die zu Lahmheit und Schmerzen f\u00fchren kann. Regelm\u00e4\u00dfige tier\u00e4rztliche Kontrollen sind wichtig, um diese Erkrankung fr\u00fchzeitig zu erkennen.<\/p>\n<ul>\n<li>Herzerkrankungen:<\/li>\n<\/ul>\n<p>Einige Tosa Inu k\u00f6nnen zu Herzproblemen wie dilatativer Kardiomyopathie (DCM) neigen, einer Erkrankung, bei der das Herz vergr\u00f6\u00dfert und geschw\u00e4cht ist. Regelm\u00e4\u00dfige Untersuchungen beim Tierarzt helfen, dies fr\u00fchzeitig zu diagnostizieren.<\/p>\n<ul>\n<li>Hautprobleme:<\/li>\n<\/ul>\n<p>Aufgrund ihrer Faltenbildung k\u00f6nnen Tosa Inu anf\u00e4llig f\u00fcr Hautreizungen und Infektionen sein, insbesondere in warmen und feuchten Bereichen des K\u00f6rpers. Eine sorgf\u00e4ltige Pflege und Reinigung der Hautfalten ist wichtig.<\/p>\n<ul>\n<li>Gelenk- und Knochenprobleme:<\/li>\n<\/ul>\n<p>Durch das hohe Gewicht k\u00f6nnen sich im Alter Verschlei\u00dferscheinungen wie Arthrose entwickeln. Eine ausgewogene Ern\u00e4hrung mit Gelenkn\u00e4hrstoffen und eine moderate Bewegung k\u00f6nnen pr\u00e4ventiv wirken.<\/p>\n<ul>\n<li>Krebs:<\/li>\n<\/ul>\n<p>Wie bei vielen gro\u00dfen Hunderassen besteht auch beim Tosa Inu ein erh\u00f6htes Risiko f\u00fcr bestimmte Krebserkrankungen, insbesondere im h\u00f6heren Alter.<\/p>\n<ul>\n<li>Vorbeugung und Pflege:<\/li>\n<\/ul>\n<p>Eine gesunde Ern\u00e4hrung, regelm\u00e4\u00dfige Bewegung ohne \u00dcberbelastung, tier\u00e4rztliche Vorsorgeuntersuchungen und ein gutes Ma\u00df an Pflege k\u00f6nnen dazu beitragen, das Risiko dieser gesundheitlichen Probleme zu minimieren und dem Tosa Inu ein langes, gesundes Leben zu erm\u00f6glichen. Wer einen Welpen kauft, sollte darauf achten, dass die Elterntiere auf rassetypische Erkrankungen untersucht wurden.<\/p>\n","protected":false},"excerpt":{"rendered":"<p>Die japanische Hunderasse Tosa Inu geh\u00f6rt zu den seltensten Rassen der Welt. Die tapfere Riese Tosa Inus sind auch die<\/p>\n","protected":false},"author":2,"featured_media":2404,"parent":0,"menu_order":0,"comment_status":"closed","ping_status":"closed","template":"","meta":{"ngg_post_thumbnail":0,"footnotes":""},"class_list":["post-1472","page","type-page","status-publish","has-post-thumbnail","hentry","comments-off"],"aioseo_notices":[],"_links":{"self":[{"href":"https:\/\/tierisch-verliebt.de\/magazin\/wp-json\/wp\/v2\/pages\/1472","targetHints":{"allow":["GET"]}}],"collection":[{"href":"https:\/\/tierisch-verliebt.de\/magazin\/wp-json\/wp\/v2\/pages"}],"about":[{"href":"https:\/\/tierisch-verliebt.de\/magazin\/wp-json\/wp\/v2\/types\/page"}],"author":[{"embeddable":true,"href":"https:\/\/tierisch-verliebt.de\/magazin\/wp-json\/wp\/v2\/users\/2"}],"replies":[{"embeddable":true,"href":"https:\/\/tierisch-verliebt.de\/magazin\/wp-json\/wp\/v2\/comments?post=1472"}],"version-history":[{"count":5,"href":"https:\/\/tierisch-verliebt.de\/magazin\/wp-json\/wp\/v2\/pages\/1472\/revisions"}],"predecessor-version":[{"id":2405,"href":"https:\/\/tierisch-verliebt.de\/magazin\/wp-json\/wp\/v2\/pages\/1472\/revisions\/2405"}],"wp:featuredmedia":[{"embeddable":true,"href":"https:\/\/tierisch-verliebt.de\/magazin\/wp-json\/wp\/v2\/media\/2404"}],"wp:attachment":[{"href":"https:\/\/tierisch-verliebt.de\/magazin\/wp-json\/wp\/v2\/media?parent=1472"}],"curies":[{"name":"wp","href":"https:\/\/api.w.org\/{rel}","templated":true}]}}