{"id":1433,"date":"2020-11-29T17:09:50","date_gmt":"2020-11-29T16:09:50","guid":{"rendered":"https:\/\/tierisch-verliebt.de\/magazin\/?page_id=1433"},"modified":"2025-01-14T19:33:19","modified_gmt":"2025-01-14T18:33:19","slug":"staffordshire-bullterrier","status":"publish","type":"page","link":"https:\/\/tierisch-verliebt.de\/magazin\/staffordshire-bullterrier\/","title":{"rendered":"Staffordshire Bullterrier &#8211; Das Portrait"},"content":{"rendered":"<p>Der Staffordshire Bullterrier hat generell viele Gesichter. F\u00fcr die einen Hundehalter ist er ein liebevoller Familienhund und f\u00fcr andere geh\u00f6rt dieser zu den gef\u00e4hrlichen Kampfhunden. In jedem Fall kann der Staffordshire Bullterrier zu einem Hundepartner f\u00fcrs Leben und f\u00fcr die Familie werden. Hier nun das vollst\u00e4ndige Portrait zu dieser Rasse.<\/p>\n\n<h2>Steckbrief<\/h2>\n<p><img decoding=\"async\" alt=\"check\" src=\"https:\/\/tierisch-verliebt.de\/magazin\/wp-content\/uploads\/2019\/06\/check-icon-16.png\"> <strong>Lebenserwartung:<\/strong> 12 bis 14 Jahre<br \/>\n<img decoding=\"async\" alt=\"check\" src=\"https:\/\/tierisch-verliebt.de\/magazin\/wp-content\/uploads\/2019\/06\/check-icon-16.png\"> <strong>Gewicht:<\/strong> 11 bis 17 kg<br \/>\n<img decoding=\"async\" alt=\"check\" src=\"https:\/\/tierisch-verliebt.de\/magazin\/wp-content\/uploads\/2019\/06\/check-icon-16.png\"> <strong>Widerristh\u00f6he:<\/strong> 35,5 bis 40,5 cm<br \/>\n<img decoding=\"async\" alt=\"check\" src=\"https:\/\/tierisch-verliebt.de\/magazin\/wp-content\/uploads\/2019\/06\/check-icon-16.png\"> <strong>Charakter:<\/strong> selbstbewusst, intelligent, wachsam, unerschrocken<br \/>\n<img decoding=\"async\" alt=\"check\" src=\"https:\/\/tierisch-verliebt.de\/magazin\/wp-content\/uploads\/2019\/06\/check-icon-16.png\"> <strong>Farben:<\/strong> rot, wei\u00df, schwarz, gelblich, blau oder gestromt<br \/>\n<img decoding=\"async\" alt=\"check\" src=\"https:\/\/tierisch-verliebt.de\/magazin\/wp-content\/uploads\/2019\/06\/check-icon-16.png\"> <strong>FCI-Gruppe:<\/strong> <a href=\"https:\/\/tierisch-verliebt.de\/magazin\/fci-gruppen\/\">FCI-Gruppe 3<\/a><br \/>\n<img decoding=\"async\" alt=\"check\" src=\"https:\/\/tierisch-verliebt.de\/magazin\/wp-content\/uploads\/2019\/06\/check-icon-16.png\"> <strong>Kosten:<\/strong> Zwischen 900 &amp; 1.200 Euro<\/p>\n<h2>Wesen und Charakter<\/h2>\n<p>Der Staffordshire Bullterrier ist ein intellektueller und vor allem mutiger Hund, der zu Menschen freundlich und zugeneigt ist. Bei den Engl\u00e4ndern wird der Hund aufgrund dieser Eigenschaften auch \u201eNanny Dog\u201c oder \u201eBabysitter Dog\u201c genannt. In diesem Land geh\u00f6rt er zu den f\u00fcnf h\u00e4ufigsten Rassen. Der Hund ist seiner Bezugsperson ergeben, kann jedoch bei falscher Erziehung besonders dominant auftreten.<\/p>\n<p>Zu fremden Menschen zeigt er Misstrauen und er geht Streit mit anderen Hunden fast nie aus dem Weg. Der charakteristische <a href=\"https:\/\/tierisch-verliebt.de\/magazin\/schutzhunde\/\">Schutz<\/a>&#8211; und Wachtrieb erfordert bei dem Tier eine konsequente <a href=\"https:\/\/tierisch-verliebt.de\/magazin\/hunderziehung-grundlegendes\/\">Erziehung<\/a>. So kann der Staffordshire Bullterrier mit einer hinreichenden Sozialisierung sowie einem liebevollem Umgang ein guter Familienhund werden, welcher mit anderen Haustieren ebenfalls gut zurechtkommt.<\/p>\n<p><img decoding=\"async\" class=\"alignnone size-large wp-image-2391\" src=\"https:\/\/tierisch-verliebt.de\/magazin\/wp-content\/uploads\/2023\/08\/staffordshire-bullterrier-1-1024x682.jpg\" alt=\"staffordshire bullterrier\" width=\"910\" height=\"606\" srcset=\"https:\/\/tierisch-verliebt.de\/magazin\/wp-content\/uploads\/2023\/08\/staffordshire-bullterrier-1-1024x682.jpg 1024w, https:\/\/tierisch-verliebt.de\/magazin\/wp-content\/uploads\/2023\/08\/staffordshire-bullterrier-1-300x200.jpg 300w, https:\/\/tierisch-verliebt.de\/magazin\/wp-content\/uploads\/2023\/08\/staffordshire-bullterrier-1-768x512.jpg 768w, https:\/\/tierisch-verliebt.de\/magazin\/wp-content\/uploads\/2023\/08\/staffordshire-bullterrier-1.jpg 1280w\" sizes=\"(max-width: 910px) 100vw, 910px\" \/><\/p>\n<h2>Herkunft und Geschichte<\/h2>\n<p>Der \u201eBull and Terrier\u201c gilt als Vorfahre des heute bekannten Staffordshire Bullterriers, der bereits vor 250 Jahren in England kultiviert wurde. Diese bulligen und kleinen Hunde hatten die St\u00e4rke und die Hartn\u00e4ckigkeit eines <a href=\"https:\/\/tierisch-verliebt.de\/magazin\/pitbull-terrier\/\">Pit Bulls<\/a> sowie den Mut eines <a title=\"Portrait zur Hunderasse der Terrier\" href=\"https:\/\/tierisch-verliebt.de\/magazin\/terrier\/\">Terriers<\/a>. Diese lebten mit den Bergarbeitern in kleineren Arbeiterwohnungen, wo sie <a href=\"https:\/\/tierisch-verliebt.de\/magazin\/ratte\/\">Ratten<\/a> ermordeten.<\/p>\n<p>Aus dieser Rattenjagd entwickelte sich der heute brutale Erwerbskampf des \u201eRattenbei\u00dfens\u201c, bei welchem jener Hund gewinnt, der in kurzer Zeit die meisten Ratten erledigte. Einige Zeit sp\u00e4ter mussten sie auch Hundek\u00e4mpfe in Arenen austragen. So waren diese aggressiven Hunde Statussymbole der Arbeiterklasse sowie zugleich eine gewinnbringende M\u00f6glichkeit das Einkommen aufzubessern.<\/p>\n<p>Als im Jahre 1835 Hundek\u00e4mpfe in Gro\u00dfbritannien verboten wurden, konzentrierte sich die Hundezucht vermehrt auf die Familie. 1935 wurde die Rasse vom Kennel Club erprobt. Der Name \u201eStaffordshire\u201c entstammt vom Herkunftsort in England, um diesem vom Pit Bull Terrier aus Amerika abzugrenzen. Seit Juni 1987 z\u00e4hlt die Rasse zu der FCI-Gruppe 3 und wird gleichzeitig zur Sektion 3 \u201eBullartige Terrier\u201c zugeordnet. Zudem ist der Bullterrier in Deutschland recht selten zu finden, da diesem der Ruf des brutalen \u201eKampfhundes\u201c gegeben ist.<\/p>\n<h2>\u00dcberlegungen vor der Anschaffung<\/h2>\n<p>Wer sich nun einen Staffordshire Bullterrier zu Hause halten m\u00f6chte, dem sollte bewusst sein, dass es sich um einen <a title=\"Listenhunde \u2013 Diese Hunde werden in Deutschland als gef\u00e4hrlich eingestuft\" href=\"https:\/\/tierisch-verliebt.de\/magazin\/listenhunde\/\">Listenhund <\/a>handelt. Bereist als Welpe ben\u00f6tigt dieser Hund sehr viel Aufmerksamkeit und zugleich eine liebevolle Erziehung, die zugleich streng sein muss. Eine gute Hundeerfahrung ist f\u00fcr den Staffordshire Bullterrier unerl\u00e4sslich. Die Zucht dieser Rasse ist in viele Bundesl\u00e4ndern heute verboten sowie auch der Import nach Deutschland.<\/p>\n<p>Seri\u00f6se Z\u00fcchter finden sich nur in Sachsen, Th\u00fcringen, Sachsen-Anhalt, Niedersachsen oder in Berlin. Auf keinen Fall sollten sich Hundehalter einen W\u00fchltischwelpen aus Polen oder Osteuropa kaufen, da diese zumeist krank oder verhaltensgest\u00f6rt sind. F\u00fcr einen gesunden Welpen dieser Rasse vom Z\u00fcchter kannmit einem Preis von etwa 1000 Euro gerechnet werden.<\/p>\n<p>Wen nun nicht so viel Geld ausgeben m\u00f6chte und auch bereits Erfahrung mit Hunden mitbringt, findet im Tierheim oft Staffordshire Bullterrier. Bei der Farbe des Tieres hat der Halter in jedem Fall die Qual der Wahl zwischen vielen Farbt\u00f6nen. Es gibt den Staffordshire Bullterrier in rot, wei\u00df, schwarz, gelblich und blau oder gestromt.<\/p>\n<p>Wer sich nun einen Staffbull kauft, ist f\u00fcr etwa 12 bis 14 Jahre an diesen Hund gebunden und solltet ihm daher ein liebevolles Zuhause geben k\u00f6nnen. Wichtig ist, dass der Staffordshire an den richtigen Halter ger\u00e4t. Bei liebevoller und zugleich konsequenter Erziehung kann er sich zu einem besonders freundlichen und zuverl\u00e4ssigen Begleithund entwickeln, welcher sich vor allem im Umgang mit Kindern als besonders verschmust und sanft zeigt.<\/p>\n<p>Der Hund liebt einen sehr engen Familienanschluss und sucht stets wieder die N\u00e4he zu den Menschen. Von einer Haltung im Zwinger sollte unbedingt Abstand genommen werden.<\/p>\n<p><img decoding=\"async\" class=\"alignnone size-large wp-image-2390\" src=\"https:\/\/tierisch-verliebt.de\/magazin\/wp-content\/uploads\/2023\/08\/staffordshire-bullterrier-2-1024x682.jpg\" alt=\"staffordshire bullterrier\" width=\"910\" height=\"606\" srcset=\"https:\/\/tierisch-verliebt.de\/magazin\/wp-content\/uploads\/2023\/08\/staffordshire-bullterrier-2-1024x682.jpg 1024w, https:\/\/tierisch-verliebt.de\/magazin\/wp-content\/uploads\/2023\/08\/staffordshire-bullterrier-2-300x200.jpg 300w, https:\/\/tierisch-verliebt.de\/magazin\/wp-content\/uploads\/2023\/08\/staffordshire-bullterrier-2-768x512.jpg 768w, https:\/\/tierisch-verliebt.de\/magazin\/wp-content\/uploads\/2023\/08\/staffordshire-bullterrier-2.jpg 1280w\" sizes=\"(max-width: 910px) 100vw, 910px\" \/><\/p>\n<h2>Geeignete Aktivit\u00e4ten<\/h2>\n<p>Der Staffordshire Bullterrier ist generell ein temperamentvoller und aktiver Hund, der ausreichend Bewegung braucht. Je mehr er sich drau\u00dfen austoben kann, umso friedlicher erlebt der Halter ihn Zuhause. So eignen sich t\u00e4gliche Spazierg\u00e4nge sehr gut, welche bei einer guten Erziehung ohne Stress ablaufen k\u00f6nnen. Auch f\u00fcr den Sport l\u00e4sst sich dieser Hund gut begeistern.<\/p>\n<p>Aktivit\u00e4ten, bei denen jeder Staffbull sehr gut mit von der Partie ist, ist der Hundesport Agility. Das Springen und Laufen in einem Parcours ist eine gute Herausforderung f\u00fcr den Hund und st\u00e4rkt vor allem die Bindung zwischen Halter und Tier. Am geeignetsten ist f\u00fcr den Staffordshire ein Haus mit einem Garten und hinreichend Auslauf geeignet, denn in einer engen Wohnung in der Stadt kann er nicht gl\u00fccklich werden.<\/p>\n<h2>Rassemerkmale<\/h2>\n<p>Der Staffordshire Bullterrier ist ein ziemlich kleiner Hund, welche eine maximale Gr\u00f6\u00dfe von etwa 40 Zentimeter erreichen kann und bis zu 17 Kilogramm wiegt. Trotz der Gr\u00f6\u00dfe wirkt er kr\u00e4ftig und massiv, was an seinem muskul\u00f6sen K\u00f6rper liegt. So zeichnen sich die Muskeln des Staffordshire Bullterriers deutlich unter dem glatten und kurzen Fell ab.<\/p>\n<p>Von der Farbe her gibt es keine Einschr\u00e4nkungen und so gibt es einfarbig wei\u00dfe, rote, blaue und auch schwarze Terrier, zweifarbige oder in einer Schattierung gestromte Tiere. Rassetypisch ist hier der keilf\u00f6rmige und breite Kopf mit gekippten Ohren und und einem kr\u00e4ftigem Kiefer. Von den Anverwandten, dem <a title=\"American Staffordshire \u2013 Das Portrait\" href=\"https:\/\/tierisch-verliebt.de\/magazin\/american-staffordshire\/\">American Staffordshire Terrier<\/a>, unterscheidet sich dieser Bullterrier durch die geringere Gr\u00f6\u00dfe.<\/p>\n<p>Dem hartn\u00e4ckigen und mutigen Hund wird eine hohe Zuverl\u00e4ssigkeit und Kinderfreundlichkeit zugesprochen. Dieser gilt zudem als intelligent, unerschrocken und liebevoll. In England ist er dieser heute einer der beliebtesten Hunde in Familien und wird dort zudem als Rettungshund verwendet. Die geringe Reizschwelle und das schnelle Reagieren auf angriffslustige Stimmungen erfordern ein kluges Frauchen oder Herrchen, die mit dem freundlichen und sensiblen Wesen von Anfang der Erziehung an umgehen k\u00f6nnen.<\/p>\n<h2><img decoding=\"async\" class=\"alignnone size-large wp-image-1881\" src=\"https:\/\/tierisch-verliebt.de\/magazin\/wp-content\/uploads\/2023\/02\/Insektenproteine-in-Hundefutter-1024x682.jpg\" alt=\"Insektenproteine in Hundefutter\" width=\"910\" height=\"606\" srcset=\"https:\/\/tierisch-verliebt.de\/magazin\/wp-content\/uploads\/2023\/02\/Insektenproteine-in-Hundefutter-1024x682.jpg 1024w, https:\/\/tierisch-verliebt.de\/magazin\/wp-content\/uploads\/2023\/02\/Insektenproteine-in-Hundefutter-300x200.jpg 300w, https:\/\/tierisch-verliebt.de\/magazin\/wp-content\/uploads\/2023\/02\/Insektenproteine-in-Hundefutter-768x512.jpg 768w, https:\/\/tierisch-verliebt.de\/magazin\/wp-content\/uploads\/2023\/02\/Insektenproteine-in-Hundefutter.jpg 1280w\" sizes=\"(max-width: 910px) 100vw, 910px\" \/><\/h2>\n<h2>Geeignete Ern\u00e4hrung<\/h2>\n<p>Eine ausgewogene und gesunde <a href=\"https:\/\/tierisch-verliebt.de\/magazin\/havaneser-ernaehrung\/\">Ern\u00e4hrung<\/a> bildet das Fundament f\u00fcr ein langes Leben des Staffordshire Bullterriers. Das Tier mit hochwertigem Futter zu versorgen, ist deshalb in jedem Fall ein Muss. Ob der Hund mit Trocken-, Nassfutter oder BARF gef\u00fcttert wird, spielt hierbei jedoch keine Rolle. Bedeutend ist nur, dass das <a href=\"https:\/\/tierisch-verliebt.de\/magazin\/insektenproteine-in-hundefutter\/\">Futter<\/a> frei von Konservierungs- und Farbstoffen und Zucker ist sowie einen hohen Fleischanteil besitzt.<\/p>\n<p>Der Staffordshire Bullterrier ist von Natur aus ein schwer wirkender und bulliger Hund. \u00dcbergewicht sollte in jedem Fall bei dieser Hunderasse vermieden werden, vor allem auch, da es die teils sehr empfindliche Skelettmuskulatur es Hundes schwer belasten w\u00fcrde.<\/p>\n<h2 data-pm-slice=\"1 1 []\">FAQ`s<\/h2>\n<h3>Sind Staffordshire Bullterrier f\u00fcr Familien mit Kindern geeignet?<\/h3>\n<p><img decoding=\"async\" class=\"alignnone size-full wp-image-2859\" src=\"https:\/\/tierisch-verliebt.de\/magazin\/wp-content\/uploads\/2025\/01\/Staffordshire-Bullterrier-mit-Kindern.webp\" alt=\"\" width=\"1024\" height=\"1024\" srcset=\"https:\/\/tierisch-verliebt.de\/magazin\/wp-content\/uploads\/2025\/01\/Staffordshire-Bullterrier-mit-Kindern.webp 1024w, https:\/\/tierisch-verliebt.de\/magazin\/wp-content\/uploads\/2025\/01\/Staffordshire-Bullterrier-mit-Kindern-300x300.webp 300w, https:\/\/tierisch-verliebt.de\/magazin\/wp-content\/uploads\/2025\/01\/Staffordshire-Bullterrier-mit-Kindern-150x150.webp 150w, https:\/\/tierisch-verliebt.de\/magazin\/wp-content\/uploads\/2025\/01\/Staffordshire-Bullterrier-mit-Kindern-768x768.webp 768w\" sizes=\"(max-width: 1024px) 100vw, 1024px\" \/><\/p>\n<p>Ja, Staffordshire Bullterrier gelten als ausgesprochen kinderfreundliche Hunde. Sie werden oft als &#8220;Nanny Dogs&#8221; bezeichnet, da sie besonders geduldig, liebevoll und besch\u00fctzend gegen\u00fcber Kindern sind. Trotz ihrer liebevollen Art ist es wichtig, dass sowohl der Hund als auch die Kinder lernen, respektvoll miteinander umzugehen. Kinder sollten den Hund niemals bedr\u00e4ngen oder grob behandeln, und der Hund sollte gut sozialisiert sein, um eine harmonische Beziehung zu f\u00f6rdern.<\/p>\n<p>Wie bei jeder Hunderasse gilt: Die Interaktion zwischen Hund und kleinen Kindern sollte immer beaufsichtigt werden, um Missverst\u00e4ndnisse oder unbeabsichtigte Zwischenf\u00e4lle zu vermeiden. Mit der richtigen Erziehung und einem liebevollen Umgang ist der Staffordshire Bullterrier ein gro\u00dfartiger Familienhund.<\/p>\n<h3>Gibt es gesundheitliche Probleme, die bei dieser Rasse h\u00e4ufig auftreten?<\/h3>\n<p>Staffordshire Bullterrier sind generell robuste Hunde, dennoch gibt es einige gesundheitliche Probleme, die bei dieser Rasse h\u00e4ufiger auftreten k\u00f6nnen. Dazu geh\u00f6ren:<\/p>\n<ul>\n<li>H\u00fcftdysplasie: Eine Fehlbildung des H\u00fcftgelenks, die zu Schmerzen und Bewegungseinschr\u00e4nkungen f\u00fchren kann.<\/li>\n<li>Katarakte: Eine Tr\u00fcbung der Augenlinse, die das Sehverm\u00f6gen beeintr\u00e4chtigt und unbehandelt zur Erblindung f\u00fchren kann.<\/li>\n<li>Allergien: Einige Staffordshire Bullterrier neigen zu Hautallergien oder Futtermittelunvertr\u00e4glichkeiten, die sich durch Juckreiz oder Hautreizungen \u00e4u\u00dfern.<\/li>\n<li>L-2-Hydroxyglutaric-Aciduria (L2HGA): Eine genetische Stoffwechselerkrankung, die neurologische Symptome wie Muskelzittern oder Krampfanf\u00e4lle verursachen kann. Seri\u00f6se Z\u00fcchter testen ihre Tiere darauf.<\/li>\n<li>Patellaluxation: Ein Problem, bei dem die Kniescheibe aus ihrer Position rutscht, was Schmerzen und Lahmheit verursachen kann.<\/li>\n<\/ul>\n<p>Um gesundheitliche Probleme zu minimieren, ist es wichtig, einen Staffordshire Bullterrier von einem seri\u00f6sen Z\u00fcchter zu kaufen, der auf genetische Tests und die Gesundheit der Elterntiere achtet. Regelm\u00e4\u00dfige tier\u00e4rztliche Untersuchungen, eine ausgewogene Ern\u00e4hrung und ausreichend Bewegung tragen ebenfalls zur Gesundheit des Hundes bei.<\/p>\n<h3>Kommen Staffordshire Bullterrier gut mit anderen Haustieren aus?<\/h3>\n<p>Ob Staffordshire Bullterrier gut mit anderen Haustieren auskommen, h\u00e4ngt stark von ihrer Sozialisierung, Erziehung und den individuellen Erfahrungen des Hundes ab. Staffordshire Bullterrier wurden urspr\u00fcnglich als Arbeitshunde gez\u00fcchtet, was bedeutet, dass sie manchmal eine gewisse Tendenz zum Jagd- oder Beutetrieb zeigen k\u00f6nnen.<br \/>\nPositive Faktoren:<\/p>\n<ul>\n<li>Fr\u00fche Sozialisierung: Wenn der Hund von klein auf an andere Haustiere gew\u00f6hnt wird, stehen die Chancen gut, dass er friedlich mit ihnen zusammenlebt.<\/li>\n<li>Gute Erziehung: Konsequente, positive Erziehung hilft, m\u00f6gliche Konflikte zu minimieren.<\/li>\n<\/ul>\n<p>M\u00f6gliche Herausforderungen:<\/p>\n<ul>\n<li>Dominanzverhalten: In einigen F\u00e4llen k\u00f6nnen Staffordshire Bullterrier dominante Z\u00fcge zeigen, besonders gegen\u00fcber anderen Hunden des gleichen Geschlechts.<\/li>\n<li>Beutetrieb: Bei kleineren Haustieren wie Katzen, Kaninchen oder Nagetieren ist Vorsicht geboten, da der Beutetrieb manchmal ausgepr\u00e4gt sein kann.<\/li>\n<\/ul>\n<p><span style=\"font-size: 1.125rem;\">Tipps f\u00fcr ein harmonisches Zusammenleben:<\/span><\/p>\n<ul>\n<li>Langsames Kennenlernen: Neue Haustiere sollten schrittweise eingef\u00fchrt und unter Aufsicht miteinander bekannt gemacht werden.<\/li>\n<li>Aufmerksamkeit teilen: Um Eifersucht zu vermeiden, sollten alle Haustiere gleicherma\u00dfen Zuwendung erhalten.<\/li>\n<li>Professionelle Unterst\u00fctzung: Bei Schwierigkeiten kann ein Hundetrainer oder Verhaltensberater helfen.<\/li>\n<\/ul>\n<p>Mit der richtigen Vorbereitung und einem verantwortungsvollen Umgang kann ein Staffordshire Bullterrier gut mit anderen Haustieren auskommen, vor allem, wenn er von Anfang an daran gew\u00f6hnt wird.<\/p>\n<h3>Gibt es spezielle Tipps f\u00fcr die Haltung in der Stadt?<\/h3>\n<p>Staffordshire Bullterrier k\u00f6nnen sich gut an das Leben in der Stadt anpassen, wenn ihre Bed\u00fcrfnisse richtig erf\u00fcllt werden. Hier sind einige Tipps, um sicherzustellen, dass der Hund auch im st\u00e4dtischen Umfeld gl\u00fccklich und ausgeglichen bleibt:<\/p>\n<p><img decoding=\"async\" class=\"alignnone size-large wp-image-2858\" src=\"https:\/\/tierisch-verliebt.de\/magazin\/wp-content\/uploads\/2025\/01\/staffordshire-bull-terrier-bewegung-1024x576.jpg\" alt=\"\" width=\"910\" height=\"512\" srcset=\"https:\/\/tierisch-verliebt.de\/magazin\/wp-content\/uploads\/2025\/01\/staffordshire-bull-terrier-bewegung-1024x576.jpg 1024w, https:\/\/tierisch-verliebt.de\/magazin\/wp-content\/uploads\/2025\/01\/staffordshire-bull-terrier-bewegung-300x169.jpg 300w, https:\/\/tierisch-verliebt.de\/magazin\/wp-content\/uploads\/2025\/01\/staffordshire-bull-terrier-bewegung-768x432.jpg 768w, https:\/\/tierisch-verliebt.de\/magazin\/wp-content\/uploads\/2025\/01\/staffordshire-bull-terrier-bewegung.jpg 1280w\" sizes=\"(max-width: 910px) 100vw, 910px\" \/><\/p>\n<ul>\n<li>Ausreichend Bewegung bieten<br \/>\nRegelm\u00e4\u00dfige Spazierg\u00e4nge sind unerl\u00e4sslich, idealerweise 2-3 Mal am Tag.<br \/>\nErg\u00e4nze Spazierg\u00e4nge durch aktive Spiele, wie Ballspielen oder Apportieren, in hundefreundlichen Parks.Denke an alternative Aktivit\u00e4ten wie Hundesport (z. B. Agility oder Obedience), um den Hund k\u00f6rperlich und geistig auszulasten.<\/li>\n<li>Umweltvertr\u00e4glichkeit trainieren<br \/>\nGew\u00f6hne den Hund fr\u00fchzeitig an Stadtger\u00e4usche wie Verkehr, Menschenmengen und andere Tiere, um Stress zu vermeiden.<br \/>\n\u00dcbe das Gehen an der Leine in belebten Gegenden, um ein ruhiges Verhalten zu f\u00f6rdern.<\/li>\n<li>Zuhause f\u00fcr Wohlbefinden sorgen<br \/>\nStelle sicher, dass der Hund einen ruhigen R\u00fcckzugsort hat, besonders in einer lauten Stadtumgebung.<br \/>\nBiete ihm Spielzeug und Kausnacks an, um Langeweile in der Wohnung zu verhindern.<\/li>\n<li>Sozialkontakte erm\u00f6glichen<br \/>\nBesuche regelm\u00e4\u00dfig Hundewiesen oder Hundefreilaufzonen, damit dein Staffordshire Bullterrier mit Artgenossen interagieren kann.<\/li>\n<li>Gesetze und Vorschriften beachten<br \/>\nInformiere dich \u00fcber lokale Vorschriften, da Staffordshire Bullterrier in manchen St\u00e4dten als Listenhunde gelten. Das bedeutet, dass m\u00f6glicherweise Maulkorb- oder Leinenpflicht besteht.<br \/>\nAchte darauf, den Hund bei Bedarf anzumelden und eventuell einen Wesenstest durchzuf\u00fchren.<\/li>\n<li>&nbsp;Hitzeschutz bedenken<br \/>\nIn der Stadt k\u00f6nnen Asphalt und Beton im Sommer schnell hei\u00df werden. Vermeide Spazierg\u00e4nge w\u00e4hrend der hei\u00dfesten Tageszeit und sorge immer f\u00fcr ausreichend Wasser.<\/li>\n<li>Training und Besch\u00e4ftigung priorisieren<br \/>\nEin Staffordshire Bullterrier braucht geistige Herausforderungen, um ausgeglichen zu bleiben. \u00dcbe regelm\u00e4\u00dfig Grundgehorsam und Tricks, um den Hund geistig auszulasten.<br \/>\nMit der richtigen Pflege, Aufmerksamkeit und einer guten Organisation k\u00f6nnen Staffordshire Bullterrier problemlos auch in st\u00e4dtischen Umgebungen gehalten werden.<\/li>\n<\/ul>\n","protected":false},"excerpt":{"rendered":"<p>Der Staffordshire Bullterrier hat generell viele Gesichter. F\u00fcr die einen Hundehalter ist er ein liebevoller Familienhund und f\u00fcr andere geh\u00f6rt<\/p>\n","protected":false},"author":2,"featured_media":1434,"parent":0,"menu_order":0,"comment_status":"closed","ping_status":"closed","template":"","meta":{"ngg_post_thumbnail":0,"footnotes":""},"class_list":["post-1433","page","type-page","status-publish","has-post-thumbnail","hentry","comments-off"],"aioseo_notices":[],"_links":{"self":[{"href":"https:\/\/tierisch-verliebt.de\/magazin\/wp-json\/wp\/v2\/pages\/1433","targetHints":{"allow":["GET"]}}],"collection":[{"href":"https:\/\/tierisch-verliebt.de\/magazin\/wp-json\/wp\/v2\/pages"}],"about":[{"href":"https:\/\/tierisch-verliebt.de\/magazin\/wp-json\/wp\/v2\/types\/page"}],"author":[{"embeddable":true,"href":"https:\/\/tierisch-verliebt.de\/magazin\/wp-json\/wp\/v2\/users\/2"}],"replies":[{"embeddable":true,"href":"https:\/\/tierisch-verliebt.de\/magazin\/wp-json\/wp\/v2\/comments?post=1433"}],"version-history":[{"count":5,"href":"https:\/\/tierisch-verliebt.de\/magazin\/wp-json\/wp\/v2\/pages\/1433\/revisions"}],"predecessor-version":[{"id":2860,"href":"https:\/\/tierisch-verliebt.de\/magazin\/wp-json\/wp\/v2\/pages\/1433\/revisions\/2860"}],"wp:featuredmedia":[{"embeddable":true,"href":"https:\/\/tierisch-verliebt.de\/magazin\/wp-json\/wp\/v2\/media\/1434"}],"wp:attachment":[{"href":"https:\/\/tierisch-verliebt.de\/magazin\/wp-json\/wp\/v2\/media?parent=1433"}],"curies":[{"name":"wp","href":"https:\/\/api.w.org\/{rel}","templated":true}]}}