{"id":1425,"date":"2020-11-27T08:47:44","date_gmt":"2020-11-27T07:47:44","guid":{"rendered":"https:\/\/tierisch-verliebt.de\/magazin\/?page_id=1425"},"modified":"2025-01-26T18:43:35","modified_gmt":"2025-01-26T17:43:35","slug":"pitbull-terrier","status":"publish","type":"page","link":"https:\/\/tierisch-verliebt.de\/magazin\/pitbull-terrier\/","title":{"rendered":"Pitbull Terrier &#8211; Portrait der Hunderasse"},"content":{"rendered":"<p>Pitbull Terrier sind f\u00fcr erfahrene Hundebesitzer so etwas, wie ein absoluter Allrounder. Sofern sie von klein auf gut sozialisiert sind, sind sie perfekte Familienhunde und eignen sich zudem noch f\u00fcr viele Hundesportarten. Sie sind intelligent und sehr freundlich. In der Vergangenheit hatten sie oft einen schlechten Ruf, mittlerweile werden sie aber immer \u00f6fter zu Familienmitgliedern auserkoren und so ist es nicht verwunderlich, dass man auf der Stra\u00dfe h\u00e4ufiger Pitbull Terriern begegnet. Hier nun das vollst\u00e4ndige Portrait zu dieser Rasse.<\/p>\n\n<h2>Steckbrief<\/h2>\n<p><img decoding=\"async\" alt=\"check\" src=\"https:\/\/tierisch-verliebt.de\/magazin\/wp-content\/uploads\/2019\/06\/check-icon-16.png\"> <strong>Lebenserwartung:<\/strong> 8 bis 15 Jahre<br \/>\n<img decoding=\"async\" alt=\"check\" src=\"https:\/\/tierisch-verliebt.de\/magazin\/wp-content\/uploads\/2019\/06\/check-icon-16.png\"> <strong>Gewicht:<\/strong> 13 bis 27 kg<br \/>\n<img decoding=\"async\" alt=\"check\" src=\"https:\/\/tierisch-verliebt.de\/magazin\/wp-content\/uploads\/2019\/06\/check-icon-16.png\"> <strong>Widerristh\u00f6he:<\/strong> 43 bis 53 cm<br \/>\n<img decoding=\"async\" alt=\"check\" src=\"https:\/\/tierisch-verliebt.de\/magazin\/wp-content\/uploads\/2019\/06\/check-icon-16.png\"> <strong>Charakter:<\/strong> mutig, wachsam, lernwillig, lebhaft<br \/>\n<img decoding=\"async\" alt=\"check\" src=\"https:\/\/tierisch-verliebt.de\/magazin\/wp-content\/uploads\/2019\/06\/check-icon-16.png\"> <strong>Farben:<\/strong> schwarz, wei\u00df, grau, braun, rot, blau, lohfarben, rehfarben, gestromt<br \/>\n<img decoding=\"async\" alt=\"check\" src=\"https:\/\/tierisch-verliebt.de\/magazin\/wp-content\/uploads\/2019\/06\/check-icon-16.png\"> <strong>FCI-Gruppe:<\/strong> nicht von FCI anerkannt<br \/>\n<img decoding=\"async\" alt=\"check\" src=\"https:\/\/tierisch-verliebt.de\/magazin\/wp-content\/uploads\/2019\/06\/check-icon-16.png\"> <strong>Kosten:<\/strong> Zwischen 900 &amp; 1.200 Euro<\/p>\n<p><img decoding=\"async\" class=\"alignnone size-large wp-image-2367\" src=\"https:\/\/tierisch-verliebt.de\/magazin\/wp-content\/uploads\/2023\/08\/Pitbull-1-1024x768.jpg\" alt=\"Pitbull\" width=\"910\" height=\"683\" srcset=\"https:\/\/tierisch-verliebt.de\/magazin\/wp-content\/uploads\/2023\/08\/Pitbull-1-1024x768.jpg 1024w, https:\/\/tierisch-verliebt.de\/magazin\/wp-content\/uploads\/2023\/08\/Pitbull-1-300x225.jpg 300w, https:\/\/tierisch-verliebt.de\/magazin\/wp-content\/uploads\/2023\/08\/Pitbull-1-768x576.jpg 768w, https:\/\/tierisch-verliebt.de\/magazin\/wp-content\/uploads\/2023\/08\/Pitbull-1-600x450.jpg 600w, https:\/\/tierisch-verliebt.de\/magazin\/wp-content\/uploads\/2023\/08\/Pitbull-1.jpg 1280w\" sizes=\"(max-width: 910px) 100vw, 910px\" \/><\/p>\n<h2>Die Geschichte des Pitbull Terriers<\/h2>\n<p>Der Ursprung des Pitbull Terriers liegt in Amerika. Dort wurde er vor allem f\u00fcr den Pit, also die Arena f\u00fcr Tierk\u00e4mpfe, aus britischen <a title=\"Bulldoggen \u2013 Diese Rassen, Arten und Varianten gibt es\" href=\"https:\/\/tierisch-verliebt.de\/magazin\/bulldoggen-rassen\/\">Bulldoggen<\/a> und <a title=\"Portrait zur Hunderasse der Terrier\" href=\"https:\/\/tierisch-verliebt.de\/magazin\/terrier\/\">Terriern<\/a> gez\u00fcchtet. Man hetzte sie auf <a href=\"https:\/\/tierisch-verliebt.de\/magazin\/ratte\/\">Ratten<\/a>, damit sie innerhalb einer fest vorgegebenen Zeit so viele Ratten wie m\u00f6glich t\u00f6teten. Auch f\u00fcr den Kampf gegen andere Hunde wurden sie eingesetzt. Ziel war es daher, einen m\u00f6glichst aggressiven Hund mit niedriger Hemmschwelle gegen\u00fcber anderen Tieren zu z\u00fcchten, der in solchen K\u00e4mpfen Eindruck machen und Geld einbringen konnte.<\/p>\n<p>Das brachte dem Pitbull Terrier seinen zweifelhaften Ruf ein, der auch bis heute noch Bestand hat. In einigen L\u00e4ndern gibt es immer noch Hundek\u00e4mpfe, wo er zum Einsatz kommt. Leider \u00fcberwiegt daher bei vielen Menschen noch der Begriff &#8220;Kampfhund&#8221;, wenn es um den Pitbull Terrier geht. Fakt ist: bei liebevoller und seri\u00f6ser Z\u00fcchtung sowie fr\u00fchzeitiger Sozialisierung mit anderen Hunden ist der Pitbull Terrier ein gutm\u00fctiger und freundlicher Hund.<\/p>\n<h2>Rassemerkmale des Pitbull Terriers<\/h2>\n<p>Der Pitbull Terrier sieht dem <a title=\"American Staffordshire \u2013 Das Portrait\" href=\"https:\/\/tierisch-verliebt.de\/magazin\/american-staffordshire\/\">American Staffordshire Terrier<\/a> zum Verwechseln \u00e4hnlich. Er ist sehr muskul\u00f6s und kompakt und hat einen sehr bulligen Kopf mit halbaufrechten H\u00e4ngeohren. In der Farbgebung sind der Fantasie kaum Grenzen gesetzt, sodass es den Pitbull Terrier in vielen Variationen geben kann. Das <a href=\"https:\/\/tierisch-verliebt.de\/magazin\/pflege-von-fell-und-zaehnen-des-hundes\/\">Fell<\/a> selbst ist sehr kurz und liegt eng am K\u00f6rper an. Dies betont noch einmal zus\u00e4tzlich seinen sportlichen K\u00f6rperbau.<\/p>\n<h2>Wesen und Charakter des Pitbull Terriers<\/h2>\n<p>Pitbull Terrier sind sehr selbstbewusst. Das allein macht sie schon zu Hunden f\u00fcr fortgeschrittene Hundehalter, die sich ebenso selbstbewusst gegen den Sturkopf des Pitbull Terriers stellen und ihn nicht unterbewusst zum heimlichen Chef der Familie machen. Kann man ihnen die Stirn bieten, sind sie durchaus dazu bereit, sich unterzuordnen. Sie sind sehr aufmerksam, was auch der Grund daf\u00fcr ist, dass sie gerne als Wachhunde eingesetzt werden. Pitbull Terriern entgeht nichts. Zudem sind sie absolut treue Hunde und, bei seri\u00f6ser Zucht, verspielte und sehr liebevolle Tiere, die dadurch optimal zu sportlichen Familien passen.<\/p>\n<p><img decoding=\"async\" class=\"alignnone size-large wp-image-2366\" src=\"https:\/\/tierisch-verliebt.de\/magazin\/wp-content\/uploads\/2023\/08\/Pitbull-2-1024x772.jpg\" alt=\"Pitbull\" width=\"910\" height=\"686\" srcset=\"https:\/\/tierisch-verliebt.de\/magazin\/wp-content\/uploads\/2023\/08\/Pitbull-2-1024x772.jpg 1024w, https:\/\/tierisch-verliebt.de\/magazin\/wp-content\/uploads\/2023\/08\/Pitbull-2-300x226.jpg 300w, https:\/\/tierisch-verliebt.de\/magazin\/wp-content\/uploads\/2023\/08\/Pitbull-2-768x579.jpg 768w, https:\/\/tierisch-verliebt.de\/magazin\/wp-content\/uploads\/2023\/08\/Pitbull-2.jpg 1280w\" sizes=\"(max-width: 910px) 100vw, 910px\" \/><\/p>\n<h2>\u00dcberlegungen vor der Anschaffung eines Pitbull Terriers<\/h2>\n<p>Zun\u00e4chst sei gesagt: wer mit der Vorstellung herangeht, einen Pitbull Terrier anzuschaffen, um einen besonders angsteinfl\u00f6\u00dfenden Hund zu besitzen, vor dem alle anderen Respekt haben, f\u00fcr den ist ein Pitbull Terrier und auch jeder andere Hund nicht die richtige Wahl. Der Pitbull Terrier ist ein herzensguter Hund, wenn er nicht von dubiosen und unseri\u00f6sen Z\u00fcchtern angeboten wird. Ein regul\u00e4rer Z\u00fcchter dieser Hunderasse ist in Europa aber nur sehr schwer zu finden.<\/p>\n<p>Die Rasse wird in Europa nicht anerkannt und ist hier nicht in der seri\u00f6sen Zuchtszene vertreten. Es gibt sie nur in den USA. Hundehalter, die wirklich ernsthaft an der Anschaffung eines solchen Vierbeiner interessiert sind, k\u00f6nnen zum Rassenzwilling, dem <a title=\"American Staffordshire \u2013 Das Portrait\" href=\"https:\/\/tierisch-verliebt.de\/magazin\/american-staffordshire\/\">American Staffordshire Terrier<\/a> oder Staffordshire Bullterrier, greifen. Als Rasse anerkannt, gibt es diverse seri\u00f6se Z\u00fcchter, die sich diesen Hunden angenommen haben und sie von kleinauf richtig erziehen.<\/p>\n<p>Wer sich zudem f\u00fcr einen solchen Hund entscheidet, entscheidet sich hierzulande f\u00fcr einen so genannten <a title=\"Listenhunde \u2013 Diese Hunde werden in Deutschland als gef\u00e4hrlich eingestuft\" href=\"https:\/\/tierisch-verliebt.de\/magazin\/listenhunde\/\">Listenhund<\/a>. Die Auflagen, einen solchen Hund zu besitzen, sind dabei sch\u00e4rfer und strenger, als bei anderen Hunden. Die Anschaffung ist in diesem Fall oft mit Pr\u00fcfungen zur Testung der Eignung f\u00fcr diese Hundehaltung verbunden und in einigen Regionen muss damit gerechnet werden, h\u00f6here Steuern zu zahlen.<\/p>\n<p>Da der Ruf solcher Hunderassen leider immer noch nicht der beste ist, muss man auch bei der Gassirunde mit kritischen Blicken und teilweise skeptischen Kommentaren rechnen, da viele noch immer Angst beim Anblick eines Pitbull Terriers bekommen.<\/p>\n<p>Hat man sich mit diesen Punkten besch\u00e4ftigt, kommen weitere \u00dcberlegungen hinzu, wie zum Beispiel k\u00fcnftig anfallende Tierarztkosten, Kosten f\u00fcr die Grundausstattung (sprich: Leine, Halsband, Leinengeschirr, N\u00e4pfe, K\u00f6rbchen, Spielzeug etc.), Kosten f\u00fcr eine Hundehaftpflichtversicherung und regelm\u00e4\u00dfige Kosten f\u00fcr das Futter.<\/p>\n<h2>Pflege des Pitbull Terriers<\/h2>\n<p>Das Fell der Tiere ist sehr kurz und robust. Es muss nicht regelm\u00e4\u00dfig gek\u00e4mmt oder getrimmt werden, ein kurzes Durchb\u00fcrsten hin und wieder reicht v\u00f6llig aus. Im Hinblick auf die erw\u00e4hnte Kurzhaarigkeit, sollte der Hund nur im gr\u00f6\u00dften Notfall und mit sehr sanftem Hundeshampoo gebadet werden, um die Hautflora nicht zu stark zu sch\u00e4digen. Ein regelm\u00e4\u00dfiges Stutzen der Krallen ist im Normalfall nur bei \u00e4lteren Hunden notwendig.<\/p>\n<p><img decoding=\"async\" class=\"alignnone size-large wp-image-2365\" src=\"https:\/\/tierisch-verliebt.de\/magazin\/wp-content\/uploads\/2023\/08\/Pitbull-3-1024x682.jpg\" alt=\"Pitbull\" width=\"910\" height=\"606\" srcset=\"https:\/\/tierisch-verliebt.de\/magazin\/wp-content\/uploads\/2023\/08\/Pitbull-3-1024x682.jpg 1024w, https:\/\/tierisch-verliebt.de\/magazin\/wp-content\/uploads\/2023\/08\/Pitbull-3-300x200.jpg 300w, https:\/\/tierisch-verliebt.de\/magazin\/wp-content\/uploads\/2023\/08\/Pitbull-3-768x512.jpg 768w, https:\/\/tierisch-verliebt.de\/magazin\/wp-content\/uploads\/2023\/08\/Pitbull-3.jpg 1280w\" sizes=\"(max-width: 910px) 100vw, 910px\" \/><\/p>\n<h3>H\u00e4ufige Krankheiten des Pitbull Terriers<\/h3>\n<p>Insgesamt ist der Pitbull Terrier ein sehr robuster Hund, der nur selten krank ist. Dennoch neigt diese Rasse zu H\u00fcftdysplasie und, bei \u00dcbergewicht, auch zu H\u00fcftarthrose. Weitere Gesundheitsgefahren sind Hautirritationen durch Allergien oder canine Demodikose. Hierbei handelt es sich um eine Krankheit, die durch den \u00fcberm\u00e4\u00dfigen Befall mit der Haarbalgmilbe verursacht wird.<\/p>\n<h3>Geeignete Aktivit\u00e4ten f\u00fcr den Pitbull Terrier<\/h3>\n<p>Wie bereits erw\u00e4hnt, sind Pitbull Terrier aktiv und verspielt. Sie sind sportlich und sehr ausdauernd und kommen daher in ihrem Heimatland auch oft als Rettungs- oder Suchhund zum Einsatz. Agility eignet sich ebenfalls f\u00fcr den Pitbull Terrier, h\u00e4ufige Spr\u00fcnge sollten aber im Hinblick auf die Neigung zur H\u00fcftdysplasie vermieden werden. Ansonsten ist er f\u00fcr lange Spazierg\u00e4nge und gemeinsames Laufen bestens geeignet.<\/p>\n<h3>Geeignete Ern\u00e4hrung des Pitbull Terriers<\/h3>\n<p>In seiner <a href=\"https:\/\/tierisch-verliebt.de\/magazin\/havaneser-ernaehrung\/\">Ern\u00e4hrung<\/a> ist der Pitbull Terrier relativ anspruchslos. Der Hauptbestandteil seiner Nahrung sollte jedoch Fleisch sein und in Abh\u00e4ngigkeit zu seinem Alter, der Gr\u00f6\u00dfe und dem Gewicht verabreicht werden. Er eignet sich hervorragend zum Barfen, freut sich aber auch \u00fcber einen Fleischknochen als Leckerchen f\u00fcr Zwischendurch oder Belohnung f\u00fcr richtiges Verhalten.<\/p>\n<h2 data-pm-slice=\"1 1 []\">FAQ`s<\/h2>\n<p><img decoding=\"async\" class=\"alignnone size-large wp-image-2898\" src=\"https:\/\/tierisch-verliebt.de\/magazin\/wp-content\/uploads\/2025\/01\/Pitbull-1024x682.jpg\" alt=\"\" width=\"910\" height=\"606\" srcset=\"https:\/\/tierisch-verliebt.de\/magazin\/wp-content\/uploads\/2025\/01\/Pitbull-1024x682.jpg 1024w, https:\/\/tierisch-verliebt.de\/magazin\/wp-content\/uploads\/2025\/01\/Pitbull-300x200.jpg 300w, https:\/\/tierisch-verliebt.de\/magazin\/wp-content\/uploads\/2025\/01\/Pitbull-768x512.jpg 768w, https:\/\/tierisch-verliebt.de\/magazin\/wp-content\/uploads\/2025\/01\/Pitbull.jpg 1280w\" sizes=\"(max-width: 910px) 100vw, 910px\" \/><\/p>\n<h3>Welche gesetzlichen Regelungen gibt es f\u00fcr Pitbull Terriers in Deutschland (z. B. Maulkorb- und Leinenpflicht)?<\/h3>\n<p>In Deutschland gelten Pitbull Terriers in vielen Bundesl\u00e4ndern als sogenannte Listenhunde. Dies bedeutet, dass sie als potenziell gef\u00e4hrlich eingestuft werden. Die gesetzlichen Regelungen sind jedoch von Bundesland zu Bundesland unterschiedlich. H\u00e4ufig gelten Auflagen wie:<\/p>\n<p>Maulkorbpflicht: In \u00f6ffentlichen Bereichen m\u00fcssen Pitbull Terriers oft einen Maulkorb tragen.<br \/>\nLeinenpflicht: Sie m\u00fcssen in der Regel immer an der Leine gef\u00fchrt werden.<br \/>\nHaltungsbewilligung: In einigen F\u00e4llen ist der Nachweis eines Wesenstests oder einer speziellen Haltergenehmigung erforderlich. Es empfiehlt sich, sich vor der Anschaffung oder Haltung eines Pitbull Terriers \u00fcber die spezifischen Regelungen des Wohnorts zu informieren.<\/p>\n<h3>Wie verh\u00e4lt sich ein Pitbull Terrier gegen\u00fcber Kindern und anderen Haustieren?<\/h3>\n<p>Ein gut erzogener und <a href=\"https:\/\/tierisch-verliebt.de\/magazin\/hundesozialisation\/\">sozialisierter<\/a> Pitbull Terrier ist oft sehr liebevoll und loyal gegen\u00fcber Kindern und kann ein hervorragender Familienhund sein. Dennoch sollte die Interaktion zwischen Hund und kleinen Kindern immer beaufsichtigt werden, da Pitbulls sehr kr\u00e4ftig sind und unbeabsichtigt grob sein k\u00f6nnen.<\/p>\n<p>Gegen\u00fcber anderen Haustieren h\u00e4ngt ihr Verhalten stark von der Sozialisierung ab. Fr\u00fchzeitiges Training und die Gew\u00f6hnung an andere Tiere sind essenziell, um ein harmonisches Miteinander zu f\u00f6rdern.<\/p>\n<h3>Wie kann man das Image von Pitbull Terriers als \u201egef\u00e4hrlich\u201c entkr\u00e4ften?<\/h3>\n<p><img decoding=\"async\" class=\"alignnone size-large wp-image-2899\" src=\"https:\/\/tierisch-verliebt.de\/magazin\/wp-content\/uploads\/2025\/01\/Pitbull-kuesse-1024x941.jpg\" alt=\"\" width=\"910\" height=\"836\" srcset=\"https:\/\/tierisch-verliebt.de\/magazin\/wp-content\/uploads\/2025\/01\/Pitbull-kuesse-1024x941.jpg 1024w, https:\/\/tierisch-verliebt.de\/magazin\/wp-content\/uploads\/2025\/01\/Pitbull-kuesse-300x276.jpg 300w, https:\/\/tierisch-verliebt.de\/magazin\/wp-content\/uploads\/2025\/01\/Pitbull-kuesse-768x706.jpg 768w, https:\/\/tierisch-verliebt.de\/magazin\/wp-content\/uploads\/2025\/01\/Pitbull-kuesse.jpg 1280w\" sizes=\"(max-width: 910px) 100vw, 910px\" \/><\/p>\n<p>Das negative Image von Pitbull Terriers basiert oft auf Vorurteilen und Einzelf\u00e4llen. Hier sind einige Wege, um dieses Bild zu verbessern:<\/p>\n<ul>\n<li>Aufkl\u00e4rung: Informiere andere \u00fcber die freundliche und treue Natur gut erzogener Pitbulls.<\/li>\n<li>Vorbild sein: Zeige durch verantwortungsbewusstes Halten, dass Pitbulls keine Bedrohung darstellen.<\/li>\n<li>Training: Ein gut erzogener Hund spricht f\u00fcr sich selbst und widerlegt viele Klischees.<\/li>\n<li>Soziale Aktivit\u00e4ten: Die Teilnahme an <a href=\"https:\/\/tierisch-verliebt.de\/magazin\/hundesportarten\/\">Hundesport<\/a> oder anderen \u00f6ffentlichen Veranstaltungen kann helfen, Vorurteile abzubauen.<\/li>\n<\/ul>\n<h3>Gibt es Unterschiede zwischen American Pitbull Terrier und anderen Bull-Terrier-Arten?<\/h3>\n<p>Ja, es gibt Unterschiede zwischen American Pitbull Terriers und anderen Bull-Terrier-Arten:<\/p>\n<ul>\n<li>Gr\u00f6\u00dfe und Statur: American Pitbull Terriers sind in der Regel gr\u00f6\u00dfer und muskul\u00f6ser als andere Bull-Terrier-Arten wie der Staffordshire Bull Terrier.<\/li>\n<li>Herkunft und Zuchtziele: American Pitbull Terriers wurden urspr\u00fcnglich f\u00fcr Farmarbeiten und sp\u00e4ter f\u00fcr Hundek\u00e4mpfe gez\u00fcchtet, w\u00e4hrend andere Bull-Terrier-Arten wie der Bull Terrier eher als Begleithunde gez\u00fcchtet wurden.<\/li>\n<li>Charakter: W\u00e4hrend alle Bull-Terrier-Arten freundliche, mutige und aktive Hunde sind, wird der American Pitbull Terrier oft als besonders energisch und menschenbezogen beschrieben.<\/li>\n<\/ul>\n","protected":false},"excerpt":{"rendered":"<p>Pitbull Terrier sind f\u00fcr erfahrene Hundebesitzer so etwas, wie ein absoluter Allrounder. Sofern sie von klein auf gut sozialisiert sind,<\/p>\n","protected":false},"author":2,"featured_media":1426,"parent":0,"menu_order":0,"comment_status":"closed","ping_status":"closed","template":"","meta":{"ngg_post_thumbnail":0,"footnotes":""},"class_list":["post-1425","page","type-page","status-publish","has-post-thumbnail","hentry","comments-off"],"aioseo_notices":[],"_links":{"self":[{"href":"https:\/\/tierisch-verliebt.de\/magazin\/wp-json\/wp\/v2\/pages\/1425","targetHints":{"allow":["GET"]}}],"collection":[{"href":"https:\/\/tierisch-verliebt.de\/magazin\/wp-json\/wp\/v2\/pages"}],"about":[{"href":"https:\/\/tierisch-verliebt.de\/magazin\/wp-json\/wp\/v2\/types\/page"}],"author":[{"embeddable":true,"href":"https:\/\/tierisch-verliebt.de\/magazin\/wp-json\/wp\/v2\/users\/2"}],"replies":[{"embeddable":true,"href":"https:\/\/tierisch-verliebt.de\/magazin\/wp-json\/wp\/v2\/comments?post=1425"}],"version-history":[{"count":5,"href":"https:\/\/tierisch-verliebt.de\/magazin\/wp-json\/wp\/v2\/pages\/1425\/revisions"}],"predecessor-version":[{"id":2900,"href":"https:\/\/tierisch-verliebt.de\/magazin\/wp-json\/wp\/v2\/pages\/1425\/revisions\/2900"}],"wp:featuredmedia":[{"embeddable":true,"href":"https:\/\/tierisch-verliebt.de\/magazin\/wp-json\/wp\/v2\/media\/1426"}],"wp:attachment":[{"href":"https:\/\/tierisch-verliebt.de\/magazin\/wp-json\/wp\/v2\/media?parent=1425"}],"curies":[{"name":"wp","href":"https:\/\/api.w.org\/{rel}","templated":true}]}}