{"id":1418,"date":"2020-11-25T18:46:32","date_gmt":"2020-11-25T17:46:32","guid":{"rendered":"https:\/\/tierisch-verliebt.de\/magazin\/?page_id=1418"},"modified":"2026-03-03T09:24:01","modified_gmt":"2026-03-03T08:24:01","slug":"alano","status":"publish","type":"page","link":"https:\/\/tierisch-verliebt.de\/magazin\/alano\/","title":{"rendered":"Alano \u2013 Der tolle Hund f\u00fcr den erfahrenen Halter"},"content":{"rendered":"<p>Der Alano, in Deutschland auch oft als Spanische Dogge bezeichnet, hat kontrastreiche Wesensz\u00fcge. Der Alano ist ein Jagdhund &#8211; tollen Hund f\u00fcr den erfahrenen Halter. Er wird aber auch gern als Familienhund gehalten. Wer sich einen Alano anschaffen m\u00f6chte, sollte ein erfahrener Hundehalter sein. F\u00fcr Anf\u00e4nger ist der Hund nicht gut geeignet. Der Alano ist ein sehr robuster Hund. Rasseerkrankungen sind nicht bekannt. Hier nun das vollst\u00e4ndige Portrait zu Rasse Alano.<\/p>\n\n<h2>Steckbrief<\/h2>\n<p><img decoding=\"async\" alt=\"check\" src=\"https:\/\/tierisch-verliebt.de\/magazin\/wp-content\/uploads\/2019\/06\/check-icon-16.png\"> <strong>Lebenserwartung:<\/strong> 11 bis 14 Jahre<br \/>\n<img decoding=\"async\" alt=\"check\" src=\"https:\/\/tierisch-verliebt.de\/magazin\/wp-content\/uploads\/2019\/06\/check-icon-16.png\"> <strong>Gewicht:<\/strong> 25 bis 40 kg<br \/>\n<img decoding=\"async\" alt=\"check\" src=\"https:\/\/tierisch-verliebt.de\/magazin\/wp-content\/uploads\/2019\/06\/check-icon-16.png\"> <strong>Widerristh\u00f6he:<\/strong> 55 bis 63 cm<br \/>\n<img decoding=\"async\" alt=\"check\" src=\"https:\/\/tierisch-verliebt.de\/magazin\/wp-content\/uploads\/2019\/06\/check-icon-16.png\"> <strong>Charakter:<\/strong> anh\u00e4nglich, freundlich seinen Menschen gegen\u00fcber, mutig und jagdfreudig<br \/>\n<img decoding=\"async\" alt=\"check\" src=\"https:\/\/tierisch-verliebt.de\/magazin\/wp-content\/uploads\/2019\/06\/check-icon-16.png\"> <strong>Farben:<\/strong> fahlgelb bis hellgraubraun, auch rot oder gestromt, wei\u00dfe Abzeichen m\u00f6glich, dunkle Maske<br \/>\n<img decoding=\"async\" alt=\"check\" src=\"https:\/\/tierisch-verliebt.de\/magazin\/wp-content\/uploads\/2019\/06\/check-icon-16.png\"> <strong>FCI-Gruppe:<\/strong> von <a href=\"https:\/\/tierisch-verliebt.de\/magazin\/fci-gruppen\/\">FCI<\/a> nicht anerkannt<br \/>\n<img decoding=\"async\" alt=\"check\" src=\"https:\/\/tierisch-verliebt.de\/magazin\/wp-content\/uploads\/2019\/06\/check-icon-16.png\"> <strong>Kosten:<\/strong> Zwischen 1.100 &amp; 1.500 Euro<\/p>\n<h2>Wesen und Charakter von Alano<\/h2>\n<p>Der Alano ist schon wirklich ein einzigartiger Hund. Auf der einen Seite ist er anh\u00e4nglich und freundlich seinen Besitzern gegen\u00fcber, auf der anderen Seite ist er sehr mutig und ein guter Jagd- und Schutzhund mit einem gesunden Angriffstrieb. Der Alano will stets gefordert werden. Er hat ein gro\u00dfes Selbstbewusstsein. Ist er in seinen wesentlichen Charakterz\u00fcgen auch geduldig, nervenstark und friedvoll, muss der Hundehalter doch von Anfang an Wert auf eine gute <a href=\"https:\/\/tierisch-verliebt.de\/magazin\/hunderziehung-grundlegendes\/\">Hundeerziehung<\/a> legen.<\/p>\n<p>Es muss dem Hund immer wieder liebevoll beigebracht werden, wer die F\u00fchrungsrolle \u00fcbernimmt. Der Alano wird dann zu einem sanftm\u00fctigen, ruhigen Familienhund, der sich gern anfassen l\u00e4sst, nicht bei\u00dft und die Ruhe selbst ist. Je mehr Menschen er in seiner Familie um sich hat, um so gl\u00fccklicher ist er. Ist er gut sozialisiert, brauchen auch die Kinder keine Angst zu haben, dass er zuschnappt.<\/p>\n<p><img decoding=\"async\" class=\"wp-image-1894 aligncenter\" src=\"https:\/\/tierisch-verliebt.de\/magazin\/wp-content\/uploads\/2023\/02\/close-up-hand-holding-dog-paw-1024x683.jpg\" alt=\"Alano Hund\" width=\"501\" height=\"334\" srcset=\"https:\/\/tierisch-verliebt.de\/magazin\/wp-content\/uploads\/2023\/02\/close-up-hand-holding-dog-paw-1024x683.jpg 1024w, https:\/\/tierisch-verliebt.de\/magazin\/wp-content\/uploads\/2023\/02\/close-up-hand-holding-dog-paw-300x200.jpg 300w, https:\/\/tierisch-verliebt.de\/magazin\/wp-content\/uploads\/2023\/02\/close-up-hand-holding-dog-paw-768x512.jpg 768w, https:\/\/tierisch-verliebt.de\/magazin\/wp-content\/uploads\/2023\/02\/close-up-hand-holding-dog-paw-1536x1024.jpg 1536w, https:\/\/tierisch-verliebt.de\/magazin\/wp-content\/uploads\/2023\/02\/close-up-hand-holding-dog-paw-2048x1365.jpg 2048w\" sizes=\"(max-width: 501px) 100vw, 501px\" \/><\/p>\n<p>Auf der anderen Seite wird er beim Jagen sowie in Gefahren- und Schutzsituationen starrsinnig sein. Hier ist der Hundehalter stark in die Pflicht genommen und muss ihm beibringen, aufs Wort zu horchen, denn der Alano wird nicht aufgeben, bis er die Gefahr abgewehrt hat.<\/p>\n<p>Ganz selbstverst\u00e4ndlich m\u00f6chte diese Hunderasse st\u00e4ndig gefordert werden. Ein Alano braucht Aufgaben. Er l\u00e4sst sich hervorragend ausbilden und ist lernbegierig, schnell in seiner Reaktion und sehr lebhaft. Der Hundehalter sollte ihn deshalb t\u00e4glich mehrere Stunden besch\u00e4ftigen und ihm Gelegenheit geben, seinen nat\u00fcrlichen Drang nach Jagd und Bewegung ausleben zu k\u00f6nnen.<\/p>\n<h2>Herkunft und Geschichte der Hunderasse &#8220;Alano&#8221;<\/h2>\n<p>Wo er herkommt, wei\u00df wohl auch heute noch niemand genau und es wird viel dar\u00fcber spekuliert. Aber seit Mitte des 14. Jahrhunderts fand man in spanischen Jagdb\u00fcchern Berichte \u00fcber eine Hunderasse, die dem heute bekannten Alano sehr \u00e4hnelt. Diese Hunderasse setzte man damals in Andalusien und anderen wenigen Regionen Spaniens zum Jagen und als H\u00fctehunde ein.<\/p>\n<p>Wie in Spanien damals \u00fcblich, wurde der Alano an der Kette gehalten, auch zum Bewachen von Bauernh\u00f6fen und anderen Grundst\u00fccken eingesetzt. In der alten Jagdliteratur Spaniens findet man Beschreibungen von robusten, sehr gro\u00dfen und jagdbereiten Hunden, die sogar zur Jagd auf Gro\u00dfwild eingesetzt wurden.<\/p>\n<p>\u00dcber einen langen Zeitraum lebte diese uralte Hunderasse in Spanien nur in wenigen Regionen. Es dauerte lange, bis der Alano in vielen Regionen Spaniens als Arbeits- und Jagdhund bekannt wurde. Viel sp\u00e4ter, im 19. Jahrhundert, setzte man ihn sogar bei Stierk\u00e4mpfen ein. Er war robuster und durchsetzungsf\u00e4higer als alle vergleichbaren Hunderassen.<\/p>\n<p>Die wachsende Beliebtheit veranlasste die Z\u00fcchter in Spanien dazu, dieser Hunderasse wieder mehr Augenmerk zu schenken. So begann man in Spanien offiziell seit Mitte der Neunziger mit seiner Zucht. Heute trifft man ihn in fast allen Regionen Spaniens an, egal ab auf dem Festland oder auf den Inseln. Der Alano ist in Spanien und dar\u00fcber hinaus in anderen L\u00e4ndern der Welt eine beliebte Hunderasse geworden.<\/p>\n<p><iframe title=\"Alano Espa\u00f1ol (Alano) | Kraftvolle Hunderasse in spanischer Landschaft \u2013 Kurzvideo\" width=\"910\" height=\"512\" src=\"https:\/\/www.youtube.com\/embed\/mwf6B5-RvDE?feature=oembed\" frameborder=\"0\" allow=\"accelerometer; autoplay; clipboard-write; encrypted-media; gyroscope; picture-in-picture; web-share\" referrerpolicy=\"strict-origin-when-cross-origin\" allowfullscreen><\/iframe><\/p>\n<h2>Geeignete Aktivit\u00e4ten<\/h2>\n<h2><img decoding=\"async\" class=\"wp-image-1892 alignright\" src=\"https:\/\/tierisch-verliebt.de\/magazin\/wp-content\/uploads\/2023\/02\/Alano-Hund.jpg\" alt=\"Alano Hund\" width=\"269\" height=\"404\" srcset=\"https:\/\/tierisch-verliebt.de\/magazin\/wp-content\/uploads\/2023\/02\/Alano-Hund.jpg 533w, https:\/\/tierisch-verliebt.de\/magazin\/wp-content\/uploads\/2023\/02\/Alano-Hund-200x300.jpg 200w\" sizes=\"(max-width: 269px) 100vw, 269px\" \/><\/h2>\n<p>Regelm\u00e4\u00dfiger Auslauf ist f\u00fcr den Alano von gro\u00dfer Bedeutung. Au\u00dferdem sollte der Hund t\u00e4glich mindestens einmal die Gelegenheit bekommen zu sprinten und zu toben. St\u00f6ckchen werfen bei einem ausgedehnten Waldspaziergang oder auf dem freien Feld sind ihm ein Vergn\u00fcgen. Daf\u00fcr sollte man schon 3 Stunden am Tag Zeit aufbringen.<\/p>\n<p>Keinesfalls ist dieser Hund daf\u00fcr geeignet, mit ins B\u00fcro genommen zu werden und dort stundenlang still zu sitzen. U-Bahn und S-Bahn sind nichts f\u00fcr den Alano. Ein solches Umfeld oder lange Spazierg\u00e4nge im Gro\u00dfstadtdschungel machen ihn reizbar und er wittert Gefahr.<\/p>\n<h2>Die richtige Ern\u00e4hrung f\u00fcr Alano<\/h2>\n<p>Der Alano hat einen gro\u00dfen Bewegungsdrang und eine starke Muskulatur. Dementsprechend gro\u00df ist sein N\u00e4hrstoffbedarf. Er sollte stets fleischhaltig ern\u00e4hrt werden. Hochwertiges Nassfutter ist vorzuziehen. Trockenfutter und Billigfutter mit einem hohen Anteil an Rohasche, <a title=\"Getreidefreies Futter f\u00fcr den Hund \u2013 Ja oder Nein?\" href=\"https:\/\/tierisch-verliebt.de\/magazin\/getreidefreies-futter\/\">Getreide <\/a>und tierischen Abf\u00e4llen stellen kein hochwertiges Futter dar, auch wenn der Alano nicht zu Allergien und Futterunvertr\u00e4glichkeiten neigt. Nat\u00fcrlich muss dem Tier auch gen\u00fcgend Wasser zur Verf\u00fcgung gestellt werden.<\/p>\n<p><img decoding=\"async\" class=\"alignnone wp-image-2868 \" src=\"https:\/\/tierisch-verliebt.de\/magazin\/wp-content\/uploads\/2025\/01\/Alano-Espanol-beim-Essen.webp\" alt=\"ernaehrung-alano\" width=\"600\" height=\"600\" srcset=\"https:\/\/tierisch-verliebt.de\/magazin\/wp-content\/uploads\/2025\/01\/Alano-Espanol-beim-Essen.webp 1024w, https:\/\/tierisch-verliebt.de\/magazin\/wp-content\/uploads\/2025\/01\/Alano-Espanol-beim-Essen-300x300.webp 300w, https:\/\/tierisch-verliebt.de\/magazin\/wp-content\/uploads\/2025\/01\/Alano-Espanol-beim-Essen-150x150.webp 150w, https:\/\/tierisch-verliebt.de\/magazin\/wp-content\/uploads\/2025\/01\/Alano-Espanol-beim-Essen-768x768.webp 768w\" sizes=\"(max-width: 600px) 100vw, 600px\" \/><\/p>\n<h2>\u00dcberlegungen vor der Anschaffung<\/h2>\n<p>Das Portrait des Alano zeigt eine kraftvolle und charakterstarke Hunderasse, die sich durch ihre Loyalit\u00e4t, Ausdauer und Schutzinstinkt auszeichnet und besonders f\u00fcr erfahrene Halter geeignet ist. Der Alano ist ein Hund, der gern in freier Natur ist und nach dem Austoben Zugang zum Haus und zur N\u00e4he seiner Menschen braucht. Er ben\u00f6tigt viel Bewegung und Besch\u00e4ftigung. Wer einen solchen Hund bei sich zu Hause aufnehmen m\u00f6chte, muss daf\u00fcr Sorge tragen, dass das Tier stets genug Auslauf hat, die Besitzer sollten selbst gut zu Fu\u00df sein und viel Zeit haben, sich mit ihrem Hund zu besch\u00e4ftigen. Erfahrungen in der Hundehaltung sind zwingend erforderlich.<\/p>\n<p>Wer das erste Mal einen Hund bei sich aufnehmen m\u00f6chte, kann durch die Dominanz eines Alanos schnell \u00fcberfordert sein. Au\u00dferdem ist unbedingt darauf zu achten, dass der Hund aus den H\u00e4nden eines Z\u00fcchters kommt, der seine Tiere einer Wesenspr\u00fcfung unterzieht. Dabei werden die Hunde auf ihre Reaktion in Ruhe und in Reizsituationen \u00fcberpr\u00fcft. Auf gar keinen Fall sollte man einen Hund dieser Rasse von unseri\u00f6sen Z\u00fcchtern kaufen.<\/p>\n<p>Au\u00dferdem ist zu beachten, dass der Alano in einigen Bundesl\u00e4ndern als <a title=\"Listenhunde \u2013 Diese Hunde werden in Deutschland als gef\u00e4hrlich eingestuft\" href=\"https:\/\/tierisch-verliebt.de\/magazin\/listenhunde\/\">Listenhund <\/a>gef\u00fchrt wird. Man sollte sich vor der Anschaffung unbedingt informieren, wie die Gesetzeslage im jeweiligen Bundesland ist. Auch auf Reisen ist dies zu beachten. Man tut gut daran, sich als Besitzer vor Antritt der Reise ins Ausland immer nach den geltenden Bestimmungen erkundigen.<\/p>\n<p><img decoding=\"async\" class=\"wp-image-1893 aligncenter\" src=\"https:\/\/tierisch-verliebt.de\/magazin\/wp-content\/uploads\/2023\/02\/veterinary-medicine-5676328_1920-1024x683.jpg\" alt=\"Alano Hund Medizin\" width=\"437\" height=\"292\" srcset=\"https:\/\/tierisch-verliebt.de\/magazin\/wp-content\/uploads\/2023\/02\/veterinary-medicine-5676328_1920-1024x683.jpg 1024w, https:\/\/tierisch-verliebt.de\/magazin\/wp-content\/uploads\/2023\/02\/veterinary-medicine-5676328_1920-300x200.jpg 300w, https:\/\/tierisch-verliebt.de\/magazin\/wp-content\/uploads\/2023\/02\/veterinary-medicine-5676328_1920-768x512.jpg 768w, https:\/\/tierisch-verliebt.de\/magazin\/wp-content\/uploads\/2023\/02\/veterinary-medicine-5676328_1920-1536x1024.jpg 1536w, https:\/\/tierisch-verliebt.de\/magazin\/wp-content\/uploads\/2023\/02\/veterinary-medicine-5676328_1920.jpg 1920w\" sizes=\"(max-width: 437px) 100vw, 437px\" \/><\/p>\n<p>Au\u00dferdem kommen neben den <a href=\"https:\/\/tierisch-verliebt.de\/magazin\/unterhalt-eines-hundes\/\">Kosten<\/a> f\u00fcr Anschaffung und gesundes Futter auch Kosten f\u00fcr eine Versicherung auf den Hundehalter zu. Eine Haftpflichtversicherung f\u00fcr Hundehalter ist in vielen Bundesl\u00e4ndern sogar verpflichtend. Ist der Alano auch noch so gut sozialisiert, man wei\u00df nie, zu was f\u00fcr Schrecksituationen es im Alltag kommen kann. Er k\u00f6nnte sich vor Angst losrei\u00dfen und einen Unfall verursachen. Die Kosten f\u00fcr Sach- und Personensch\u00e4den k\u00f6nnen sehr hoch werden und den Hundehalter finanziell stark belasten. Auch Geld f\u00fcr den Krankheitsfall sollte man zur Verf\u00fcgung haben oder eine entsprechende <a href=\"https:\/\/www.allianz.de\/recht-und-eigentum\/hundehaftpflichtversicherung\/\">Krankenversicherung<\/a> f\u00fcr den Hund abschlie\u00dfen.<\/p>\n<h2>FAQ<\/h2>\n<h3>Wie geht der Alano mit Kindern um?<\/h3>\n<p>Ein gut sozialisierter Alano wird Kinder leichter akzeptieren und besser auf ihre oft unvorhersehbaren Verhaltensweisen reagieren. Auch Kinder sollten lernen, wie sie respektvoll mit dem Hund umgehen. Kinder sollten von Anfang an lernen, den Hund nicht zu bedr\u00e4ngen, am Schwanz zu ziehen oder ihn w\u00e4hrend des Fressens oder Schlafens zu st\u00f6ren. Der Alano kann ein wundervoller Familienhund sein und entwickelt oft eine tiefe Bindung zu Kindern. Durch seine nat\u00fcrliche St\u00e4rke und seinen Schutztrieb ist jedoch eine konsequente Erziehung sowie ein respektvoller Umgang seitens der Kinder erforderlich. Mit der richtigen F\u00fchrung wird er zu einem treuen und geduldigen Begleiter f\u00fcr die ganze Familie.<\/p>\n<h3>Was kostet die Haltung eines Alano?<\/h3>\n<p>Die Haltung eines Alano kostet monatlich etwa <strong>150 bis 300 Euro<\/strong>, je nach Lebensstil und unerwarteten Ausgaben &#8211; Futter, Tierarzt, Haftpflichtversicherung, Hundesteuer, Pflege und Zubeh\u00f6r. Einmalige und unregelm\u00e4\u00dfige Kosten wie Hundeschule, Tierarztbesuche oder Zubeh\u00f6r sollten zus\u00e4tzlich eingeplant werden. Wer sich f\u00fcr einen Alano entscheidet, sollte langfristig finanzielle Stabilit\u00e4t sicherstellen, um dem Hund ein gutes Leben zu erm\u00f6glichen.<\/p>\n<h3>Welche typischen Krankheiten treten beim Alano auf?<\/h3>\n<p>Der Alano gilt als robuste und gesunde Hunderasse, insbesondere bei verantwortungsvoller Zucht. Bei dieser Rasse, wie bei vielen gro\u00dfen Hunden, k\u00f6nnen bestimmte gesundheitliche Probleme auftreten. Hier sind die h\u00e4ufigsten Krankheiten, auf die man achten sollte: H\u00fcftdysplasie, Ellenbogendysplasie, Magendrehung, Magendrehung, Arthrose, Hautprobleme und Allergien, Augenerkrankungen. Dennoch sollten Halter regelm\u00e4\u00dfig tier\u00e4rztliche Untersuchungen wahrnehmen und auf eine ausgewogene Ern\u00e4hrung sowie gelenkschonende Bewegung achten. Durch pr\u00e4ventive Ma\u00dfnahmen und eine fr\u00fchzeitige Erkennung k\u00f6nnen viele der genannten Krankheiten gut behandelt oder vermieden werden.<\/p>\n<h3>Wie aufwendig ist die Fellpflege beim Alano?<\/h3>\n<p>Die Fellpflege des Alano ist relativ unkompliziert und daher wenig zeitaufwendig. Diese Hunderasse hat ein kurzes, dichtes Fell, das keine besondere Pflege erfordert, aber trotzdem regelm\u00e4\u00dfig gepflegt werden sollte, um die Gesundheit der Haut und des Fells zu erhalten. F\u00fcr Halter, die wenig Zeit in die Pflege investieren m\u00f6chten, ist dies ein klarer Vorteil.<\/p>\n<p>&nbsp;<\/p>\n<p>&nbsp;<\/p>\n","protected":false},"excerpt":{"rendered":"<p>Der Alano, in Deutschland auch oft als Spanische Dogge bezeichnet, hat kontrastreiche Wesensz\u00fcge. Der Alano ist ein Jagdhund &#8211; tollen<\/p>\n","protected":false},"author":2,"featured_media":1420,"parent":0,"menu_order":0,"comment_status":"closed","ping_status":"closed","template":"","meta":{"ngg_post_thumbnail":0,"footnotes":""},"class_list":["post-1418","page","type-page","status-publish","has-post-thumbnail","hentry","comments-off"],"aioseo_notices":[],"_links":{"self":[{"href":"https:\/\/tierisch-verliebt.de\/magazin\/wp-json\/wp\/v2\/pages\/1418","targetHints":{"allow":["GET"]}}],"collection":[{"href":"https:\/\/tierisch-verliebt.de\/magazin\/wp-json\/wp\/v2\/pages"}],"about":[{"href":"https:\/\/tierisch-verliebt.de\/magazin\/wp-json\/wp\/v2\/types\/page"}],"author":[{"embeddable":true,"href":"https:\/\/tierisch-verliebt.de\/magazin\/wp-json\/wp\/v2\/users\/2"}],"replies":[{"embeddable":true,"href":"https:\/\/tierisch-verliebt.de\/magazin\/wp-json\/wp\/v2\/comments?post=1418"}],"version-history":[{"count":5,"href":"https:\/\/tierisch-verliebt.de\/magazin\/wp-json\/wp\/v2\/pages\/1418\/revisions"}],"predecessor-version":[{"id":3541,"href":"https:\/\/tierisch-verliebt.de\/magazin\/wp-json\/wp\/v2\/pages\/1418\/revisions\/3541"}],"wp:featuredmedia":[{"embeddable":true,"href":"https:\/\/tierisch-verliebt.de\/magazin\/wp-json\/wp\/v2\/media\/1420"}],"wp:attachment":[{"href":"https:\/\/tierisch-verliebt.de\/magazin\/wp-json\/wp\/v2\/media?parent=1418"}],"curies":[{"name":"wp","href":"https:\/\/api.w.org\/{rel}","templated":true}]}}