{"id":128,"date":"2019-06-18T15:34:10","date_gmt":"2019-06-18T13:34:10","guid":{"rendered":"https:\/\/tierisch-verliebt.de\/magazin\/?page_id=128"},"modified":"2025-02-07T12:05:48","modified_gmt":"2025-02-07T11:05:48","slug":"chihuahua","status":"publish","type":"page","link":"https:\/\/tierisch-verliebt.de\/magazin\/chihuahua\/","title":{"rendered":"Chihuahua &#8211; Der loyale Hund"},"content":{"rendered":"<p>Chihuahuas entscheiden sehr instinktiv, welchem Menschen sie ihre Aufmerksamkeit schenken und welchem nicht. <!--more--><\/p>\n\n<p>Nachdem er sich entschieden hat, bliebt er immer loyal gegen\u00fcber seinem Herrchen oder Frauchen, auch wenn sich weitere Personen um ihn k\u00fcmmern. Er gibt sich Fremden gegen\u00fcber grunds\u00e4tzlich liebenswert und ist sehr robust. Er ist stets lebhaft und wachsam, traut sich vieles zu und braucht nicht viel Ruhe. Er stellt sich auch gr\u00f6\u00dferen Hunden in den weg und versucht sein Herrchen bestm\u00f6glich zu sch\u00fctzen, was aufgrund seiner K\u00f6rpergr\u00f6\u00dfe aber nicht immer einfach ist.<\/p>\n<p>Sie ben\u00f6tigen auf alle F\u00e4lle eine konsequente <a href=\"https:\/\/tierisch-verliebt.de\/magazin\/hunderziehung-grundlegendes\/\">Erziehung<\/a> und fordern besonders in jungen Jahren sehr viel Aufmerksamkeit ein. Man darf ihn nicht zu sehr verw\u00f6hnen, denn dann l\u00e4sst er sich irgendwann gar nichts mehr sagen. Chihuahuas k\u00f6nnen sehr viel lernen und gelten als \u00e4u\u00dferst clevere Hunde.<\/p>\n<h2>Steckbrief<\/h2>\n<p><img decoding=\"async\" alt=\"check\" src=\"https:\/\/tierisch-verliebt.de\/magazin\/wp-content\/uploads\/2019\/06\/check-icon-16.png\"> <strong>Lebenserwartung:<\/strong> 10 bis 20 Jahre<br \/>\n<img decoding=\"async\" alt=\"check\" src=\"https:\/\/tierisch-verliebt.de\/magazin\/wp-content\/uploads\/2019\/06\/check-icon-16.png\"> <strong>Gewicht:<\/strong> 1,5 bis 3 kg<br \/>\n<img decoding=\"async\" alt=\"check\" src=\"https:\/\/tierisch-verliebt.de\/magazin\/wp-content\/uploads\/2019\/06\/check-icon-16.png\"> <strong>Widerristh\u00f6he:<\/strong> 14 bis 24 cm<br \/>\n<img decoding=\"async\" alt=\"check\" src=\"https:\/\/tierisch-verliebt.de\/magazin\/wp-content\/uploads\/2019\/06\/check-icon-16.png\"> <strong>Charakter:<\/strong> lebendig, aufgeweckt, liebevoll, konzentriert, mutig<br \/>\n<img decoding=\"async\" alt=\"check\" src=\"https:\/\/tierisch-verliebt.de\/magazin\/wp-content\/uploads\/2019\/06\/check-icon-16.png\"> <strong>Farben:<\/strong> schwarz, wei\u00df, rehbraun, creme, schokobraun &amp; gold<br \/>\n<img decoding=\"async\" alt=\"check\" src=\"https:\/\/tierisch-verliebt.de\/magazin\/wp-content\/uploads\/2019\/06\/check-icon-16.png\"> <strong>Kosten:<\/strong> Zwischen 850 &amp; 1.600 Euro<\/p>\n<p><img decoding=\"async\" class=\"alignnone size-large wp-image-2192\" src=\"https:\/\/tierisch-verliebt.de\/magazin\/wp-content\/uploads\/2023\/08\/Chihuahua-1024x683.jpg\" alt=\"Chihuahua\" width=\"910\" height=\"607\" srcset=\"https:\/\/tierisch-verliebt.de\/magazin\/wp-content\/uploads\/2023\/08\/Chihuahua-1024x683.jpg 1024w, https:\/\/tierisch-verliebt.de\/magazin\/wp-content\/uploads\/2023\/08\/Chihuahua-300x200.jpg 300w, https:\/\/tierisch-verliebt.de\/magazin\/wp-content\/uploads\/2023\/08\/Chihuahua-768x512.jpg 768w, https:\/\/tierisch-verliebt.de\/magazin\/wp-content\/uploads\/2023\/08\/Chihuahua.jpg 1280w\" sizes=\"(max-width: 910px) 100vw, 910px\" \/><\/p>\n<h2>Zuneigung und W\u00e4rme f\u00fcr den kleinen Hund<\/h2>\n<p>Der loyale Chihuahua gilt als Gesellschaftshund und ben\u00f6tigt viel W\u00e4rme und Zuneigung. Er bindet sich zwar fest an eine Bezugsperson, ist aber dennoch gut als Familienhund geeignet. Mit ihm sind viele Aktivit\u00e4ten m\u00f6glich, da er sehr unempfindlich ist und einer Menge Ausdauer mitbringt. Gr\u00f6\u00dfere Strecken sind \u00fcberhaupt kein Problem, er l\u00e4uft auch gern mit den Kindern drau\u00dfen herum.<\/p>\n<p><img decoding=\"async\" class=\"alignnone size-full wp-image-2570\" src=\"https:\/\/tierisch-verliebt.de\/magazin\/wp-content\/uploads\/2023\/12\/frau-mit-chihuahua-2.png\" alt=\"frau mit chihuahua \" width=\"1024\" height=\"1024\"><\/p>\n<h2>Herkunft und Geschichte der Chihuahuas<\/h2>\n<p>Urspr\u00fcnglich nahm man an, dass die kleinen Hunde aus Malta, \u00c4gypten oder China stammen. Mittlerweile geht man davon aus, dass sie aus Mexiko stammen. Die Azteken und Tolteken hielten sie als Haushunde. Der Legende nach mussten sie als Opfertiere f\u00fcr die G\u00f6tter herhalten, sondern wurden auch selbst verg\u00f6ttert und von den Herrschern mit ins Grab genommen.<\/p>\n<p>Der Hund sollte dem H\u00e4uptling im Grab den Weg ins Paradies zeigen, wenn dieser ihn zu Lebzeiten gut behandelt hatte. Der Hund wurde im 19. Jahrhundert in den USA bekannt und verbreitete sich schnell. Sie galten als charmant und quirlig, beschrieben wurde die Rasse erstmals im Jahr 1904. Der Hund wurde schnell in die ganze Welt gebracht, so kam er im Jahr 1956 auch nach Deutschland.<\/p>\n<p><img decoding=\"async\" class=\"alignnone size-large wp-image-2193\" src=\"https:\/\/tierisch-verliebt.de\/magazin\/wp-content\/uploads\/2023\/08\/Chihuahua-2-1024x682.jpg\" alt=\"Chihuahua\" width=\"910\" height=\"606\" srcset=\"https:\/\/tierisch-verliebt.de\/magazin\/wp-content\/uploads\/2023\/08\/Chihuahua-2-1024x682.jpg 1024w, https:\/\/tierisch-verliebt.de\/magazin\/wp-content\/uploads\/2023\/08\/Chihuahua-2-300x200.jpg 300w, https:\/\/tierisch-verliebt.de\/magazin\/wp-content\/uploads\/2023\/08\/Chihuahua-2-768x512.jpg 768w, https:\/\/tierisch-verliebt.de\/magazin\/wp-content\/uploads\/2023\/08\/Chihuahua-2.jpg 1280w\" sizes=\"(max-width: 910px) 100vw, 910px\" \/><\/p>\n<h2>Die Merkmale der Rasse Chihuahua<\/h2>\n<p>Der <strong>Chihuahua<\/strong> wird als kompakter Hund mit einem Kopf in Apfelform und einem markierten, breiten Stop beschrieben. Das Gewicht des Hundes liegt im Idealfall zwischen 1,5 und 2,5 Kilogramm. Die Lebenserwartung liegt zwischen 12 und 16 Jahren, wenn der Hund gut gepflegt wird. Kleinere Auspr\u00e4gungen der Rasse werden in der Regel nicht so als wie die Gr\u00f6\u00dferen.<\/p>\n<p>Der Kopf ist rund und die Nase relativ kurz. Das Maul ist breit und verf\u00fcgt \u00fcber ein Scheren- und Zangengebiss. Die Ohren sind weit ge\u00f6ffnet und sind in der Spitze leicht abgerundet. Der Rumpf der Hunde erscheint fast quadratisch, die H\u00fcndinnen sind jedoch etwas l\u00e4nger, damit die Geb\u00e4rmutter sich im Falle einer Tr\u00e4chtigkeit ausdehnen kann. Es gibt jeweils eine Variante mit langen und kurzen Haaren, die Farben k\u00f6nnen dabei sehr unterschiedlich sein.<\/p>\n<p>Die kurzhaarigen <strong>Chihuahuas<\/strong> verf\u00fcgen im Nacken- und Rutenbereich \u00fcber ein etwas l\u00e4ngeres <a href=\"https:\/\/tierisch-verliebt.de\/magazin\/pflege-von-fell-und-zaehnen-des-hundes\/\">Fell<\/a>. Die langhaarigen Verwandten sind am Kopf und an der Vorderseite kurzhaarig. Stellen ohne Haare sind in der Rasse nicht erlaubt. Die Variante mit den kurzen Haaren existiert schon wesentlich l\u00e4nger als die Langhaarvariante. Seine Bewegungen wirken elegant und kraftvoll, den Kopf tr\u00e4gt er stets erhoben. Die Rute tr\u00e4gt er entweder \u00fcber dem R\u00fccken oder gerade nach hinten, die Beine kreuzen sich beim Laufen nie.<\/p>\n<p><img decoding=\"async\" class=\"alignnone wp-image-2577 size-full\" src=\"https:\/\/tierisch-verliebt.de\/magazin\/wp-content\/uploads\/2023\/12\/frau-mit-chihuahua.png\" alt=\"Frau mit Chihuahua\" width=\"1024\" height=\"1024\"><\/p>\n<h2>Besonderheiten bei der Ern\u00e4hrung<\/h2>\n<p>Chihuahuas sind sehr aktive Hunde und m\u00fcssen auch dementsprechend gef\u00fcttert werden. Es sollte unbedingt auf die Vitamine und Mineralstoffe geachtet werden, weil es hier schnell zu Unter- oder \u00dcberversorgungen kommen kann. Die Gr\u00f6\u00dfe des Futters spielt ebenfalls eine wichtige Rolle, damit die Z\u00e4hne sich beim Kauen optimal abreiben. Die Zusammensetzung des Futters sollte nach Faktoren wie Alter, Gr\u00f6\u00dfe, Aktivit\u00e4ten und Gewicht erfolgen, aber auch die Krankheiten spielen eine Rolle. Zuchthunde ben\u00f6tigen ein besonderes <a href=\"https:\/\/tierisch-verliebt.de\/magazin\/insektenproteine-in-hundefutter\/\">Futter<\/a>, damit die H\u00fcndinnen den Nachwuchs optimal versorgen k\u00f6nnen. Bestimmte Stoffe k\u00f6nnen Allergien ausl\u00f6sen, darauf muss man beim Kauf des Futters achten.<\/p>\n<p>&nbsp;<\/p>\n<p><iframe src=\"https:\/\/www.youtube.com\/embed\/VHkLnjakbuk\" width=\"560\" height=\"340\" frameborder=\"0\" allowfullscreen=\"allowfullscreen\"><\/iframe><\/p>\n<h2>Krankheiten vermeiden<\/h2>\n<p>Bei den Chihuahuas gibt es einige rassetypische Erkrankungen, die teilweise mit der <a href=\"https:\/\/tierisch-verliebt.de\/magazin\/havaneser-ernaehrung\/\">Ern\u00e4hrung<\/a> zusammenh\u00e4ngen. Die Kopfform der Chihuahuas ist deutlich anders als die anderer Hunde, deshalb k\u00f6nnen Zahnfehlstellungen entstehen und die Z\u00e4hne beim Kauen unterschiedlich belastet werden, Zahnstein kann sich bilden.<\/p>\n<p>Die Eck- und Fangz\u00e4hne des Unterkiefers sind besonders h\u00e4ufig von einer Fehlstellung betroffen und m\u00fcssen vom Kieferorthop\u00e4den behandelt werden, sonst k\u00f6nnen weitere Sch\u00e4den entstehen. Manche Chihuahuas leiden unter dem Problem, dass Milchz\u00e4hne nicht ausfallen, obwohl die zweiten Z\u00e4hne bereits von unten nachschieben. Die Milchz\u00e4hne sollten dann vom Tierarzt gezogen werden, damit es nicht zu Entz\u00fcndungen kommt. Diese Sch\u00e4den f\u00fchren dazu, dass der Hund weniger kaut und sich so mehr Zahnstein bildet. Entz\u00fcndungen und Zahnausfall sind die Folgen.<\/p>\n<p>Am Effektivsten ist das t\u00e4gliche Z\u00e4hneputzen mit einer speziellen Zahnb\u00fcrste und einer speziellen Zahnpasta. Mit viel Lob kann man dem Hund das Z\u00e4hneputzen angenehm machen und es ihm bereits im Welpenalter beibringen. Die Ern\u00e4hrung sollte auch angepasst werden, denn bestimmte Trockenfuttersorten sorgen f\u00fcr einen st\u00e4rkeren Abrieb der <a href=\"https:\/\/tierisch-verliebt.de\/magazin\/pflege-von-fell-und-zaehnen-des-hundes\/\">Z\u00e4hne<\/a> und beugen somit Zahnstein vor.<\/p>\n<p>Bestimmte Zus\u00e4tze, beispielsweise Zinksalze, k\u00f6nnen das Wachstum der Bakterien im Mund hemmen und dem l\u00e4stigen Zahnstein so ebenfalls Einhalt gebieten. In besonderen F\u00e4llen kann Eukalyptus\u00f6l verwendet werden, weil es eine starke, antibakterielle Wirkung hat.<\/p>\nngg_shortcode_0_placeholder\n<h3>Harnsteine durch falsche Ern\u00e4hrung<\/h3>\n<p>Harnsteine sind eine h\u00e4ufige Krankheit der Chihuahuas. Sie k\u00f6nnen entweder genetisch oder durch die Ern\u00e4hrung bedingt werden. Der Hund hat dann h\u00e4ufig Blut im Urin, h\u00e4ufigen Harndrang und Schmerzen beim pinkeln. Die Bildung von Harnsteinen h\u00e4ngt mit dem PH-Wert des Urins zusammen und kann \u00fcber die Ern\u00e4hrung gesteuert werden. Durch die Zugabe von Natriumkarbonat erh\u00f6ht sich der PH-Wert im Urin und die Harnsteine bilden sich nicht mehr so einfach.<\/p>\n<p>Eine erh\u00f6hte Wasseraufnahme f\u00fchrt zu einer Vergr\u00f6\u00dferung der Blase und zur R\u00fcckbildung der Harnsteine. Proteine sind ebenfalls wichtig, deshalb sollten auch Muskelfleisch und andere Proteine gef\u00fcttert werden. Bei einer \u00dcberdosierung k\u00f6nnen diese aber ebenfalls zu Harnsteinen f\u00fchren.<\/p>\n<p><img decoding=\"async\" class=\"alignleft wp-image-2818\" src=\"https:\/\/tierisch-verliebt.de\/magazin\/wp-content\/uploads\/2024\/12\/ernaehrung-Chihuahua.webp\" alt=\"ernaehrung-chihuahua\" width=\"600\" height=\"600\" srcset=\"https:\/\/tierisch-verliebt.de\/magazin\/wp-content\/uploads\/2024\/12\/ernaehrung-Chihuahua.webp 1024w, https:\/\/tierisch-verliebt.de\/magazin\/wp-content\/uploads\/2024\/12\/ernaehrung-Chihuahua-300x300.webp 300w, https:\/\/tierisch-verliebt.de\/magazin\/wp-content\/uploads\/2024\/12\/ernaehrung-Chihuahua-150x150.webp 150w, https:\/\/tierisch-verliebt.de\/magazin\/wp-content\/uploads\/2024\/12\/ernaehrung-Chihuahua-768x768.webp 768w\" sizes=\"(max-width: 600px) 100vw, 600px\" \/><\/p>\n<h2>FAQ<\/h2>\n<h3><strong>Wie pflegeintensiv ist ein Chihuahua?<\/strong><\/h3>\n<p>Chihuahuas sind pflegeleicht, ben\u00f6tigen jedoch regelm\u00e4\u00dfiges B\u00fcrsten, um ihr Fell in gutem Zustand zu halten. Kurzhaarige Chihuahuas brauchen weniger Pflege als langhaarige.<\/p>\n<h3><strong>Wie viel Bewegung braucht ein Chihuahua?<\/strong><\/h3>\n<p>Trotz ihrer kleinen Gr\u00f6\u00dfe sind Chihuahuas aktive Hunde, die t\u00e4gliche Spazierg\u00e4nge und Spielzeit ben\u00f6tigen. Sie lieben es, besch\u00e4ftigt zu sein und sich zu bewegen.<\/p>\n<h3><strong>Sind Chihuahuas familienfreundlich?<\/strong><\/h3>\n<p>Ja, Chihuahuas k\u00f6nnen gute Familienhunde sein. Aufgrund ihrer Gr\u00f6\u00dfe sollten Kinder jedoch lernen, vorsichtig mit ihnen umzugehen, um Verletzungen zu vermeiden.<\/p>\n<h3><strong>Wie intelligent ist ein Chihuahua?<\/strong><\/h3>\n<p>Chihuahuas sind intelligent und lernwillig. Mit konsequentem Training k\u00f6nnen sie leicht neue Tricks und Kommandos lernen.<\/p>\n<h3><strong>Ist ein Chihuahua f\u00fcr Anf\u00e4nger geeignet?<\/strong><\/h3>\n<p>Ja, Chihuahuas sind eine gute Wahl f\u00fcr Anf\u00e4nger, solange diese bereit sind, sich intensiv mit ihrem Hund zu besch\u00e4ftigen und ihn gut zu sozialisieren.<\/p>\n<h3><strong>Wie verh\u00e4lt sich ein Chihuahua gegen\u00fcber Fremden?<\/strong><\/h3>\n<p>Chihuahuas sind von Natur aus wachsam und k\u00f6nnen gegen\u00fcber Fremden zur\u00fcckhaltend sein. Mit der richtigen Sozialisation k\u00f6nnen sie jedoch freundlich und ausgeglichen sein.<\/p>\n<p>&nbsp;<\/p>\n<p>&nbsp;<\/p>\n","protected":false},"excerpt":{"rendered":"<p>Chihuahuas entscheiden sehr instinktiv, welchem Menschen sie ihre Aufmerksamkeit schenken und welchem nicht.<\/p>\n","protected":false},"author":1,"featured_media":130,"parent":0,"menu_order":0,"comment_status":"closed","ping_status":"closed","template":"","meta":{"ngg_post_thumbnail":0,"footnotes":""},"class_list":["post-128","page","type-page","status-publish","has-post-thumbnail","hentry","comments-off"],"aioseo_notices":[],"_links":{"self":[{"href":"https:\/\/tierisch-verliebt.de\/magazin\/wp-json\/wp\/v2\/pages\/128","targetHints":{"allow":["GET"]}}],"collection":[{"href":"https:\/\/tierisch-verliebt.de\/magazin\/wp-json\/wp\/v2\/pages"}],"about":[{"href":"https:\/\/tierisch-verliebt.de\/magazin\/wp-json\/wp\/v2\/types\/page"}],"author":[{"embeddable":true,"href":"https:\/\/tierisch-verliebt.de\/magazin\/wp-json\/wp\/v2\/users\/1"}],"replies":[{"embeddable":true,"href":"https:\/\/tierisch-verliebt.de\/magazin\/wp-json\/wp\/v2\/comments?post=128"}],"version-history":[{"count":5,"href":"https:\/\/tierisch-verliebt.de\/magazin\/wp-json\/wp\/v2\/pages\/128\/revisions"}],"predecessor-version":[{"id":3026,"href":"https:\/\/tierisch-verliebt.de\/magazin\/wp-json\/wp\/v2\/pages\/128\/revisions\/3026"}],"wp:featuredmedia":[{"embeddable":true,"href":"https:\/\/tierisch-verliebt.de\/magazin\/wp-json\/wp\/v2\/media\/130"}],"wp:attachment":[{"href":"https:\/\/tierisch-verliebt.de\/magazin\/wp-json\/wp\/v2\/media?parent=128"}],"curies":[{"name":"wp","href":"https:\/\/api.w.org\/{rel}","templated":true}]}}