{"id":1275,"date":"2020-11-01T19:56:11","date_gmt":"2020-11-01T18:56:11","guid":{"rendered":"https:\/\/tierisch-verliebt.de\/magazin\/?page_id=1275"},"modified":"2026-03-03T11:31:35","modified_gmt":"2026-03-03T10:31:35","slug":"anatolischer-hirtenhund","status":"publish","type":"page","link":"https:\/\/tierisch-verliebt.de\/magazin\/anatolischer-hirtenhund\/","title":{"rendered":"Anatolischer Hirtenhund &#8211; Das Portrait"},"content":{"rendered":"<p>Der Anatolische Hirtenhund ist ein friedlicher, ruhiger Hund, der eine ausgepr\u00e4gte Selbstst\u00e4ndigkeit aufweist. Als Herdenschutzhund ist er eigenst\u00e4ndige Aktionen gew\u00f6hnt. Er braucht daher eine artgerechte Haltung und ist kein Hund f\u00fcr einen Anf\u00e4nger. Er braucht einen erfahrenen Hundef\u00fchrer. Hier nun das vollst\u00e4ndige Portrait zu Rasse Anatolischer Hirtenhund.<\/p>\n<h2>Steckbrief<\/h2>\n<p><img decoding=\"async\" alt=\"check\" src=\"https:\/\/tierisch-verliebt.de\/magazin\/wp-content\/uploads\/2019\/06\/check-icon-16.png\"> <strong>Lebenserwartung:<\/strong> 11 bis 14 Jahre<br \/>\n<img decoding=\"async\" alt=\"check\" src=\"https:\/\/tierisch-verliebt.de\/magazin\/wp-content\/uploads\/2019\/06\/check-icon-16.png\"> <strong>Gewicht:<\/strong> 44 bis 46 kg<br \/>\n<img decoding=\"async\" alt=\"check\" src=\"https:\/\/tierisch-verliebt.de\/magazin\/wp-content\/uploads\/2019\/06\/check-icon-16.png\"> <strong>Widerristh\u00f6he:<\/strong> 70 bis 86 cm<br \/>\n<img decoding=\"async\" alt=\"check\" src=\"https:\/\/tierisch-verliebt.de\/magazin\/wp-content\/uploads\/2019\/06\/check-icon-16.png\"> <strong>Charakter:<\/strong> usdauernd, ausgepr\u00e4gter Besch\u00fctzerinstinkt und sehr wachsam, mutig, ruhig, agil und wendig<br \/>\n<img decoding=\"async\" alt=\"check\" src=\"https:\/\/tierisch-verliebt.de\/magazin\/wp-content\/uploads\/2019\/06\/check-icon-16.png\"> <strong>Farben:<\/strong> wei\u00df oder hellbraun, teils mit dunkler Gesichtsmaske<br \/>\n<img decoding=\"async\" alt=\"check\" src=\"https:\/\/tierisch-verliebt.de\/magazin\/wp-content\/uploads\/2019\/06\/check-icon-16.png\"> <strong>FCI-Gruppe:<\/strong> von der <a href=\"https:\/\/tierisch-verliebt.de\/magazin\/fci-gruppen\/\">FCI<\/a> nicht anerkannt<br \/>\n<img decoding=\"async\" alt=\"check\" src=\"https:\/\/tierisch-verliebt.de\/magazin\/wp-content\/uploads\/2019\/06\/check-icon-16.png\"> <strong>Kosten:<\/strong> Zwischen 800 &amp; 1.000 Euro<\/p>\n<h2>Wesen und Charakter<\/h2>\n<p>Der Anatolische Hirtenhund ist ein sehr ausdauernder Hund. Gegen\u00fcber Fremden ist er misstrauisch. Er ist \u00e4u\u00dferst wachsam und hat einen gro\u00dfen Besch\u00fctzerinstinkt. Gerade in der Dunkelheit ist er sehr aufmerksam. Er ist sehr familienbezogen. Gleichzeitig ist er, wenn keine Gefahr besteht, ein ruhiger, besonnener Hund. Aufgrund seines urspr\u00fcnglichen Einsatzes als Hirtenhund neigt er zu Eigensinn und selbstst\u00e4ndigen Aktionen. Er kann sehr dominant auftreten, wird dabei aber nicht aggressiv. Seine Dominanz zeigt er nur selten mit Knurren oder Z\u00e4hnefletschen. Ansonsten hat er ein ruhiges, ausgeglichenes Wesen. Gleichzeitig ist er intelligent und kann, wenn erforderlich, sehr wendig und agil sein.<\/p>\n<h2>Herkunft und Geschichte von&nbsp;<strong>Anatolischen Hirtenhund<\/strong><\/h2>\n<p>Der Anatolische Hirtenhund stammt urspr\u00fcnglich aus der T\u00fcrkei, genauer aus Anatolien. Dort wurde er zur \u00dcberwachung von Schafherden eingesetzt. Mit seinem sehr anpassungsf\u00e4higen und dichten Fell kann er auch gut im Freien \u00fcbernachten und nachts auf eine Herde aufpassen. K\u00e4ltere Temperaturen machen ihm aufgrund des Fells nichts aus. Er passt sich ausgezeichnet an sehr unterschiedliche Temperaturschwankungen sowie an Trockenheit oder windige Bedingungen an.<br \/>\nDas und sein ausgepr\u00e4gter Besch\u00fctzerinstinkt sowie seine Wachsamkeit machen ihn zu einem idealen Hirtenhund.<\/p>\n<h2><img decoding=\"async\" class=\"aligncenter wp-image-1926 \" src=\"https:\/\/tierisch-verliebt.de\/magazin\/wp-content\/uploads\/2023\/02\/Anatolischer-Hirtenhund-1024x803.jpg\" alt=\"Anatolischer Hirtenhund\" width=\"495\" height=\"388\" srcset=\"https:\/\/tierisch-verliebt.de\/magazin\/wp-content\/uploads\/2023\/02\/Anatolischer-Hirtenhund-1024x803.jpg 1024w, https:\/\/tierisch-verliebt.de\/magazin\/wp-content\/uploads\/2023\/02\/Anatolischer-Hirtenhund-300x235.jpg 300w, https:\/\/tierisch-verliebt.de\/magazin\/wp-content\/uploads\/2023\/02\/Anatolischer-Hirtenhund-768x602.jpg 768w, https:\/\/tierisch-verliebt.de\/magazin\/wp-content\/uploads\/2023\/02\/Anatolischer-Hirtenhund-1536x1204.jpg 1536w, https:\/\/tierisch-verliebt.de\/magazin\/wp-content\/uploads\/2023\/02\/Anatolischer-Hirtenhund.jpg 1920w\" sizes=\"(max-width: 495px) 100vw, 495px\" \/><\/h2>\n<h2>\u00dcberlegungen vor der Anschaffung<\/h2>\n<p>Der Anatolische Hirtenhund ist kein Hund f\u00fcr Anf\u00e4nger. Er braucht einen erfahrenen Hundef\u00fchrer. Da er es gewohnt ist, selbstst\u00e4ndig zu agieren, braucht er einen Herrn, der in der Hundeerziehung Erfahrung hat. Er braucht eine enge Bindung zu seinem Herrn bzw. seiner Familie.<br \/>\nAls Welpe braucht der Anatolische Hirtenhund eine konsequente <a title=\"Hundeerziehung \u2013 Darauf kommt es an\" href=\"https:\/\/tierisch-verliebt.de\/magazin\/hunderziehung-grundlegendes\/\">Erziehung<\/a>, da sonst sein Dominanzverhalten und \u201eMacho\u201c-All\u00fcren gerne durchbrechen. Bei konsequenter und richtiger Erziehung folgt der Anatolische Hirtenhund und steht seinem Herrn loyal zur Seite, er merkt aber auch schnell Fehler in der Erziehung und sein Eigensinn kommt zum Vorschein.<\/p>\n<p>Bei Spazierengehen an der Leine braucht er Konsequenz, denn im Zweifelsfall in der Anatolische Hirtenhund immer der St\u00e4rkere. Es braucht eine feste Hand, um ihn z.B. an einem bellenden kleinen Hund vorbeizuziehen. Deshalb gilt diese Rasse auch verbreitet als gef\u00e4hrlicher Hund und ist nur etwas f\u00fcr Experten. In Hamburg und Hessen gilt der Anatolische Hirtenhund als <a title=\"Listenhunde \u2013 Diese Hunde werden in Deutschland als gef\u00e4hrlich eingestuft\" href=\"https:\/\/tierisch-verliebt.de\/magazin\/listenhunde\/\">Listenhund<\/a>. Damit gibt es besondere Auflagen, damit man einen solchen Hund halten kann. Dazu z\u00e4hlen ein Wesenstest des Hundes und der Halter muss einen <a href=\"https:\/\/www.fressnapf.de\/magazin\/hund\/erziehung\/hundefuehrerschein\/\" target=\"_blank\" rel=\"noopener\">Hundef\u00fchrerschein<\/a> vorzeigen. Zudem ist die Hundesteuer f\u00fcr gelistete Hund h\u00f6her.<\/p>\n<p>In seiner <a href=\"https:\/\/tierisch-verliebt.de\/magazin\/unterhalt-eines-hundes\/\">Haltung<\/a> ist diese Rasse sehr anspruchslos. Weder teures Spielzeug oder ein Geschirr mit Leine ist notwendig. Auch ist seine Ern\u00e4hrung nicht kompliziert, da er auch hier sehr anspruchslos ist.<br \/>\nDa er es gewohnt ist, bei Wind und Wetter drau\u00dfen zu sein, kann er das ganze Jahr \u00fcber au\u00dfer Haus verbringen. Er braucht keinen Zwinger oder eine Kette, ein geeigneter Unterschlag ist eine gute L\u00f6sung. Wichtig ist allerdings, dass er ausreichend Platz hat, da er einen hohen Bewegungsdrang hat. Eine stabile Umz\u00e4unung eines ausreichend gro\u00dfen Platzes mit einem stabilen 2 Meter hohen Stahlzaun ist gut geeignet. Allgemein ist eine Haltung in Deutschland schwierig, weil er hier einfach seiner eigentlichen Bestimmung nicht gerecht und nicht artgerecht gehalten werden kann.<\/p>\n<h2>Geeignete Aktivit\u00e4ten f\u00fcr Anatolische Hirtenhund<\/h2>\n<p>Der Anatolische Hirtenhund ist kein Hund zum Spazierengehen oder zum Halten in der Wohnung. Erst recht ist er kein Scho\u00dfh\u00fcndchen. Er braucht viel freien Auslauf und seine eigentliche Aufgabe ist das Bewachen einer Herde.<\/p>\n<h2>Rassemerkmale<\/h2>\n<p>Eigentlich gibt es den reinrassischen Anatolischen Hirtenhund nicht. Vielmehr fasst das FCI vier Schl\u00e4ge unter dieser Rasse zusammen. Sie alle zeigen ein kurzes, dichtes, anliegendes und gl\u00e4nzendes Deckhaar. Im Winter ist l\u00e4ngeres Fell m\u00f6glich. V.a. R\u00fcden haben einen Fellkragen. Die Risth\u00f6he liegt bei R\u00fcden bei bis zu 85cm. Er wiegt zwischen 44 und 64 kg und ist damit ein massiger, kraftvoller und muskul\u00f6ser Hund. Der Kopf ist breit und kr\u00e4ftig. Die Ohren sind mittelgro\u00df und liegen flachh\u00e4ngend seitlich am Kopf an.<\/p>\n<p>Der Hund ist ausdauernd und kann auch l\u00e4ngere Zeit schnell und laufen. Dabei zeigt er gleichm\u00e4\u00dfige, harmonische Bewegungen. Die R\u00fcckenlinie ist im Lauf fest und gerade. Die Mimik des Anatolischen Hirtenhundes ist stets sehr lebendig, hellwach und aufmerksam.<\/p>\n<p><iframe title=\"Anatolischer Hirtenhund (Kangal) | Kraftvolle Herdenschutzhunderasse \u2013 Kurzvideo\" width=\"910\" height=\"512\" src=\"https:\/\/www.youtube.com\/embed\/Lwv0_1CDZyg?feature=oembed\" frameborder=\"0\" allow=\"accelerometer; autoplay; clipboard-write; encrypted-media; gyroscope; picture-in-picture; web-share\" referrerpolicy=\"strict-origin-when-cross-origin\" allowfullscreen><\/iframe><\/p>\n<h2>Geeignete Ern\u00e4hrung f\u00fcr Anatolische Hirtenhund<\/h2>\n<p>Im Welpenalter ab der 6. Lebenswoche ist eine proteinarme <a href=\"https:\/\/tierisch-verliebt.de\/magazin\/getreidefreies-futter\/\">Ern\u00e4hrung<\/a> sinnvoll, damit der Hund nicht zu schnell in die H\u00f6he schie\u00dft. Im adulten Alter ist der Hund bei seinem Fressen nicht w\u00e4hlerisch. Um Gelenkerkrankungen und \u00dcbergewicht zu vermeiden, gibt es aber Ern\u00e4hrungsempfehlungen.<br \/>\nAllgemein frisst der Hund, was er bekommt. W\u00fcrde man ihm nur Brot und Wasser vorsetzen, w\u00e4re er auch damit zufrieden. Der Anatolische Hirtenhund kommt auch mit kleinen Portionen sehr gut zurecht. In seinem urspr\u00fcnglichen Einsatzgebiet als Herdenhund in der T\u00fcrkei machen ihm auch tagelanges Fasten nichts aus. Er braucht vergleichsweise wenig Fleisch, es sollte aber nicht ganz darauf verzichtet werden, damit er das notwendige Ma\u00df an tierischem Eiwei\u00df erh\u00e4lt.<\/p>\n<p><img decoding=\"async\" class=\"alignnone wp-image-2718\" src=\"https:\/\/tierisch-verliebt.de\/magazin\/wp-content\/uploads\/2024\/09\/anatolischer-hirtenhund-essen.webp\" alt=\"anatolischer-hirtenhund-essen\" width=\"600\" height=\"600\" srcset=\"https:\/\/tierisch-verliebt.de\/magazin\/wp-content\/uploads\/2024\/09\/anatolischer-hirtenhund-essen.webp 1024w, https:\/\/tierisch-verliebt.de\/magazin\/wp-content\/uploads\/2024\/09\/anatolischer-hirtenhund-essen-300x300.webp 300w, https:\/\/tierisch-verliebt.de\/magazin\/wp-content\/uploads\/2024\/09\/anatolischer-hirtenhund-essen-150x150.webp 150w, https:\/\/tierisch-verliebt.de\/magazin\/wp-content\/uploads\/2024\/09\/anatolischer-hirtenhund-essen-768x768.webp 768w\" sizes=\"(max-width: 600px) 100vw, 600px\" \/><\/p>\n<h2>FAQ<\/h2>\n<p><strong>Wie viel Pflege braucht ein Anatolischer Hirtenhund?<\/strong><\/p>\n<p>Anatolische Hirtenhunde haben ein dichtes Fell, das saisonal stark haart. Regelm\u00e4\u00dfiges B\u00fcrsten w\u00e4hrend des Fellwechsels hilft, abgestorbene Haare zu entfernen und das Fell gesund zu halten.<\/p>\n<p><strong>Ist der Anatolische Hirtenhund gut mit Kindern und anderen Haustieren?<\/strong><\/p>\n<p>Mit der richtigen Sozialisation k\u00f6nnen Anatolische Hirtenhunde gut mit Kindern und anderen Haustieren umgehen. Da sie von Natur aus Besch\u00fctzer sind, sollten sie immer unter Aufsicht stehen.<\/p>\n<p><strong>Wie viel Bewegung braucht ein Anatolischer Hirtenhund?<\/strong><\/p>\n<p>Diese Rasse ist aktiv und ben\u00f6tigt viel Bewegung. T\u00e4gliche lange Spazierg\u00e4nge und viel Platz zum Laufen sind ideal, besonders in einem gro\u00dfen Garten oder l\u00e4ndlichen Gebiet.<\/p>\n<p><strong>Welche gesundheitlichen Probleme k\u00f6nnen beim Anatolischen Hirtenhund auftreten?<\/strong><\/p>\n<p>Wie bei vielen gro\u00dfen Hunderassen k\u00f6nnen gesundheitliche Probleme wie H\u00fcftdysplasie und Gelenkprobleme auftreten. Regelm\u00e4\u00dfige tier\u00e4rztliche Untersuchungen sind wichtig.<\/p>\n<p><strong>Ist der Anatolische Hirtenhund f\u00fcr das Stadtleben geeignet?<\/strong><\/p>\n<p>Diese Rasse eignet sich besser f\u00fcr das Leben auf dem Land oder in einem Haus mit gro\u00dfem Garten. Der Anatolische Hirtenhund ben\u00f6tigt viel Platz und neigt dazu, unruhig zu werden, wenn er nicht genug Bewegung oder Freiheit hat.<\/p>\n","protected":false},"excerpt":{"rendered":"<p>Der Anatolische Hirtenhund ist ein friedlicher, ruhiger Hund, der eine ausgepr\u00e4gte Selbstst\u00e4ndigkeit aufweist. Als Herdenschutzhund ist er eigenst\u00e4ndige Aktionen gew\u00f6hnt.<\/p>\n","protected":false},"author":2,"featured_media":1278,"parent":0,"menu_order":0,"comment_status":"closed","ping_status":"closed","template":"","meta":{"ngg_post_thumbnail":0,"footnotes":""},"class_list":["post-1275","page","type-page","status-publish","has-post-thumbnail","hentry","comments-off"],"aioseo_notices":[],"_links":{"self":[{"href":"https:\/\/tierisch-verliebt.de\/magazin\/wp-json\/wp\/v2\/pages\/1275","targetHints":{"allow":["GET"]}}],"collection":[{"href":"https:\/\/tierisch-verliebt.de\/magazin\/wp-json\/wp\/v2\/pages"}],"about":[{"href":"https:\/\/tierisch-verliebt.de\/magazin\/wp-json\/wp\/v2\/types\/page"}],"author":[{"embeddable":true,"href":"https:\/\/tierisch-verliebt.de\/magazin\/wp-json\/wp\/v2\/users\/2"}],"replies":[{"embeddable":true,"href":"https:\/\/tierisch-verliebt.de\/magazin\/wp-json\/wp\/v2\/comments?post=1275"}],"version-history":[{"count":5,"href":"https:\/\/tierisch-verliebt.de\/magazin\/wp-json\/wp\/v2\/pages\/1275\/revisions"}],"predecessor-version":[{"id":3557,"href":"https:\/\/tierisch-verliebt.de\/magazin\/wp-json\/wp\/v2\/pages\/1275\/revisions\/3557"}],"wp:featuredmedia":[{"embeddable":true,"href":"https:\/\/tierisch-verliebt.de\/magazin\/wp-json\/wp\/v2\/media\/1278"}],"wp:attachment":[{"href":"https:\/\/tierisch-verliebt.de\/magazin\/wp-json\/wp\/v2\/media?parent=1275"}],"curies":[{"name":"wp","href":"https:\/\/api.w.org\/{rel}","templated":true}]}}