{"id":1146,"date":"2020-04-13T20:38:58","date_gmt":"2020-04-13T18:38:58","guid":{"rendered":"https:\/\/tierisch-verliebt.de\/magazin\/?page_id=1146"},"modified":"2020-11-02T19:14:28","modified_gmt":"2020-11-02T18:14:28","slug":"chausie","status":"publish","type":"page","link":"https:\/\/tierisch-verliebt.de\/magazin\/chausie\/","title":{"rendered":"Chausie &#8211; Das Portrait"},"content":{"rendered":"<p>Die Chausie ist eine seltene Katze und geh\u00f6rt zu den Hybridrassen. F\u00fcr diese Rasse wurden die <a href=\"https:\/\/tierisch-verliebt.de\/magazin\/hauskatze\/\">Hauskatze<\/a> und die Rohrkatze miteinander gekreuzt. Um die Hybridkatze am besten zu verstehen, muss man sich auch intensiv mit diesen beiden Katzenrassen besch\u00e4ftigen. Hier nun das vollst\u00e4ndige Portrait zu Rasse Chausie.<\/p>\n\n<p>Sie vereinen das Aussehen und den Freiheitsdrang einer <a href=\"https:\/\/tierisch-verliebt.de\/magazin\/wildkatze\/\">Wildkatze<\/a> mit der treuen und verschmusten Art der menschenliebenden Hauskatze.<\/p>\n<p>Den Bewegungsdrang hat sie sich von ihren Vorfahren ebenfalls bewahrt.<\/p>\n<h2>Steckbrief<\/h2>\n<p><img decoding=\"async\" alt=\"check\" src=\"https:\/\/tierisch-verliebt.de\/magazin\/wp-content\/uploads\/2019\/06\/check-icon-16.png\"> <strong>Name<\/strong>: Chausie<br \/>\n<img decoding=\"async\" alt=\"check\" src=\"https:\/\/tierisch-verliebt.de\/magazin\/wp-content\/uploads\/2019\/06\/check-icon-16.png\"> <strong>Wissenschaftlicher Name<\/strong>: Felis catus<br \/>\n<img decoding=\"async\" alt=\"check\" src=\"https:\/\/tierisch-verliebt.de\/magazin\/wp-content\/uploads\/2019\/06\/check-icon-16.png\"> <strong>Herkunft<\/strong>: USA<br \/>\n<img decoding=\"async\" alt=\"check\" src=\"https:\/\/tierisch-verliebt.de\/magazin\/wp-content\/uploads\/2019\/06\/check-icon-16.png\"> <strong>Lebenserwartung<\/strong>: 15 &#8211; 17 Jahre<br \/>\n<img decoding=\"async\" alt=\"check\" src=\"https:\/\/tierisch-verliebt.de\/magazin\/wp-content\/uploads\/2019\/06\/check-icon-16.png\"> <strong>Gewicht<\/strong>: 4,5 \u2013 10 kg<br \/>\n<img decoding=\"async\" alt=\"check\" src=\"https:\/\/tierisch-verliebt.de\/magazin\/wp-content\/uploads\/2019\/06\/check-icon-16.png\"> <strong>Fellfarben<\/strong>:  schwarz, braun ticked tabby, schwarz grizzled ticked tabby<br \/>\n<img decoding=\"async\" alt=\"check\" src=\"https:\/\/tierisch-verliebt.de\/magazin\/wp-content\/uploads\/2019\/06\/check-icon-16.png\"> <strong>Charakter<\/strong>: \tanh\u00e4nglich, neugierig, menschenbezogen, temperamentvoll<br \/>\n<img decoding=\"async\" alt=\"check\" src=\"https:\/\/tierisch-verliebt.de\/magazin\/wp-content\/uploads\/2019\/06\/check-icon-16.png\"> <strong>Kosten<\/strong>: Zwischen 1.200 &#038; 10.000 Euro<\/p>\n<h2>Wesen und Charakter<\/h2>\n<p>Wie man es von Hauskatzen gewohnt ist, sind auch Chausie-Katzen sehr anh\u00e4nglich und dem Menschen zugetan. Sie schmusen gern und genie\u00dfen die N\u00e4he zum Besitzer. Mit gro\u00dfer Neugier wird Herrchen oder Frauchen beobachtet und ihm auf Schritt und Tritt gefolgt.<\/p>\n<p>Auf Dauer ist dem Tier das jedoch zu langweilig, denn Abwechslung ist ihm wichtig. Hin und wieder kommt der Jagdtrieb der wilden Vorfahren zum Vorschein und verlangt nach Bes\u00e4nftigung.<\/p>\n<p>Bei langen Erkundungstouren werden V\u00f6gel und M\u00e4use gejagt und manchmal auch heimgebracht. Der Vierbeiner sieht eben nicht nur von au\u00dfen wild aus, sondern hat auch noch einiges an Temperament behalten.<\/p>\n<h2>Herkunft &#038; Geschichte<\/h2>\n<p>Wildkatzen waren f\u00fcr den Menschen schon immer faszinierend. Sie sind intelligent, anmutig und exotisch. Sie lassen sich gefangen nehmen und auch scheinbar z\u00e4hmen. Trotzdem bleiben sie unberechenbar und haben ihren eigenen Kopf.<\/p>\n<p>Eine weitere M\u00f6glichkeit in den Genuss eines Wildfangs zu kommen, ist die Z\u00fcchtung. Dementsprechend fing man in den 1960er Jahren in den USA an, sogenannte Hybridkatzen zu z\u00fcchten. Die Chausie ist seitdem immer beliebter in den USA geworden. Au\u00dferhalb der Staaten ist sie jedoch eher selten anzutreffen.<\/p>\n<h2>\u00dcberlegungen vor der Anschaffung <\/h2>\n<p>Bei der Anschaffung einer Hybridrasse muss man sich im Klaren dar\u00fcber sein, dass diese sehr viel teurer ist als eine normale Katze. Der Preis richtet sich nach Generation und Wildblutanteil. Die Gefahr, hier Betr\u00fcgern zum Opfer zu fallen, ist sehr hoch. Seri\u00f6se Angebote liegen bei 7.500 bis 10.000 Euro.<\/p>\n<p>Dazu kommen weitere Kosten f\u00fcr Impfungen. Wie jeder Freig\u00e4nger sollte auch die Chausie gegen Tollwut, Katzenschnupfen, Katzenseuche und Leukose geimpft werden. Auch auf Parasiten ist zu achten. Dagegen gibt es unterschiedliche Mittel wie Halsb\u00e4nder. Hinzu kommen regelm\u00e4\u00dfige Termine beim Tierarzt,<\/p>\n<p>Die Chausie steht, im Gegensatz zu ihren Artgenossen, gern im Mittelpunkt und vertr\u00e4gt sich gut mit Kindern. Trotzdem ben\u00f6tigt sie ihren Freiraum, um ihrem Jagdtrieb nachzugehen. Wenn ihre Anh\u00e4nglichkeit und ihr Freiheitsdrang gleicherma\u00dfen respektiert werden, bleibt die Chausie auch auf Dauer ausgeglichen und freundlich.<\/p>\n<p>Eine Haltung in kleinen Wohnungen ist daher nicht empfehlenswert.<\/p>\n<p>Ansonsten ist der Vierbeiner sehr pflegeleicht. Durch ihr kurzes bis mittellanges Fell reicht es aus, sie alle paar Tage zu b\u00fcrsten und ihre Haut, Pfoten und Krallen zu \u00fcberpr\u00fcfen. .<\/p>\n<p>Bei richtiger Pflege kann diese Rasse bis zu 16 Jahre alt werden.<\/p>\n<h2>Geeignete Aktivit\u00e4ten<\/h2>\n<p>Die Chausie liebt das Beisammensein mit Menschen und gemeinsame Aktivit\u00e4ten. Diese Hybridrasse hat jedoch viel Energie und kann Langeweile nicht ertragen. Die Wildkatze in ihr ist intelligent, braucht Bewegung und Abwechslung. Eint\u00f6niges Spielzeug oder mehrere Stunden allein haben zwangsl\u00e4ufig Probleme zur Folge.<\/p>\n<p>Dagegen helfen viele Kletterm\u00f6glichkeit zu Hause, andere Katzen als Spielgef\u00e4hrten oder gen\u00fcgend Auslauf mit gelegentlichem Besuch bei ihrem Menschen. Der Besitzer sollte sich dann etwas Zeit nehmen und mit dem Wildfang Spiele spielen, die den Jagdtrieb anstacheln und das Tier richtig auspowern.<\/p>\n<h2>Rassemerkmale<\/h2>\n<p>Der Chausie sieht man ihre Herkunft sofort an. Sie sieht exotisch aus, hat gro\u00dfe auseinanderstehende Augen und einen athletischen K\u00f6rperbau, der sie zum perfekten J\u00e4ger macht. Besondere Merkmale sind auch ihre ausgepr\u00e4gten Wangenknochen und ihre wuscheligen Luchsohren.<\/p>\n<p>Das Fell der Hybridkatze ist kurz bis mittellang und braun oder schwarz. Manchmal auch silberfarben. Die Augen sind auffallend hell und Gold, Gelb, Braun oder Gr\u00fcn.<\/p>\n<h2>Geeignete Ern\u00e4hrung<\/h2>\n<p>Zur artgerechten Haltung eines Tieres z\u00e4hlt auch die gesunde Ern\u00e4hrung. In manchen Dingen ist die Chausie recht unkompliziert, weil sie zum Teil der Hauskatze entstammt. Die F\u00fctterung geh\u00f6rt leider nicht dazu.<\/p>\n<p>Durch die direkte Abstammung von Wildkatzen ist diese Rasse viel w\u00e4hlerischer als ihre Artgenossen.<\/p>\n<p>Industriell hergestelltes <a href=\"https:\/\/tierisch-verliebt.de\/magazin\/katzenfutter-im-test\/\">Futter<\/a> wird abgelehnt bzw. erst gar nicht vertragen. Halter, die BARFen (Rohf\u00fctterung), m\u00fcssen sich mit dem Thema gut auskennen. Wer hier nicht auf die Qualit\u00e4t der Zutaten oder die richtige Menge achtet, riskiert N\u00e4hrstoffmangel und gesundheitliche Probleme bei seinem Haustier.<\/p>\n<p>Bei der F\u00fctterung muss auch ber\u00fccksichtigt werden, dass diese Hybridrasse ein Freig\u00e4nger ist. Auf der Jagd erg\u00e4nzt sie die Nahrung, die ihr fehlt. Obst und Gem\u00fcse sind daher immer eine gute Futterwahl. Den Fleischanteil holt sich der Vierbeiner bei V\u00f6geln und M\u00e4usen.<\/p>\n","protected":false},"excerpt":{"rendered":"<p>Die Chausie ist eine seltene Katze und geh\u00f6rt zu den Hybridrassen. F\u00fcr diese Rasse wurden die Hauskatze und die Rohrkatze<\/p>\n","protected":false},"author":2,"featured_media":0,"parent":0,"menu_order":0,"comment_status":"closed","ping_status":"closed","template":"","meta":{"ngg_post_thumbnail":0,"footnotes":""},"class_list":["post-1146","page","type-page","status-publish","hentry","comments-off"],"aioseo_notices":[],"_links":{"self":[{"href":"https:\/\/tierisch-verliebt.de\/magazin\/wp-json\/wp\/v2\/pages\/1146","targetHints":{"allow":["GET"]}}],"collection":[{"href":"https:\/\/tierisch-verliebt.de\/magazin\/wp-json\/wp\/v2\/pages"}],"about":[{"href":"https:\/\/tierisch-verliebt.de\/magazin\/wp-json\/wp\/v2\/types\/page"}],"author":[{"embeddable":true,"href":"https:\/\/tierisch-verliebt.de\/magazin\/wp-json\/wp\/v2\/users\/2"}],"replies":[{"embeddable":true,"href":"https:\/\/tierisch-verliebt.de\/magazin\/wp-json\/wp\/v2\/comments?post=1146"}],"version-history":[{"count":5,"href":"https:\/\/tierisch-verliebt.de\/magazin\/wp-json\/wp\/v2\/pages\/1146\/revisions"}],"predecessor-version":[{"id":3267,"href":"https:\/\/tierisch-verliebt.de\/magazin\/wp-json\/wp\/v2\/pages\/1146\/revisions\/3267"}],"wp:attachment":[{"href":"https:\/\/tierisch-verliebt.de\/magazin\/wp-json\/wp\/v2\/media?parent=1146"}],"curies":[{"name":"wp","href":"https:\/\/api.w.org\/{rel}","templated":true}]}}