{"id":1141,"date":"2020-04-09T20:58:19","date_gmt":"2020-04-09T18:58:19","guid":{"rendered":"https:\/\/tierisch-verliebt.de\/magazin\/?page_id=1141"},"modified":"2025-12-01T22:05:46","modified_gmt":"2025-12-01T21:05:46","slug":"laperm","status":"publish","type":"page","link":"https:\/\/tierisch-verliebt.de\/magazin\/laperm\/","title":{"rendered":"LaPerm &#8211; Das Portrait"},"content":{"rendered":"<p>Die Katzenrasse LaPerm ist noch eine ziemlich junge Rasse. Ihre Entstehung verdankt sei einer eher zuf\u00e4lligen Mutation der Gene. Die Katzen fallen vor allem durch ihr gelocktes Fell aus, das aussieht als h\u00e4tte die Katze eine Dauerwelle bekommen. Auch sehr bezeichnend f\u00fcr die LaPerm ist ihre Ausrichtung auf den Menschen. Sie ist sehr anh\u00e4nglich und sie ist eine perfekte Schmusekatze. Hier nun das vollst\u00e4ndige Portrait zu dieser Rasse.<\/p>\n\n<h2>Steckbrief<\/h2>\n<p><img decoding=\"async\" alt=\"check\" src=\"https:\/\/tierisch-verliebt.de\/magazin\/wp-content\/uploads\/2019\/06\/check-icon-16.png\"> <strong>Name<\/strong>: LaPerm<br \/>\n<img decoding=\"async\" alt=\"check\" src=\"https:\/\/tierisch-verliebt.de\/magazin\/wp-content\/uploads\/2019\/06\/check-icon-16.png\"> <strong>Wissenschaftlicher Name<\/strong>: Felis catus<br \/>\n<img decoding=\"async\" alt=\"check\" src=\"https:\/\/tierisch-verliebt.de\/magazin\/wp-content\/uploads\/2019\/06\/check-icon-16.png\"> <strong>Herkunft<\/strong>: USA<br \/>\n<img decoding=\"async\" alt=\"check\" src=\"https:\/\/tierisch-verliebt.de\/magazin\/wp-content\/uploads\/2019\/06\/check-icon-16.png\"> <strong>Lebenserwartung<\/strong>: 14 &#8211; 16 Jahre<br \/>\n<img decoding=\"async\" alt=\"check\" src=\"https:\/\/tierisch-verliebt.de\/magazin\/wp-content\/uploads\/2019\/06\/check-icon-16.png\"> <strong>Gewicht<\/strong>: 2,5 \u2013 5 kg<br \/>\n<img decoding=\"async\" alt=\"check\" src=\"https:\/\/tierisch-verliebt.de\/magazin\/wp-content\/uploads\/2019\/06\/check-icon-16.png\"> <strong>Fellfarben<\/strong>: alle Farben<br \/>\n<img decoding=\"async\" alt=\"check\" src=\"https:\/\/tierisch-verliebt.de\/magazin\/wp-content\/uploads\/2019\/06\/check-icon-16.png\"> <strong>Charakter<\/strong>: freundlich, gesellig, verschmust, verspielt<br \/>\n<img decoding=\"async\" alt=\"check\" src=\"https:\/\/tierisch-verliebt.de\/magazin\/wp-content\/uploads\/2019\/06\/check-icon-16.png\"> <strong>Kosten<\/strong>: Zwischen 600 &amp; 1.300 Euro<\/p>\n<h2>Wesen und Charakter der LaPerm Katze<\/h2>\n<p>Freundlich, gesellig, verschmust und verspielt sind die Hauptmerkmale einer LaPerm Katze. Da sie sehr menschenbezogen ist, sucht sie sich eine Bezugsperson in der Familie aus und folgt dieser Person dann \u00fcberall hin. Sie ist zwar nicht allzu sehr an der Gesellschaft anderer Katzen interessiert, kommt aber meistens gut mit anderen Katzen aus. Sie genie\u00dft die Schmuse Stunden mit ihrem Lieblingsmenschen und spielt auch sehr gerne. Vor allem die Jungtiere brauchen viel Bewegung und verbringen viel Zeit mit Klettern, Toben und Spielen.<\/p>\n<p>Der Lieblingsplatz einer LaPerm Katze ist der Scho\u00df ihres Menschen. Sie liebt ausgiebige Streicheleinheiten. Sie m\u00f6gen es nicht, allein gelassen zu werden. Die LaPerm ist sehr sozial und gesellig und sucht den Kontakt zu Menschen. Die LaPerm Katzen kommen meist auch gut mit Kindern und anderen Haustieren zurecht.<\/p>\n<p><img decoding=\"async\" class=\"alignnone size-large wp-image-3405\" src=\"https:\/\/tierisch-verliebt.de\/magazin\/wp-content\/uploads\/2025\/12\/ChatGPT-Image-1.12.2025-\u0433.-23_00_53-683x1024.png\" alt=\"\" width=\"683\" height=\"1024\" srcset=\"https:\/\/tierisch-verliebt.de\/magazin\/wp-content\/uploads\/2025\/12\/ChatGPT-Image-1.12.2025-\u0433.-23_00_53-683x1024.png 683w, https:\/\/tierisch-verliebt.de\/magazin\/wp-content\/uploads\/2025\/12\/ChatGPT-Image-1.12.2025-\u0433.-23_00_53-200x300.png 200w, https:\/\/tierisch-verliebt.de\/magazin\/wp-content\/uploads\/2025\/12\/ChatGPT-Image-1.12.2025-\u0433.-23_00_53-768x1152.png 768w, https:\/\/tierisch-verliebt.de\/magazin\/wp-content\/uploads\/2025\/12\/ChatGPT-Image-1.12.2025-\u0433.-23_00_53.png 1024w\" sizes=\"(max-width: 683px) 100vw, 683px\" \/><\/p>\n<h2>Herkunft &amp; Geschichte<\/h2>\n<p>Die Farm von Linda Koehl nahe von The Dalles im US-Bundesstaat Oregon ist die Heimat der LaPerm Katze. Bei einem Wurf der frei auf ihrem Hof lebenden Katzen im Jahr 1982 war eines der sechs Katzenwelpen anders als die anderen. Es war v\u00f6llig kahl und unterschied sich auch in ihrem Wesen von den anderen Katzenbabys. Anders als ihre f\u00fcnf Geschwister, die wie ihre Mutter als Freig\u00e4nger auf dem Hof lebten, suchte diese junge K\u00e4tzin die N\u00e4he der Besitzerin und folgte ihr st\u00e4ndig \u00fcberall hin.<\/p>\n<p>Diese K\u00e4tzin war Curly, von der alle LaPerm Katzen abstammen. Nach etwa acht Wochen entwickelte die junge Katze ein weiches, lockiges Fell, was ihr den Namen Curly einbrachte. Da Curly, wie ihre Geschwister frei auf dem Hof lebte, verpaarte sie sich mit einem Kater. Sie vererbte das mutierte Gen, das f\u00fcr ihr lockiges Fell verantwortlich war an ihre Welpen. Ihr erster Wurf von f\u00fcnf Katern war bei der Geburt kahl und entwickelte sp\u00e4ter das gleiche lockige Fell wie ihre Mutter.<\/p>\n<p>Koehl begann sich f\u00fcr die Aufzucht und Vererbungslehre von Katzen zu interessieren. Curly und ihr Nachwuchs wurden im Haus aufgenommen und genau beobachtet. Sie wurden gezielt mit normalen <a href=\"https:\/\/tierisch-verliebt.de\/magazin\/hauskatze\/\">Hauskatzen <\/a>verpaart.<\/p>\n<p>Ein Freund, der von dem lockigen Fell und der Sanftheit von Curly und ihren Kindern begeistert war, gab Koehl den Rat, sie Katzen auf einer Ausstellung vorzuf\u00fchren. Koehl zeigte daraufhin bei einer Ausstellung der CFA-Zuchtrichterin Kim Everett als einer der ersten ihre lockigen Katzen. Everett fand die neue Katzenrasse \u201eLaPerm\u201c au\u00dfergew\u00f6hnlich und ermutigte Lind Kohel zur weiteren Z\u00fcchtung und zum Anstreben der offiziellen Anerkennung der Rasse.<\/p>\n<p>Der Name LaPerm kommt von der Kurzform von \u201epermanent wave\u201c, also \u201eperm\u201c f\u00fcr Dauerwelle.<\/p>\n<p>Koehl war erfolgreich und im Jahr 2004 erhielt die LaPerm Katze die offizielle Anerkennung der TICA (The International Cat Association). Im Jahr 2015 wurde die Rasse auch bei der FIFe (F\u00e9d\u00e9ration Internationale F\u00e9line) offiziell aufgenommen.<\/p>\n<p>Die meisten LaPerm Z\u00fcchter gibt es heute in den USA, aber auch in Deutschland, Frankreich, Gro\u00dfbritannien, den Niederlanden und Russland werden heute LaPerm Katzen gez\u00fcchtet. Das \u201eLocken-Gen\u201c wird bei den LaPerm Katzen dominant vererbt und bleibt auch bei Fremdverpaarungen bestehen. Allerdings sind unter der FIFe und der CFA (Car Fanciers\u2019 Association) seit 2015 keine Einkreuzungen anderer Rassen mehr erlaubt.<\/p>\n<h2>\u00dcberlegungen vor der Anschaffung<\/h2>\n<p>Da die LaPerm Katze besonders anh\u00e4nglich und menschenbezogen ist, eignet sie sich sehr gute f\u00fcr eine reine Wohnungshaltung. Auch, wenn ihr Freigang erlaubt wird, kehrt sie schnell wieder nach Hause zur\u00fcck.<\/p>\n<p>Wenn Sie sich eine LaPerm Katze anschaffen wollen, sollten Sie viel Zeit f\u00fcr sie einplanen. Sie ist nicht wirklich f\u00fcr einen berufst\u00e4tigen Single, der selten zu Hause ist geeignet. Auch eine Zweitkatze ist kein ausreichender Ersatz f\u00fcr ihren Lieblingsmenschen.<\/p>\n<p>Des Weiteren sollten Sie vor der Anschaffung bedenken, dass Sie die Verantwortung f\u00fcr ein ganzes Tierleben \u00fcbernehmen. Sollten sie dazu nicht bereit sein, sollten Sie sich keine Katze anschaffen.<\/p>\n<p>Da die Katzenrasse noch sehr jung ist, sind die Tiere in der Anschaffung ziemlich teuer. Ein Tier kostet zwischen 600 und 1300 Euro.<\/p>\n<p>Dann sollten Sie noch mit den folgenden Kosten f\u00fcr eine Erstausstattung rechnen:<\/p>\n<ul>\n<li style=\"list-style-type: none;\">\n<ul>\n<li>Katzenkorb, Kuschelh\u00f6hle ab 15 Euro<\/li>\n<li>Katzendecke\/ -kissen ab 10 Euro<\/li>\n<li>Kratzbaum, Kratzbrett ab 20 Euro<\/li>\n<li>Katzentoilette ab 10 Euro<\/li>\n<li>Katzenstreu ab 10 Euro<\/li>\n<li>Transportbox ab 10 Euro<\/li>\n<li>Zeckenzange (bei Freig\u00e4ngern) ab 2 Euro<\/li>\n<li>B\u00fcrste \/ Kamm (bei Langhaarkatzen) ab 3 Euro<\/li>\n<li>Gesamt ab 80 Euro<\/li>\n<\/ul>\n<\/li>\n<\/ul>\n<p>Hinzu kommen monatliche Futterkosten, die sich nach der Qualit\u00e4t des Futters richten und etwaige Tierarztkosten.<\/p>\n<h2>Geeignete Aktivit\u00e4ten<\/h2>\n<p>Bei Ihrer LaPerm Katze sind Sie f\u00fcr die Besch\u00e4ftigung und Bewegung der Katze verantwortlich. Sie sollten f\u00fcr sie auf jeden Fall einen Kratzbaum mit Kletter- und Spielm\u00f6glichkeiten zur Verf\u00fcgung stellen. Auch Spielzeug wird von der Katze sehr gerne angenommen, wenn Sie sich ausreichend Zeit nehmen, mit Ihr zu spielen.<\/p>\n<p>Ein abgesicherter Balkon oder Garten werden von Ihrer LaPerm Katze gerne angenommen. So kann die Katze Freiheit in Sicherheit genie\u00dfen.<\/p>\n<p><img decoding=\"async\" class=\"alignnone size-large wp-image-3406\" src=\"https:\/\/tierisch-verliebt.de\/magazin\/wp-content\/uploads\/2025\/12\/ChatGPT-Image-1.12.2025-\u0433.-23_04_27-683x1024.png\" alt=\"\" width=\"683\" height=\"1024\" srcset=\"https:\/\/tierisch-verliebt.de\/magazin\/wp-content\/uploads\/2025\/12\/ChatGPT-Image-1.12.2025-\u0433.-23_04_27-683x1024.png 683w, https:\/\/tierisch-verliebt.de\/magazin\/wp-content\/uploads\/2025\/12\/ChatGPT-Image-1.12.2025-\u0433.-23_04_27-200x300.png 200w, https:\/\/tierisch-verliebt.de\/magazin\/wp-content\/uploads\/2025\/12\/ChatGPT-Image-1.12.2025-\u0433.-23_04_27-768x1152.png 768w, https:\/\/tierisch-verliebt.de\/magazin\/wp-content\/uploads\/2025\/12\/ChatGPT-Image-1.12.2025-\u0433.-23_04_27.png 1024w\" sizes=\"(max-width: 683px) 100vw, 683px\" \/><\/p>\n<h2>Rassemerkmale<\/h2>\n<p>Da die LaPerm Katze urspr\u00fcnglich eine Farmkatze war, hat sie einen mittelgro\u00dfen, schlanken und dennoch muskul\u00f6sen K\u00f6rperbau. Ausgewachsene Katzen erreichen ein Gewicht von etwa vier Kilogramm, wobei Katzen meist etwas leichter sind als die Kater. Die Beine der LaPerm sind mittellang. Die Hinterbeine k\u00f6nnen etwas l\u00e4nger sein als die Vorderbeine. Die Pfoten sind abgerundet.<\/p>\n<p>Die LaPerm hat einen buschigen, langen und spitz zulaufenden Schwanz. Nach den Standards der FIFe soll der Schwanz einer langhaarigen LaPerm einem Federbusch, der einer kurzhaarigen sollte einer Flaschenb\u00fcrste gleichen.<\/p>\n<p>Der Kopf der La Perm ist keilf\u00f6rmig und hat ein ausgepr\u00e4gtes Schnurrhaar Kissen und weiche Konturen. Ihr Kinn ist stark und Fest, die Nase breit und gerade. Der Kopf eines Katers ist meist breiter.<\/p>\n<p>Die LaPerm hat gro\u00dfe Ohren mit einer breiten Basis und einer abgerundeten Spitze. Bei der LaPerm-Langhaarkatze d\u00fcrfen die Ohren innen behaart sein und es d\u00fcrfen Luchsb\u00fcscheln an der Spitze der Ohren vorhanden sein. Bei einer LaPerm-Kurzhaarkatze sind keine B\u00fcschel erw\u00fcnscht.<\/p>\n<p>Die Augen der LaPerm sind mittelgro\u00df, haben einen starken Ausdruck. Sie sind mandelf\u00f6rmig, stehen leicht auseinander und sind schr\u00e4g angeordnet. Es d\u00fcrfen alle Augenfarben vorkommen, auch zweifarbige Augen sind nicht selten.<\/p>\n<p>Das Fell ist lockig bis gewellt, wobei Locken bei Zuchtkatzen bevorzugt werden. Feste Locken hat die Katze in der Halskrause und am Ohransatz. Laut FIFe sieht das Fell der Langhaarkatzen \u201ezottelig, fast ungepflegt\u201c aus. Das Fell der Kurzhaarkatze kann etwas h\u00e4rter sein. Die Katze ist in allen Farbvarianten zugelassen. Die Schnurrhaare k\u00f6nnen gekr\u00e4uselt, gewellt oder gerade sein.<\/p>\n<h2>Geeignete Ern\u00e4hrung<\/h2>\n<p>Dank der robusten Konstitution der LaPerm hat sie keine besonderen Anspr\u00fcche an das Futter. Sie sollten jedoch ein hochwertiges <a href=\"https:\/\/tierisch-verliebt.de\/magazin\/katzenfutter-im-test\/\">Katzenfutter<\/a> f\u00fcttern, damit die Katze alle wichtigen N\u00e4hrstoffe bekommt, die sie f\u00fcr ein gesundes und langes Leben braucht. Hochwertiges Futter sollte auch seinen hohen Fleischanteil, allerdings keinen Fleischabf\u00e4llen, bestehen und Obst und Gem\u00fcse erg\u00e4nzt werden. Es sollte einen sehr geringen Getreideanteil haben. Au\u00dferdem sollten weder Zucker, chemische Konservierungsstoffe noch k\u00fcnstliche Geschmacksverst\u00e4rker in dem Futter enthalten sein.<\/p>\n<h3>FAQ<\/h3>\n<h3 data-start=\"305\" data-end=\"344\"><strong data-start=\"627\" data-end=\"673\">Ist die LaPerm f\u00fcr Allergiker geeignet?<\/strong><\/h3>\n<p data-start=\"676\" data-end=\"908\">Viele Allergiker berichten, dass sie LaPerm Katzen besser vertragen als andere Rassen. Allerdings ist sie <strong data-start=\"782\" data-end=\"821\">keine offiziell hypoallergene Katze<\/strong>. Wer zu Allergien neigt, sollte vor der Anschaffung testen, ob eine Reaktion auftritt.<\/p>\n<p data-start=\"1205\" data-end=\"1261\"><strong data-start=\"1209\" data-end=\"1259\">Wie viel Besch\u00e4ftigung braucht eine LaPerm?<\/strong><\/p>\n<p data-start=\"1262\" data-end=\"1329\">LaPerm Katzen sind aktiv, neugierig und verspielt. Sie ben\u00f6tigen:<\/p>\n<ul data-start=\"1330\" data-end=\"1559\">\n<li data-start=\"1330\" data-end=\"1357\">\n<p data-start=\"1332\" data-end=\"1357\">regelm\u00e4\u00dfige Spielzeiten<\/p>\n<\/li>\n<li data-start=\"1358\" data-end=\"1393\">\n<p data-start=\"1360\" data-end=\"1393\">Kletter- und Kratzm\u00f6glichkeiten<\/p>\n<\/li>\n<li data-start=\"1394\" data-end=\"1434\">\n<p data-start=\"1396\" data-end=\"1434\">Denkspiele oder Intelligenzspielzeug<\/p>\n<\/li>\n<li data-start=\"1435\" data-end=\"1559\">\n<p data-start=\"1437\" data-end=\"1559\">und m\u00f6glichst Zugang zu einem gesicherten Balkon\/Garten<br data-start=\"1492\" data-end=\"1495\">Langweilt sie sich, kann sie unerw\u00fcnschtes Verhalten entwickeln.<\/p>\n<\/li>\n<\/ul>\n<p data-start=\"1561\" data-end=\"1613\"><strong data-start=\"1565\" data-end=\"1611\">Wie oft sollte man eine LaPerm pflegen?<\/strong><\/p>\n<p data-start=\"1614\" data-end=\"1645\">Pflegeaufwand ist <strong data-start=\"1632\" data-end=\"1642\">mittel<\/strong>:<\/p>\n<ul data-start=\"1646\" data-end=\"1824\">\n<li data-start=\"1646\" data-end=\"1692\">\n<p data-start=\"1648\" data-end=\"1692\">Kurzhaar-LaPerms: einmal pro Woche b\u00fcrsten<\/p>\n<\/li>\n<li data-start=\"1693\" data-end=\"1824\">\n<p data-start=\"1695\" data-end=\"1824\">Langhaar-LaPerms: 2\u20133 Mal pro Woche<br data-start=\"1730\" data-end=\"1733\">Ziel ist nicht Glanz wie bei anderen Rassen, sondern die lockige Struktur gesund zu halten.<\/p>\n<\/li>\n<\/ul>\n<p data-start=\"1826\" data-end=\"1878\"><strong data-start=\"1830\" data-end=\"1876\">Sind LaPerm Katzen gute Familienkatzen?<\/strong><\/p>\n<p data-start=\"1879\" data-end=\"2094\">Ja \u2013 sie gelten als <strong data-start=\"1899\" data-end=\"1955\">extrem kinderfreundlich, kontaktfreudig und geduldig<\/strong>. Sie genie\u00dfen das Spielen mit Kindern und sind selten aggressiv. Sehr kleine Kinder sollten trotzdem lernen, vorsichtig mit ihr umzugehen.<\/p>\n<p data-start=\"2551\" data-end=\"2595\"><strong data-start=\"2555\" data-end=\"2593\">Wie alt wird eine LaPerm Katze?<\/strong><\/p>\n<p data-start=\"2596\" data-end=\"2691\">Die durchschnittliche Lebenserwartung liegt bei <strong data-start=\"2644\" data-end=\"2660\">12\u201315 Jahren<\/strong>, bei guter Pflege auch l\u00e4nger.<\/p>\n<p data-start=\"2693\" data-end=\"2754\"><strong data-start=\"2697\" data-end=\"2752\">Gibt es typische Krankheiten bei LaPerm Katzen?<\/strong><\/p>\n<p data-start=\"2755\" data-end=\"2831\">Die Rasse gilt als <strong data-start=\"2774\" data-end=\"2795\">gesund und robust<\/strong>.<br data-start=\"2796\" data-end=\"2799\">Gelegentlich k\u00f6nnen auftreten:<\/p>\n<ul data-start=\"2832\" data-end=\"2992\">\n<li data-start=\"2832\" data-end=\"2848\">\n<p data-start=\"2834\" data-end=\"2848\">Zahnprobleme<\/p>\n<\/li>\n<li data-start=\"2849\" data-end=\"2886\">\n<p data-start=\"2851\" data-end=\"2886\">genetische Fellanomalien (selten)<\/p>\n<\/li>\n<li data-start=\"2887\" data-end=\"2992\">\n<p data-start=\"2889\" data-end=\"2992\">empfindliche Hautpartien aufgrund der Lockenstruktur<br data-start=\"2941\" data-end=\"2944\">Regelm\u00e4\u00dfige Tierarztchecks sind dennoch wichtig.<\/p>\n<\/li>\n<\/ul>\n","protected":false},"excerpt":{"rendered":"<p>Die Katzenrasse LaPerm ist noch eine ziemlich junge Rasse. Ihre Entstehung verdankt sei einer eher zuf\u00e4lligen Mutation der Gene. Die<\/p>\n","protected":false},"author":2,"featured_media":0,"parent":0,"menu_order":0,"comment_status":"closed","ping_status":"closed","template":"","meta":{"ngg_post_thumbnail":0,"footnotes":""},"class_list":["post-1141","page","type-page","status-publish","hentry","comments-off"],"aioseo_notices":[],"_links":{"self":[{"href":"https:\/\/tierisch-verliebt.de\/magazin\/wp-json\/wp\/v2\/pages\/1141","targetHints":{"allow":["GET"]}}],"collection":[{"href":"https:\/\/tierisch-verliebt.de\/magazin\/wp-json\/wp\/v2\/pages"}],"about":[{"href":"https:\/\/tierisch-verliebt.de\/magazin\/wp-json\/wp\/v2\/types\/page"}],"author":[{"embeddable":true,"href":"https:\/\/tierisch-verliebt.de\/magazin\/wp-json\/wp\/v2\/users\/2"}],"replies":[{"embeddable":true,"href":"https:\/\/tierisch-verliebt.de\/magazin\/wp-json\/wp\/v2\/comments?post=1141"}],"version-history":[{"count":6,"href":"https:\/\/tierisch-verliebt.de\/magazin\/wp-json\/wp\/v2\/pages\/1141\/revisions"}],"predecessor-version":[{"id":3407,"href":"https:\/\/tierisch-verliebt.de\/magazin\/wp-json\/wp\/v2\/pages\/1141\/revisions\/3407"}],"wp:attachment":[{"href":"https:\/\/tierisch-verliebt.de\/magazin\/wp-json\/wp\/v2\/media?parent=1141"}],"curies":[{"name":"wp","href":"https:\/\/api.w.org\/{rel}","templated":true}]}}