{"id":1118,"date":"2020-03-30T18:52:24","date_gmt":"2020-03-30T16:52:24","guid":{"rendered":"https:\/\/tierisch-verliebt.de\/magazin\/?page_id=1118"},"modified":"2022-09-16T22:33:23","modified_gmt":"2022-09-16T20:33:23","slug":"thai-katze","status":"publish","type":"page","link":"https:\/\/tierisch-verliebt.de\/magazin\/thai-katze\/","title":{"rendered":"Die elegante Thai-Katze f\u00fcr anspruchsvolle Halter"},"content":{"rendered":"<p>Als sanftm\u00fctige und sehr intelligente Vertreterin ihrer Art stammt die Thai-Katze von ihren asiatischen Verwandten ab. Die ber\u00fchmtesten Vorfahren sind dabei die <a href=\"https:\/\/tierisch-verliebt.de\/magazin\/siamkatze\/\">Siam-Katzen<\/a>. Auch wenn die britische Insel nicht ihre urspr\u00fcngliche Heimat ist, so f\u00fchlt sie sich hier und in ganz Europa und Amerika sehr wohl. Ihre Z\u00fcchtung fiel in die letzte H\u00e4lfte des 20. Jahrhundert und stellt eine R\u00fcckbesinnung an die urspr\u00fcngliche Art dar.<\/p>\n\n<h2>Steckbrief<\/h2>\n<p><img decoding=\"async\" alt=\"check\" src=\"https:\/\/tierisch-verliebt.de\/magazin\/wp-content\/uploads\/2019\/06\/check-icon-16.png\"> <strong>Name<\/strong>: Thai-Katze<br \/>\n<img decoding=\"async\" alt=\"check\" src=\"https:\/\/tierisch-verliebt.de\/magazin\/wp-content\/uploads\/2019\/06\/check-icon-16.png\"> <strong>Wissenschaftlicher Name<\/strong>: Felis catus<br \/>\n<img decoding=\"async\" alt=\"check\" src=\"https:\/\/tierisch-verliebt.de\/magazin\/wp-content\/uploads\/2019\/06\/check-icon-16.png\"> <strong>Herkunft<\/strong>: Thailand<br \/>\n<img decoding=\"async\" alt=\"check\" src=\"https:\/\/tierisch-verliebt.de\/magazin\/wp-content\/uploads\/2019\/06\/check-icon-16.png\"> <strong>Lebenserwartung<\/strong>: 15 &#8211; 17 Jahre<br \/>\n<img decoding=\"async\" alt=\"check\" src=\"https:\/\/tierisch-verliebt.de\/magazin\/wp-content\/uploads\/2019\/06\/check-icon-16.png\"> <strong>Gewicht<\/strong>: 3 \u2013 6 kg<br \/>\n<img decoding=\"async\" alt=\"check\" src=\"https:\/\/tierisch-verliebt.de\/magazin\/wp-content\/uploads\/2019\/06\/check-icon-16.png\"> <strong>Fellfarben<\/strong>: seal, foreign white, creme, rot oder blau, schokolade<br \/>\n<img decoding=\"async\" alt=\"check\" src=\"https:\/\/tierisch-verliebt.de\/magazin\/wp-content\/uploads\/2019\/06\/check-icon-16.png\"> <strong>Charakter<\/strong>: intelligent, anh\u00e4nglich, neugierig<br \/>\n<img decoding=\"async\" alt=\"check\" src=\"https:\/\/tierisch-verliebt.de\/magazin\/wp-content\/uploads\/2019\/06\/check-icon-16.png\"> <strong>Kosten<\/strong>: Zwischen 500 &amp; 600 Euro<\/p>\n<h2>Die Thai-Katze &#8211; Wesen und Charakter<\/h2>\n<p>Die Thai-Katze ist sowohl Menschen als auch anderen Tieren gegen\u00fcber sehr aufgeschlossen. Diese Eigenschaften teilt sie mit der Siam-Katze. Dazu kommt die gro\u00dfe Anzahl an Jungen, denen sie jedes Jahr das Leben schenkt. Ihre auf den Menschen bezogene Art \u00e4hnelt der von Kleinkindern und Hunden, die ihrem Frauchen, Herrchen oder Rudelf\u00fchrer in jedem verf\u00fcgbaren Moment folgen. Damit das Frauchen oder Herrchen den kleinen Liebling nicht vergi\u00dft, verschafft er sich lautstark Geltung. Hier kommt die Dominanz zum Tragen. Einige Katzenfreunde sind deshalb der Meinung, dass sie ihrer Katze genauso viel Zeit schenken sollten, wie einem kleinen Kind. Geh\u00f6ren Kinder und Hunde zum Haushalt, so freundet sie sich gerne mit ihnen an.<\/p>\n<p>Ihre Neugierde und ihr Temperament \u00e4u\u00dfern sich in jeder Minute, in der sie sich keinen Partner zum Schmusen sucht oder ihre Ruhe ben\u00f6tigt.<\/p>\n<p>Dabei ist sie \u2013 im Vergleich zu anderen Rassen \u2013 nicht gerne alleine. Am besten hat die Thai-Katze mehrere gleichartige Spielgef\u00e4hrten und ihren Menschen um sich. Sonst vereinsamt sie und wird schwerm\u00fctig. Hier bieten sich Geschwister aus dem gleichen Wurf an, die \u00fcber ein \u00e4hnliches Temperament verf\u00fcgen sollten. Wer eine Katze sucht, die sich den ganzen Tag gut mit sich selbst besch\u00e4ftigt, sollte sich nicht der Thai-Katze widmen.<\/p>\n<h2>Ihre Herkunft &amp; Geschichte<\/h2>\n<p>Urspr\u00fcnglich stammt die Thai-Katze aus Siam, das im heutigen Thailand lag. Hier begann schon vor ungef\u00e4hr 700 Jahren die Zucht ihrer Vorl\u00e4uferin, der Siam-Katze. Sie ging wiederum aus der Wichienmaat hervor. Die ersten Siam-Katzen lebten in den Kl\u00f6stern und am Hof des Hochadels. Ihnen wurde nachgesagt, dass sie die Seelen der Verstorbenen in sich aufnehmen k\u00f6nnten. Ihre blauen Augen, die bezaubernde Farbgebung und die grazile Gestalt machten sie einzigartig. Schon im 15. Jahrhundert sollen die ersten Exemplare mit H\u00e4ndler in den Mittelmeerraum gelangt sein. Um 1800 brachten Reisende einige Siam-Katzen auf englischen Schiffen nach Europa und Amerika.<\/p>\n<p>1884 bekam der englische Gesandte in Siam ein interessantes P\u00e4rchen geschenkt. Mia und Pho avancierten zu den Stammeltern der sich nun folgenden neuen Zucht. Bei einer Ausstellung im Chrystal Palace in London fand auch Queen Victoria an ihnen ihren Gefallen. Acht Jahre sp\u00e4ter einigten sich die Experten auf den g\u00fcltigen Standard, den sie Royal Cat of Siam nannten. Der erste Siamese Cat Club wurde schon 1901 gegr\u00fcndet. In Deutschland fand diese Rasse erst Ende der 20er Jahre ihre Anh\u00e4nger. Im Laufe der Jahre erreichte die Regierung in England zus\u00e4tzliche Erleichterungen beim Import dieser wertvollen Gesch\u00f6pfe, sich bei den wohlhabenden Klassen einer zunehmenden Beliebtheit erfreuten.<\/p>\n<p>Mit den Zuchterfolgen kamen unterschiedliche Farben hinzu. Diese Fellfarben entstanden durch geplante Kreuzungen mit inl\u00e4ndischen Katzenrassen. Die neuen Siam-Katzen verf\u00fcgten nun zunehmend \u00fcber Eigenschaften, die sie von den urspr\u00fcnglich robusten Typen der Anfangszeit abhoben. Bis in die 80er Jahre wurde diese Strategie in den meisten Verb\u00e4nden favorisiert. Es meldeten sich jedoch zunehmend Freunde der urspr\u00fcnglichen Siam-Katze zu Wort. Die Bef\u00fcrworter setzten sich f\u00fcr die R\u00fcckkehr der stabilen und robusten Vertreterin ein. Als Antwort auf die g\u00e4ngige Praxis gr\u00fcndeten sie mehrere Vereine, die sich wiederum um die Zucht der heutigen Thai-Katze k\u00fcmmerten. 1990 hatten sie ihr Ziel erreicht. In diesem Jahr best\u00e4tigte die World Cat Federation die \u201eThai\u201c als eigenst\u00e4ndige Rasse. Dabei blieb in den meisten F\u00e4llen das urspr\u00fcngliche Point-Muster ihres Felles erhalten. Den endg\u00fcltigen Startschuss f\u00fcr die Thai-Katze gab die TICA &#8211; The International Cat Association &#8211; im Jahr 2009. Die internationale Organisation richtete im selben Jahr f\u00fcr die Thai-Katze ein eigenes Register ein, das einer offiziellen Anerkennung entsprach.<\/p>\n<h2>Welche \u00dcberlegungen sind notwendig?<\/h2>\n<p>Wer sich eine Thai-Katze anschaffen m\u00f6chte, sollte einige \u00dcberlegungen anstellen. Am Anfang steht die Geselligkeit. Die anspruchsvolle Thai-Katze ben\u00f6tigt mindestens einen Spielkameraden \u2013 und ihre Menschen. Die Einsamkeit kann sie nicht ertragen. Dazu kommt ein interessantes Umfeld, das sie erkundet. Der Preis pro Tier beginnt bei einem seri\u00f6sen Z\u00fcchter bei 500 bis 600 Euro. Billige Angebote bergen viele Risiken.<\/p>\n<p>Diese Rasse teilt mit der Siam-Katze ein gravierendes Problem. Da viele miteinander verwandte Tiere im Laufe der letzten 150 Jahre gekreuzt wurden, leiden die Mitglieder dieser Rassen zum Teil an Erbkrankheiten. Aus diesem Grund ist es sehr ratsam, sich an einen renommierten Verband zu wenden. Dieser \u00fcberpr\u00fcft wiederum die Einhaltung der Regeln und schl\u00e4gt einen vertrauensw\u00fcrdigen Z\u00fcchter vor. Die Z\u00fcchter dieser gepr\u00fcften Zuchten k\u00f6nnen in den meisten F\u00e4llen garantieren, dass die abgegebenen Thai-Katzen keine krankhaften Gene in sich tragen.<\/p>\n<p>Soll es diese Rassekatze sein, muss der K\u00e4ufer auf einem schriftlichen Kaufvertrag bestehen. In ihm best\u00e4tigt der Z\u00fcchter, dass die von ihm \u00fcbergebene Katze alle Impfungen und Grunduntersuchungen erfolgreich absolviert hat. Der Vertrag enth\u00e4lt auch eine Klausel, die dem K\u00e4ufer die Verwendung der Katze innerhalb der eigenen Zucht erlaubt. In diesem Fall ben\u00f6tigt er sowohl eine eindeutige Zuchtbuchnummer als auch den verbindlichen <a href=\"https:\/\/tierisch-verliebt.de\/magazin\/stammbaum\/\">Stammbaum<\/a>. In diesem sind mindestens die letzten vier Generationen verzeichnet, die einen Aufschluss \u00fcber eine eventuelle Inzucht geben.<\/p>\n<p>Die gesellige Thai-Katze muss sich auch bei ihrem neuen Frauchen oder Herrchen wohlf\u00fchlen. Sind weitere Katzen im Haushalt vorhanden, k\u00f6nnen sich zwischentierische Probleme ergeben, die der Katze emotionale oder k\u00f6rperliche Sch\u00e4den zuf\u00fcgen. Wird der Neuling von den bereits etablierten Katzen und Hunden nicht akzeptiert, ben\u00f6tigt er unverz\u00fcglich einen gesch\u00fctzten Raum, um sich zu erholen. Diesen findet die Katze oder der Kater am besten beim Z\u00fcchter, der das Tier innerhalb einer vereinbarten Probezeit zur\u00fccknimmt.<\/p>\n<h2>Gibt es geeignete Aktivit\u00e4ten f\u00fcr die Thai-Katze?<\/h2>\n<p>Thai-Katzen sind f\u00fcr ihre Neugierde, Aktivit\u00e4t und Geselligkeit bekannt. Neben ihrer Spielwiese, die sie fortlaufend erforschen, ben\u00f6tigen sie auch das geeignete Spielzeug. Der Handel bietet Katzenh\u00e4uschen und geeignete Tunnellandschaften an, die sich in jeder Wohnung aufbauen lassen. Auf der h\u00f6chsten Ebene des mehrst\u00f6ckigen Katzenbaums hat sie jederzeit den richtigen \u00dcberblick und kann hier auch ihre Krallen sch\u00e4rfen. Optimal ist ein Haus mit einer Katzenklappe. Durch sie kann die Thai-Katze ganz nach Belieben den Wohnraum verlassen und wieder betreten. Im Garten besucht sie jeden Bereich, den sie erkunden m\u00f6chte. Aufmerksame Halter sorgen jedoch daf\u00fcr, dass es keinen Fluchtweg gibt, \u00fcber die die Katze in die Nachbarschaft entkommen kann. Zusammen mit den ihr vertrauten Spielkameraden nutzt sie jeden Platz zum Toben, Klettern und Spielen<\/p>\n<p>Da die meisten Thai-Katzen die gleiche Anh\u00e4nglichkeit wie Hunde zeigen, lassen sie sich auch gut an der Leine f\u00fchren. Das gilt auch f\u00fcr die passenden Befehle, die sie gerne erlernt und befolgt. Hier kommt ihre Lernf\u00e4higkeit zum Tragen, die sie auf unterschiedlichen Gebieten gerne einsetzt.<\/p>\n<h2>Welche Rassenmerkmale sprechen f\u00fcr die Thai-Katze?<\/h2>\n<p>Das Register der TICA enth\u00e4lt die Rassemerkmale der Thai-Katze, die bei den meisten Individuen anzutreffen sind.<\/p>\n<p>Besonders markant sind die blauen mandelf\u00f6rmigen Augen, die ihr einen vornehmen Charme verleihen. Die elegante Thai-Katze ist meistens mittelgro\u00df.Sie verf\u00fcgt \u00fcber einen breiten Kopf, der durch die runden Wangen unterstrichen wird. Die Nase ist gerade, neigt aber zu einem leichten Gef\u00e4lle. Meistens sind die Ohren mittelgro\u00df, wobei sich ihre Spitzen nach au\u00dfen richten. Ihre Beine passen sich gut in das Gesamtbild ein und vermitteln grazi\u00f6sen Eindruck. Sie tragen den festen geschmeidigen und muskell\u00f6sen K\u00f6rper an jeden Platz, vor allem beim Spielen und Klettern. Dabei sind Hinterbeine jedoch etwas l\u00e4nger als ihre Vorderen. Den vollendeten Eindruck rundet der spitze Schwanz ab, der zum Ende hin spitz zul\u00e4uft. Das Fell ist kurz sowie dicht. Dabei liegt es fest an, ohne abzuflachen. So ist die Katze stets pflegeleicht und kann mit wenigen B\u00fcrstenstrichen in Form gebracht werden.<\/p>\n<h2>Welche Nahrung eignet sich f\u00fcr die Thai-Katze?<\/h2>\n<p>Die jungen Thai-K\u00e4tzchen ben\u00f6tigen drei bis vier Mahlzeiten am Tag. Ab dem zweiten Jahr gibt es am Morgen und Abend jeweils eine F\u00fctterung. Ist die Katze im siebten Jahr, dann kann auch eine zus\u00e4tzliche Mahlzeit zur Mittagszeit folgen. Katzen sch\u00e4tzen es, wenn der Zeitplan eingehalten wird und sie nicht auf ihre St\u00e4rkung warten m\u00fcssen. Bevor das <a href=\"https:\/\/tierisch-verliebt.de\/magazin\/katzenfutter-im-test\/\">Futter<\/a> serviert werden darf, sollte es m\u00f6glichst trocken und warm sein. Eine Ration aus dem K\u00fchlschrank bekommt ihnen nicht gut, da sie in der freien Wildbahn warme Beute machen und diese ebenfalls zeitnah verspeisen. W\u00e4hrend der F\u00fctterung ben\u00f6tigt die Thai-Katze au\u00dferdem Ruhe, um sich auf ihre Nahrung zu konzentrieren.<\/p>\n","protected":false},"excerpt":{"rendered":"<p>Als sanftm\u00fctige und sehr intelligente Vertreterin ihrer Art stammt die Thai-Katze von ihren asiatischen Verwandten ab. Die ber\u00fchmtesten Vorfahren sind<\/p>\n","protected":false},"author":2,"featured_media":1119,"parent":0,"menu_order":0,"comment_status":"closed","ping_status":"closed","template":"","meta":{"ngg_post_thumbnail":0,"footnotes":""},"class_list":["post-1118","page","type-page","status-publish","has-post-thumbnail","hentry","comments-off"],"aioseo_notices":[],"_links":{"self":[{"href":"https:\/\/tierisch-verliebt.de\/magazin\/wp-json\/wp\/v2\/pages\/1118","targetHints":{"allow":["GET"]}}],"collection":[{"href":"https:\/\/tierisch-verliebt.de\/magazin\/wp-json\/wp\/v2\/pages"}],"about":[{"href":"https:\/\/tierisch-verliebt.de\/magazin\/wp-json\/wp\/v2\/types\/page"}],"author":[{"embeddable":true,"href":"https:\/\/tierisch-verliebt.de\/magazin\/wp-json\/wp\/v2\/users\/2"}],"replies":[{"embeddable":true,"href":"https:\/\/tierisch-verliebt.de\/magazin\/wp-json\/wp\/v2\/comments?post=1118"}],"version-history":[{"count":5,"href":"https:\/\/tierisch-verliebt.de\/magazin\/wp-json\/wp\/v2\/pages\/1118\/revisions"}],"predecessor-version":[{"id":1730,"href":"https:\/\/tierisch-verliebt.de\/magazin\/wp-json\/wp\/v2\/pages\/1118\/revisions\/1730"}],"wp:featuredmedia":[{"embeddable":true,"href":"https:\/\/tierisch-verliebt.de\/magazin\/wp-json\/wp\/v2\/media\/1119"}],"wp:attachment":[{"href":"https:\/\/tierisch-verliebt.de\/magazin\/wp-json\/wp\/v2\/media?parent=1118"}],"curies":[{"name":"wp","href":"https:\/\/api.w.org\/{rel}","templated":true}]}}