{"id":1114,"date":"2020-03-27T20:20:17","date_gmt":"2020-03-27T19:20:17","guid":{"rendered":"https:\/\/tierisch-verliebt.de\/magazin\/?page_id=1114"},"modified":"2025-10-31T10:48:58","modified_gmt":"2025-10-31T09:48:58","slug":"egyptian-mau","status":"publish","type":"page","link":"https:\/\/tierisch-verliebt.de\/magazin\/egyptian-mau\/","title":{"rendered":"Egyptian Mau &#8211; Das Portrait"},"content":{"rendered":"<p>Die \u00e4gyptische Mau-Katze ist nicht unbedingt die \u00e4lteste Katzenrasse der Welt, stammt aber wohl von ihr ab. Die Vorfahren der Mau- Katze waren alles andere als kuschelig und zutraulich.<\/p>\n<p>Es handelt sich hierbei um eine afrikanische wilde Katzenrasse, die von den alten \u00c4gyptern nach und nach domestiziert wurde. Vor mehreren tausend Jahren begann man die Mau-Katze immer mehr zum Haustier zu machen. So entstand die heutige Mau-Rasse. Der Begriff selbst kommt ebenfalls aus \u00c4gypten. Das Wort \u201emau\u201c bedeutet n\u00e4mlich nichts anderes, als \u201eKatze\u201c. Hier nun das vollst\u00e4ndige Portrait zu dieser Rasse.<\/p>\n\n<h2>Steckbrief<\/h2>\n<p><img decoding=\"async\" alt=\"check\" src=\"https:\/\/tierisch-verliebt.de\/magazin\/wp-content\/uploads\/2019\/06\/check-icon-16.png\"> <strong>Name<\/strong>: Egyptian Mau<br \/>\n<img decoding=\"async\" alt=\"check\" src=\"https:\/\/tierisch-verliebt.de\/magazin\/wp-content\/uploads\/2019\/06\/check-icon-16.png\"> <strong>Wissenschaftlicher Name<\/strong>: Felis catus<br \/>\n<img decoding=\"async\" alt=\"check\" src=\"https:\/\/tierisch-verliebt.de\/magazin\/wp-content\/uploads\/2019\/06\/check-icon-16.png\"> <strong>Herkunft<\/strong>: \u00c4gypten \/ USA<br \/>\n<img decoding=\"async\" alt=\"check\" src=\"https:\/\/tierisch-verliebt.de\/magazin\/wp-content\/uploads\/2019\/06\/check-icon-16.png\"> <strong>Lebenserwartung<\/strong>: 9 &#8211; 14 Jahre<br \/>\n<img decoding=\"async\" alt=\"check\" src=\"https:\/\/tierisch-verliebt.de\/magazin\/wp-content\/uploads\/2019\/06\/check-icon-16.png\"> <strong>Gewicht<\/strong>: 2,5 \u2013 5 kg<br \/>\n<img decoding=\"async\" alt=\"check\" src=\"https:\/\/tierisch-verliebt.de\/magazin\/wp-content\/uploads\/2019\/06\/check-icon-16.png\"> <strong>Fellfarben<\/strong>: silver, bronze, smoke<br \/>\n<img decoding=\"async\" alt=\"check\" src=\"https:\/\/tierisch-verliebt.de\/magazin\/wp-content\/uploads\/2019\/06\/check-icon-16.png\"> <strong>Charakter<\/strong>: lebhaft, unabh\u00e4ngig, scheu, bewegungslustig<br \/>\n<img decoding=\"async\" alt=\"check\" src=\"https:\/\/tierisch-verliebt.de\/magazin\/wp-content\/uploads\/2019\/06\/check-icon-16.png\"> <strong>Kosten<\/strong>: Zwischen 500 &amp; 1.000 Euro<\/p>\n<h2>Die \u00e4gyptische Mau-Katze \u2013 was macht sie so besonders? Aussehen und mehr<\/h2>\n<p>Mau-Katzen sind auf jeden Fall optisch sehr auffallend. Das Fell ist sehr glatt, edel und bunt. Mau-Katzen bringen aber noch viel mehr mit. Was ihren K\u00f6rperbau angeht, reden wir hier von mittellangen, eleganten Katzen, die l\u00e4ngere hintere als vordere Beine haben. Sie bewegen sich anmutig, langsam und geschickt.<\/p>\n<p>\u00c4gyptische Mau-Katzen haben l\u00e4ngliche K\u00f6pfe, uneben und leicht gerundet. Die Nase streckt sich \u00fcber den ganzen Kopf, l\u00e4nglich und gleichm\u00e4\u00dfig. Oben zur Stirn breitet sich die Nase etwas aus.<\/p>\n<p>Die Mau-Katze hat eine rundliche und eher lange Schnauze. Sie hat au\u00dferdem spitze, hoch gestreckte Ohren, die im Vergleich zum Kopf gro\u00df sind. Die Augenform ist etwas, was die \u00e4gyptische Mau-Rasse besonders auszeichnet. Die Augen sind hoch, gro\u00df und stehe etwas schr\u00e4g. Die Augenfarbe ist hellgr\u00fcn, man k\u00f6nnte fast sagen, zwischen grau und gr\u00fcn. Auf jeden Fall ist die Farbe ganz besonders und etwas, was die meisten Katzenliebhaber besonders zu dieser Katzenrasse hinzieht.<\/p>\n<h3>Das Fell der \u00e4gyptischen Mau-Katze<\/h3>\n<p>Diese Katzen haben ein besonders sch\u00f6nes und auff\u00e4lliges Fell. Die Farbe ist meist grau oder gemischt mit schwarz und braun. Das Fell selbst ist sehr dicht. Es gl\u00e4nzt auch au\u00dfergew\u00f6hnlich stark. Die Farben sind meist streifenf\u00f6rmig gemischt oder auch mit Flecken in Bronze. Dieses Ausshene verschafft der \u00e4gyptischen Mau- Katze ganz besondere Eleganz und l\u00e4sst sie unter anderen Tieren schnell hervorstechen.<\/p>\n<h3>Menschenbezogen, intelligent-muskul\u00f6s und stark<\/h3>\n<p>Mau-Katzen sind sehr intelligente Wesen. Sie k\u00f6nnen sich Formen und Aufstellung von Gegenst\u00e4nden sehr gut merken. Die Menschen merken sie sich anhand der Stimmfarbe. Maus sind auch k\u00f6rperlich besonders. Sie haben einen muskul\u00f6sen, schlanken K\u00f6rper. Der Schwanz ist mittellang und in der Regel schwarz oder gestreift.<\/p>\n<h2>Doch wo kommt diese anmutige Katze her? Hier mehr zur Geschichte\u2026<\/h2>\n<p>Die Maus stammen urspr\u00fcnglich von einer \u00e4gyptischen <a href=\"https:\/\/tierisch-verliebt.de\/magazin\/wildkatze\/\">Wildkatze <\/a>ab. Die heutige Maus sind dagegen zahme Hauskatzen, die mit Wildnis nicht mehr viel zu tun haben. Eine russische Prinzessin namens Nathalie Troubetskoy brachte diese Katzenrasse nach Amerika. Im Jahr 1967 wurde die \u00e4gyptische Mau-Katze in Amerika als Rasse anerkannt. Obwohl die erste Z\u00fcchterin der Maus einen furchtbaren Tod starb, bleibt in der Mau Katze immer etwas von ihr zur\u00fcck.<\/p>\n<h2>Was hat die \u00e4gyptische Mau-Katze f\u00fcr eine Pers\u00f6nlichkeit?<\/h2>\n<p>Diese Katzenrasse kam erst nach dem ersten Weltkrieg erstmals nach Europa. Die Beliebtheit der Mau- Katze als Haustier stieg jedoch nur schleppend an. Mit der Zeit nahm die Anzahl der Mau-Katzen immer mehr zu, was dazu f\u00fchrte, dass diese Rasse heute eine der h\u00e4ufigsten und beliebtesten in hiesigen Haushalten ist.<\/p>\n<p>Die \u00e4gyptische Mau- Katze gilt als \u00e4u\u00dferst intelligent. Sie sind zudem sympatisch und anh\u00e4nglich. Die Mau- Rasse zeichnet sich auch durch ihr loyales Wesen aus. Diese Katzen sind treu und zutraulich. Mau-Katzen haben eine sehr beruhigend klingende melodische Stimme. Katzenliebhaber aus aller Welt sind begeistert von dieser Rasse. Ganz besonders am Wesen der Maus ist die Tatsache, dass sie kichernde T\u00f6ne von sich geben, wenn sie ihre Freude ausdr\u00fccken m\u00f6chten. Das h\u00f6rt man auch nicht alle Tage.<\/p>\n<p><img decoding=\"async\" class=\"alignnone wp-image-2576 size-full\" src=\"https:\/\/tierisch-verliebt.de\/magazin\/wp-content\/uploads\/2023\/12\/frau-mit-egypt-katze.png\" alt=\"Egyptian Mau\" width=\"1024\" height=\"1024\"><\/p>\n<h2>Was die Maus besonders gut k\u00f6nnen<\/h2>\n<p>\u00c4gyptische Mau-Katzen sind nat\u00fcrlich nicht nur sch\u00f6n. Sie sind sehr aktive Tiere, verspielt und neugierig. Vor allem laufen k\u00f6nnen Maus schnell. Mit einer Geschwindigkeit von bis zu 50 km\/h gelten sie als die schnellsten Hauskatzen \u00fcberhaupt. Deswegen sollte man bedenken, ob man auch ausreichend Platz hat, bevor man ein solches Tier ins Haus holt. Denn dort, wo sie keinen Auslauf und keinen \u201eSpielplatz\u201c hat, ist die Mau- Katze nicht gl\u00fccklich. Sie brauchen viel Aufmerksamkeit und noch mehr Besch\u00e4ftigung.<\/p>\n<p>Gez\u00fcchtet werden die \u00e4gyptischen Maus seit 1988 auch in Europa. Erstmals wurden sie in dieser Region in Italien erfolgreich gez\u00fcchtet. Trotz ihrer wilden Wurzeln, handelt es sich bei den heutigen Maus um verspielte Tiere, die durchaus f\u00fcr einen Haushalt mit Kindern geeignet sind. Sie lieben es zu rennen, zu spielen und zu schmusen. Eine ausgewachsene Mau- Katze wiegt zwischen 4 und 5 Kilo.<\/p>\n<h2>Die Pflege der Mau-Katze<\/h2>\n<p>Die Mau-Katze ist besoders beweglich und neugierig. Um ein gl\u00fcckliches Tier zu haben, sollte man unbedingt daf\u00fcr sorgen, dass die Katze ausreichend Platz hat. Sie verbinden sich schnell mit anderen Tieren, aber auch mit Menschen. Wenn sie eine Person nicht kennen benehmen sie sich weniger vertraut, eher zur\u00fcckhaltend.<\/p>\n<p>Die \u00e4gyptische Mau-Katze ist auff\u00e4llig energiegeladen. Sehr oft kann man w\u00e4hrend ihres Spiels bemerken, wie es von jetzt auf gleich zu einem Geschwindigkeitsausbruch kommt. Nicht um sonst wird die Mau-Katze als schnellste Hauskatze der Welt bezeichnet. Maus sind in der Regel sehr pflegeleicht.<\/p>\n<p><img decoding=\"async\" class=\"alignnone size-large wp-image-3335\" src=\"https:\/\/tierisch-verliebt.de\/magazin\/wp-content\/uploads\/2025\/10\/ChatGPT-Image-31.10.2025-\u0433.-11_43_12-1024x683.png\" alt=\"Mau-Katze\" width=\"910\" height=\"607\" srcset=\"https:\/\/tierisch-verliebt.de\/magazin\/wp-content\/uploads\/2025\/10\/ChatGPT-Image-31.10.2025-\u0433.-11_43_12-1024x683.png 1024w, https:\/\/tierisch-verliebt.de\/magazin\/wp-content\/uploads\/2025\/10\/ChatGPT-Image-31.10.2025-\u0433.-11_43_12-300x200.png 300w, https:\/\/tierisch-verliebt.de\/magazin\/wp-content\/uploads\/2025\/10\/ChatGPT-Image-31.10.2025-\u0433.-11_43_12-768x512.png 768w, https:\/\/tierisch-verliebt.de\/magazin\/wp-content\/uploads\/2025\/10\/ChatGPT-Image-31.10.2025-\u0433.-11_43_12.png 1536w\" sizes=\"(max-width: 910px) 100vw, 910px\" \/><\/p>\n<h2>Fazit<\/h2>\n<p>Wer sich f\u00fcr eine \u00e4gyptische Mau-Katze entscheidet, w\u00e4hlt ein anmutiges Tier voller Lebensenergie. Maus erg\u00e4nzen das Leben eines aktiven Menschen perfekt. Sie sind auch f\u00fcr Familien mit Kindern eine gute Wahl, weil sie nicht nur neugierig, sondern auch sehr zutraulich sind. \u00c4gyptische Mau-Katzen sind nur anfangs etwas zur\u00fcckhaltend und ruhig, bis sie Vertrauen zum Menschen aufgebaut haben.<\/p>\n<p>Sp\u00e4ter kann man diese Hauskatze als vollwertiges Familienmitglied ansehen, dass f\u00fcr jeden Spa\u00df zu haben ist und von fr\u00fch bis sp\u00e4t auf den Beinen bleiben kann. Wer also nach einem aktiven und schnellen Tier sucht, liegt mit der Wahl einer Mau-Katze genau richtig.<\/p>\n<p>Auch optisch bringen diese Katzen sehr viel mit. Sie haben ein gl\u00e4nzendes Fell, bewegen sich elegant, haben eine besonders sch\u00f6ne Augenform. Sie lieben spa\u00dfige und unterhaltsame Spiele, sind schnell gelangweilt und was man nie von dieser Katze erwarten sollte, ist ruhig in der Ecke zu liegen. Wer also eine abenteuerlustige Katze m\u00f6chte, mit der man immer und \u00fcberall Spa\u00df haben kann, ist mit der \u00e4gyptischen Mau-Katze richtig beraten.<\/p>\n<h2 data-start=\"362\" data-end=\"399\"><strong data-start=\"366\" data-end=\"399\">FAQ<\/strong><\/h2>\n<h3 data-start=\"401\" data-end=\"684\"><strong data-start=\"401\" data-end=\"455\">Ist die \u00e4gyptische Mau als Wohnungskatze geeignet?<\/strong><\/h3>\n<p data-start=\"401\" data-end=\"684\">Grunds\u00e4tzlich ja \u2013 allerdings braucht sie viel Bewegung und Besch\u00e4ftigung. Ideal ist eine gro\u00dfe Wohnung mit Kletter- und Spielm\u00f6glichkeiten sowie ein gesicherter Balkon oder Garten. Reine \u201eSofakatze\u201c ist sie jedoch eher nicht.<\/p>\n<h3 data-start=\"686\" data-end=\"992\"><strong data-start=\"686\" data-end=\"736\">Braucht die \u00e4gyptische Mau unbedingt Freigang?<\/strong><\/h3>\n<p data-start=\"686\" data-end=\"992\">Nicht zwingend, aber sie profitiert davon. Die agile Mau liebt es, drau\u00dfen zu laufen, zu klettern und zu beobachten. Wer keinen Freigang bieten kann, sollte unbedingt f\u00fcr ausreichend Indoor-Action sorgen, z. B. durch Kletterb\u00e4ume und interaktives Spiel.<\/p>\n<h3 data-start=\"994\" data-end=\"1312\"><strong data-start=\"994\" data-end=\"1050\">Versteht sich die \u00e4gyptische Mau mit anderen Katzen?<\/strong><\/h3>\n<p data-start=\"994\" data-end=\"1312\">Ja, meist sehr gut. Sie gilt als gesellig und spielt gerne mit Artgenossen. Ideal ist es, sie nicht alleine zu halten. Wichtig ist jedoch, dass die andere Katze ebenfalls aktiv und sozial ist \u2013 zu ruhige Katzen k\u00f6nnten sich von ihr schnell \u00fcberfordert f\u00fchlen.<\/p>\n<h3 data-start=\"1314\" data-end=\"1574\"><strong data-start=\"1314\" data-end=\"1358\">Ist die \u00e4gyptische Mau kinderfreundlich?<\/strong><\/h3>\n<p data-start=\"1314\" data-end=\"1574\">Ja, solange Kinder respektvoll mit ihr umgehen. Die Mau ist geduldig, verspielt und neugierig \u2013 damit passt sie gut in Familien. Kleine Kinder sollten jedoch lernen, die Katze nicht festzuhalten oder zu bedr\u00e4ngen.<\/p>\n<h3 data-start=\"1576\" data-end=\"1861\"><strong data-start=\"1576\" data-end=\"1626\">Wie viel Bewegung braucht eine \u00e4gyptische Mau?<\/strong><\/h3>\n<p data-start=\"1576\" data-end=\"1861\">Sehr viel. Sie geh\u00f6rt zu den aktivsten und schnellsten Katzenrassen. T\u00e4gliche Spielzeit (mindestens 30\u201360 Minuten) ist wichtig, damit sie ausgelastet und gl\u00fccklich bleibt. Intelligenzspielzeug wird von ihr meist sehr gut angenommen.<\/p>\n","protected":false},"excerpt":{"rendered":"<p>Die \u00e4gyptische Mau-Katze ist nicht unbedingt die \u00e4lteste Katzenrasse der Welt, stammt aber wohl von ihr ab. Die Vorfahren der<\/p>\n","protected":false},"author":2,"featured_media":0,"parent":0,"menu_order":0,"comment_status":"closed","ping_status":"closed","template":"","meta":{"ngg_post_thumbnail":0,"footnotes":""},"class_list":["post-1114","page","type-page","status-publish","hentry","comments-off"],"aioseo_notices":[],"_links":{"self":[{"href":"https:\/\/tierisch-verliebt.de\/magazin\/wp-json\/wp\/v2\/pages\/1114","targetHints":{"allow":["GET"]}}],"collection":[{"href":"https:\/\/tierisch-verliebt.de\/magazin\/wp-json\/wp\/v2\/pages"}],"about":[{"href":"https:\/\/tierisch-verliebt.de\/magazin\/wp-json\/wp\/v2\/types\/page"}],"author":[{"embeddable":true,"href":"https:\/\/tierisch-verliebt.de\/magazin\/wp-json\/wp\/v2\/users\/2"}],"replies":[{"embeddable":true,"href":"https:\/\/tierisch-verliebt.de\/magazin\/wp-json\/wp\/v2\/comments?post=1114"}],"version-history":[{"count":6,"href":"https:\/\/tierisch-verliebt.de\/magazin\/wp-json\/wp\/v2\/pages\/1114\/revisions"}],"predecessor-version":[{"id":3336,"href":"https:\/\/tierisch-verliebt.de\/magazin\/wp-json\/wp\/v2\/pages\/1114\/revisions\/3336"}],"wp:attachment":[{"href":"https:\/\/tierisch-verliebt.de\/magazin\/wp-json\/wp\/v2\/media?parent=1114"}],"curies":[{"name":"wp","href":"https:\/\/api.w.org\/{rel}","templated":true}]}}