{"id":1036,"date":"2020-03-16T19:08:42","date_gmt":"2020-03-16T18:08:42","guid":{"rendered":"https:\/\/tierisch-verliebt.de\/magazin\/?page_id=1036"},"modified":"2020-10-19T21:02:34","modified_gmt":"2020-10-19T19:02:34","slug":"snowshoe","status":"publish","type":"page","link":"https:\/\/tierisch-verliebt.de\/magazin\/snowshoe\/","title":{"rendered":"Snowshoe &#8211; Das Portrait"},"content":{"rendered":"<p>Schneeschuhkatzen (Snowshoe) sind mittelgro\u00dfe Katzen, die aussehen, als w\u00fcrden sie eine Maske mit dunkleren Markierungen an Ohren, Beinen und Schwanz tragen. Es sind die auff\u00e4lligen blauen Augen des Snowshoes, die sie wirklich von anderen Katzen unterscheiden. Ihr Fell ist kurz und normalerweise wei\u00df \/ grau. Snowshoe-Katzen werden normalerweise ganz in Wei\u00df geboren und erst im Alter von drei Wochen werden ihre Farbe und Markierungen sichtbar und keine zwei K\u00e4tzchen haben die gleiche Farbe. Genau wie der Siamesen gibt es den Snowshoe in verschiedenen Farben, darunter Braun, Blau und Beige. Die beliebteste Farbe f\u00fcr diese Rasse sind Blau und Beige. Hier nun das vollst\u00e4ndige Portrait zu dieser Rasse.<\/p>\n\n<h2>Steckbrief<\/h2>\n<p><img decoding=\"async\" alt=\"check\" src=\"https:\/\/tierisch-verliebt.de\/magazin\/wp-content\/uploads\/2019\/06\/check-icon-16.png\"> <strong>Name<\/strong>: Snowshoe (Schneeschuhkatzen)<br \/>\n<img decoding=\"async\" alt=\"check\" src=\"https:\/\/tierisch-verliebt.de\/magazin\/wp-content\/uploads\/2019\/06\/check-icon-16.png\"> <strong>Wissenschaftlicher Name<\/strong>: Felis silvestris catus<br \/>\n<img decoding=\"async\" alt=\"check\" src=\"https:\/\/tierisch-verliebt.de\/magazin\/wp-content\/uploads\/2019\/06\/check-icon-16.png\"> <strong>Herkunft<\/strong>: USA<br \/>\n<img decoding=\"async\" alt=\"check\" src=\"https:\/\/tierisch-verliebt.de\/magazin\/wp-content\/uploads\/2019\/06\/check-icon-16.png\"> <strong>Lebenserwartung<\/strong>: 10 &#8211; 18 Jahre<br \/>\n<img decoding=\"async\" alt=\"check\" src=\"https:\/\/tierisch-verliebt.de\/magazin\/wp-content\/uploads\/2019\/06\/check-icon-16.png\"> <strong>Gewicht<\/strong>: 3 \u2013 5 kg<br \/>\n<img decoding=\"async\" alt=\"check\" src=\"https:\/\/tierisch-verliebt.de\/magazin\/wp-content\/uploads\/2019\/06\/check-icon-16.png\"> <strong>Fellfarben<\/strong>: blau, schoko, braun, beige, creme; mehrfarbig; mit Abzeichen<br \/>\n<img decoding=\"async\" alt=\"check\" src=\"https:\/\/tierisch-verliebt.de\/magazin\/wp-content\/uploads\/2019\/06\/check-icon-16.png\"> <strong>Charakter<\/strong>: \tfreundlich, liebevoll, gesellig, lernf\u00e4hig<br \/>\n<img decoding=\"async\" alt=\"check\" src=\"https:\/\/tierisch-verliebt.de\/magazin\/wp-content\/uploads\/2019\/06\/check-icon-16.png\"> <strong>Kosten<\/strong>: Zwischen 900 &#038; 1.100 Euro<\/p>\n<h2>Wesen und Charakter<\/h2>\n<p>Die Snowshoe-Katze ist eine FAmilien-Katze und das bedeutet, dass sie es lieben, mit Kindern zusammen zu sein. Sie werden wahrscheinlich ihren Besitzern im ganzen Haus folgen und mit ihnen interagieren. Sie m\u00f6chten nicht den ganzen Tag allein gelassen werden. Wenn Sie also bereits andere Tiere im Haus haben, ist dies ideal, oder zwei Katzen sind eine gute Idee. Diesen Katzen macht die Gesellschaft von Hunden nichts aus. Sie lieben es, Spiele zu spielen, was sie zu einem gro\u00dfartigen interaktiven Haustier macht. Der Snowshoe ist eine aktive, engagierte und liebevolle Katze, die sich leicht in das Familienleben einf\u00fcgt.<br \/>\nDie Schneeschuhkatze ist ein intelligentes Tier und liebt es, mit Menschen zusammen zu sein. Es ist nicht so lautstark und miaut mit sanfter melodischer Stimme. Sie brauchen Gesellschaft. Sie sind spielerisch und k\u00f6nnen lernen, Spielzeug und Spiele zum Vergn\u00fcgen zu holen. Schneeschuhkatzen m\u00f6gen auch Wasser, insbesondere flie\u00dfendes Wasser, und k\u00f6nnen gelegentlich schwimmen. Sie sind sehr aktiv und haben eine Vorliebe f\u00fcr hoch gelegene Sitzgelegenheiten.<\/p>\n<h2>Herkunft &#038; Geschichte<\/h2>\n<p>Die Schneeschuhkatze stammte aus den charakteristischen wei\u00dfen Pfoten dieser Rasse. Die Schneeschuhkatze ist eine amerikanische Rasse, die in den 1960er Jahren aus der Kreuzung von <a href=\"https:\/\/tierisch-verliebt.de\/magazin\/siamkatze\/\">Siamesen<\/a> mit Kurzhaaren hervorgegangen ist. Die Schneeschuhkatze hat Punkte im siamesischen Stil, kombiniert mit wei\u00dfen Pfoten und wei\u00dfen Flecken. Schneeschuhk\u00e4tzchen werden ganz wei\u00df geboren und zeigen erst nach einigen Wochen ihre Farben und Abzeichen. Keine zwei K\u00e4tzchen haben die gleichen Markierungen. Diese Rasse nimmt in ganz Amerika zu, ist aber anderswo immer noch selten.<\/p>\n<h2>\u00dcberlegungen vor der Anschaffung<\/h2>\n<h4>Pflege<\/h4>\n<p>Snowshoes sind eine pflegeleichte Katze. Putzen Sie ein oder zwei Mal pro Woche das kurze Fell, um abgestorbenes Haar zu entfernen und Haut\u00f6le zu verteilen. Snowshoes m\u00fcssen sich die Z\u00e4hne putzen lassen, um Parodontitis vorzubeugen, und ansonsten sind sie wie jede andere Katze. Es kann sein, dass Sie Ihre Schneeschuhkatze als Hauskatze behalten m\u00f6chten, um sie vor Krankheiten zu sch\u00fctzen, die von anderen Katzen im Freien \u00fcbertragen werden. Schneeschuhkatzen sind einzigartig und attraktiv.<\/p>\n<p>Snowshoes haben ein kurzes, flaches Fell, das leicht zu pflegen ist. Die Schneeschuhkatze ben\u00f6tigt so viel Pflege wie jede andere bekannte Katzenrasse. Es ist eine gute Idee, sie mindestens zweimal pro Woche zu b\u00fcrsten, um die \u00d6le in der Haut zu verteilen, da dies verhindert, dass das Fell bricht. Eine w\u00f6chentliche B\u00fcrste ist alles, was sie brauchen, um ihre M\u00e4ntel in einem sch\u00f6nen Zustand mit strahlendem Glanz zu halten. Genau wie andere Katzenrassen haben sie die Angewohnheit, ihr Fell im Fr\u00fchling und im Herbst am meisten abzuwerfen, wenn mehr t\u00e4gliches B\u00fcrsten normalerweise erforderlich ist, um den \u00dcberblick zu behalten. Schneeschuhe sind nicht als wesentliche Schuppen bekannt, funktionieren also gut in einem Familienhaus.<\/p>\n<h4>Kosten<\/h4>\n<p>Da die Katzenrasse relativ selten ist, sind diese Exemplare sehr teuer. Ansonsten fallen die \u00fcblichen Kosten f\u00fcr Futter, Pflegeprodukte, Tierarztbesuche und Impfungen an.<\/p>\n<h4>Gesundheit<\/h4>\n<p>Es wurden keine gemeinsamen Erbprobleme in der Rasse festgestellt, jedoch ist die Sbowshoe-Katzenrasse au\u00dferhalb der USA nicht h\u00e4ufig. Wie bei allen Rassen profitieren Schneeschuhkatzen durch Impfungen vom Schutz vor Krankheiten und ben\u00f6tigen regelm\u00e4\u00dfige Parasitenbek\u00e4mpfung und j\u00e4hrliche tier\u00e4rztliche Gesundheitskontrollen.<\/p>\n<p>Snowshoes haben unterschiedliche F\u00e4lle von gesundheitlichen Problemen, die wahrscheinlich genetischer Natur sind. Die Schneeschuhkatze ist jedoch normalerweise eine gesunde Katze, weil sie so aktiv ist. Selten hat ein Snowshoe eine Drehung im Schwanz oder gekreuzte Augen, \u00dcberreste seines siamesischen Erbes, aber diese oberfl\u00e4chlichen M\u00e4ngel wirken sich nicht auf ihre Gesundheit aus. Snowshoes sind wie alle anderen Katzen anf\u00e4llig f\u00fcr bakterielle und virale Infektionen, die zum Gl\u00fcck durch Impfungen vermieden werden k\u00f6nnen.<\/p>\n<p>Was kann ein Tierhalter zu Hause tun, um sicherzustellen, dass Ihre Katze zufrieden und gesund ist?<br \/>\nAchten Sie auf ihre Ern\u00e4hrung, sorgen Sie f\u00fcr ausreichend Bewegung, putzen Sie Ihrem Tier gew\u00f6hnlich die Z\u00e4hne, pflegen Sie das Fell und rufen Sie einen Tierarzt an, wenn etwas ungew\u00f6hnlich erscheint. Stellen Sie sicher, dass Sie sich an den Untersuchungs- und Impfplan Ihres Tierarztes f\u00fcr Ihre Katze halten.<\/p>\n<h2>Geeignete Aktivit\u00e4ten<\/h2>\n<p>Snowshoes sind sehr verspielt. Sie k\u00f6nnen mit dem Tier so gut wie alle Spielchen im Haus spielen. Sie eignen sich eher als Hauskatze.<\/p>\n<h2>Rassemerkmale<\/h2>\n<p>Der Snowshoe ist eine beliebte Rasse bei Katzenliebhabern, und zwar aufgrund zweier Hauptaspekte &#8211; ihres Aussehens und ihrer Pers\u00f6nlichkeit. Die charakteristische wei\u00dfe &#8220;V&#8221; -Form erstreckt sich zwischen den Augen und \u00fcber die Nase und die Schnauze der Katze. Sie haben eine dreieckige oder apfelige Gesamtkopfform und mittelgro\u00dfe Ohren mit abgerundeten Spitzen mit. Der K\u00f6rper ist in der Regel heller als die Gliedma\u00dfen und der Schwanz. Die h\u00e4ufigsten Farben sind Siegelpunkt oder Blaupunkt. Die Augenfarbe besteht aus einer Reihe von Blaut\u00f6nen, die ihnen einen atemberaubenden Blick verleihen. Ein weiteres charakteristisches Merkmal des Snowshoes sind die vier wei\u00dfen &#8220;Stiefel&#8221; an den F\u00fc\u00dfen.<\/p>\n<h2>Geeignete Ern\u00e4hrung<\/h2>\n<p>Bei der Ern\u00e4hrung sind Katzen relativ w\u00e4hlerisch. Die Vorlieben und Geschm\u00e4cker der Katzen sind da sehr flexibel. Katzen ern\u00e4hren sich haupts\u00e4chlich von Fleisch. Sie ben\u00f6tigen \u00fcber 40 verschiedene Mineralien und N\u00e4hrstoffe, die Sie aus Ihrem <a href=\"https:\/\/tierisch-verliebt.de\/magazin\/katzenfutter-im-test\/\">Futter<\/a> ziehen. Eine vegetarische oder sogar vegane Ern\u00e4hrung ist bei Katzen mehr als ungeeignet. Die Menge an Futter variiert auch mit dem Alter der Katze. Eine junge Katze, die sehr aktiv ist, wird mehr Energie verbrauchen und so auch mehr fressen, als eine alte Katze.<br \/>\nEs ist wichtig, dass Sie Ihrer Katze auch die passende Futtermenge geben. So bleibt das Tier gesund schlank.<\/p>\n","protected":false},"excerpt":{"rendered":"<p>Schneeschuhkatzen (Snowshoe) sind mittelgro\u00dfe Katzen, die aussehen, als w\u00fcrden sie eine Maske mit dunkleren Markierungen an Ohren, Beinen und Schwanz<\/p>\n","protected":false},"author":2,"featured_media":0,"parent":0,"menu_order":0,"comment_status":"closed","ping_status":"closed","template":"","meta":{"ngg_post_thumbnail":0,"footnotes":""},"class_list":["post-1036","page","type-page","status-publish","hentry","comments-off"],"aioseo_notices":[],"_links":{"self":[{"href":"https:\/\/tierisch-verliebt.de\/magazin\/wp-json\/wp\/v2\/pages\/1036","targetHints":{"allow":["GET"]}}],"collection":[{"href":"https:\/\/tierisch-verliebt.de\/magazin\/wp-json\/wp\/v2\/pages"}],"about":[{"href":"https:\/\/tierisch-verliebt.de\/magazin\/wp-json\/wp\/v2\/types\/page"}],"author":[{"embeddable":true,"href":"https:\/\/tierisch-verliebt.de\/magazin\/wp-json\/wp\/v2\/users\/2"}],"replies":[{"embeddable":true,"href":"https:\/\/tierisch-verliebt.de\/magazin\/wp-json\/wp\/v2\/comments?post=1036"}],"version-history":[{"count":2,"href":"https:\/\/tierisch-verliebt.de\/magazin\/wp-json\/wp\/v2\/pages\/1036\/revisions"}],"predecessor-version":[{"id":1264,"href":"https:\/\/tierisch-verliebt.de\/magazin\/wp-json\/wp\/v2\/pages\/1036\/revisions\/1264"}],"wp:attachment":[{"href":"https:\/\/tierisch-verliebt.de\/magazin\/wp-json\/wp\/v2\/media?parent=1036"}],"curies":[{"name":"wp","href":"https:\/\/api.w.org\/{rel}","templated":true}]}}