{"id":1033,"date":"2020-03-16T18:13:52","date_gmt":"2020-03-16T17:13:52","guid":{"rendered":"https:\/\/tierisch-verliebt.de\/magazin\/?page_id=1033"},"modified":"2025-04-30T23:51:40","modified_gmt":"2025-04-30T21:51:40","slug":"balinese","status":"publish","type":"page","link":"https:\/\/tierisch-verliebt.de\/magazin\/balinese\/","title":{"rendered":"Balinesenkatze &#8211; Das Portrait"},"content":{"rendered":"<p>Die Balinesenkatze ist eine der intelligentesten Katzenrassen. Von ihrem Charakter her ist sie eine typische orientalische Katze. Die ausgesprochen aktive Balinesenkatze liebt es, wenn was los ist und ist f\u00fcr Familien mit Kindern gut geeignet. Mit anderen Haustieren (z. B. Hunden) kommt sie ebenfalls gut zurecht. Hier nun das vollst\u00e4ndige Portrait zu dieser Rasse.<\/p>\n\n<h2>Steckbrief<\/h2>\n<p><img decoding=\"async\" alt=\"check\" src=\"https:\/\/tierisch-verliebt.de\/magazin\/wp-content\/uploads\/2019\/06\/check-icon-16.png\"> <strong>Name<\/strong>: Balinese (Langhaar-Siamkatze)<br \/>\n<img decoding=\"async\" alt=\"check\" src=\"https:\/\/tierisch-verliebt.de\/magazin\/wp-content\/uploads\/2019\/06\/check-icon-16.png\"> <strong>Wissenschaftlicher Name<\/strong>: Felis silvestris catus<br \/>\n<img decoding=\"async\" alt=\"check\" src=\"https:\/\/tierisch-verliebt.de\/magazin\/wp-content\/uploads\/2019\/06\/check-icon-16.png\"> <strong>Herkunft<\/strong>: USA<br \/>\n<img decoding=\"async\" alt=\"check\" src=\"https:\/\/tierisch-verliebt.de\/magazin\/wp-content\/uploads\/2019\/06\/check-icon-16.png\"> <strong>Lebenserwartung<\/strong>: 15 &#8211; 20 Jahre<br \/>\n<img decoding=\"async\" alt=\"check\" src=\"https:\/\/tierisch-verliebt.de\/magazin\/wp-content\/uploads\/2019\/06\/check-icon-16.png\"> <strong>Gewicht<\/strong>: 3 \u2013 5 kg<br \/>\n<img decoding=\"async\" alt=\"check\" src=\"https:\/\/tierisch-verliebt.de\/magazin\/wp-content\/uploads\/2019\/06\/check-icon-16.png\"> <strong>Fellfarben<\/strong>: cremefarben, fawn, blue, chocolate, lilac<br \/>\n<img decoding=\"async\" alt=\"check\" src=\"https:\/\/tierisch-verliebt.de\/magazin\/wp-content\/uploads\/2019\/06\/check-icon-16.png\"> <strong>Charakter<\/strong>: intelligent, anh\u00e4nglich, verspielt, einf\u00fchlsam<br \/>\n<img decoding=\"async\" alt=\"check\" src=\"https:\/\/tierisch-verliebt.de\/magazin\/wp-content\/uploads\/2019\/06\/check-icon-16.png\"> <strong>Kosten<\/strong>: Zwischen 900 &amp; 1.100 Euro<\/p>\n<h2>Wesen und Charakter<\/h2>\n<p>Die aktive Balinesenkatze ist ausgesprochen gespr\u00e4chig. Mit ihrer menschenbezogenen Art sucht sie die N\u00e4he des Menschen und fordert lautstark seine Aufmerksamkeit ein. Sie m\u00f6chte am liebsten rund um die Uhr besch\u00e4ftigt werden und spielen. Die anh\u00e4ngliche Balinesenkatze folgt ihrem Besitzer gerne auf Schritt und Tritt und liebt es zu kuscheln, egal, ob auf dem Sofa, im Bett oder auf dem Scho\u00df. Mit ihrer einf\u00fchlsamen Art sp\u00fcrt sie, wenn ihr Besitzer traurig ist oder es ihm schlecht geht. Sofort versucht sie ihn mit ihrer lustigen und fr\u00f6hlichen Art aufzuheitern.<\/p>\n<p>Die Balinesenkatze sollte wegen ihrer hohen Sozialit\u00e4t nach M\u00f6glichkeit zusammen mit einem Artgenossen gehalten werden. So kommt sie am ehesten damit zurecht, wenn ihr Besitzer tags\u00fcber nicht Zuhause ist. Andere Haustiere (z. B. Hunde) oder Kinder stellen f\u00fcr die Balinesenkatze kein Problem dar.<\/p>\n<p>Der intelligenten Rassekatze k\u00f6nnen leicht kleine Tricks beigebracht werden. Mit ihrem schlanken K\u00f6rperbau kann die gute Springerin ohne Probleme h\u00f6her gelegene Pl\u00e4tze erreichen.<\/p>\n<h2>Herkunft &amp; Geschichte<\/h2>\n<p>Die Balinesenkatze kommt weder aus Bali, noch aus Indonesien, sondern stammt urspr\u00fcnglich von der <a href=\"https:\/\/tierisch-verliebt.de\/magazin\/siamkatze\/\">Siamkatze<\/a> ab.<\/p>\n<p>Um 1800 gelangten Siamkatzen von Thailand nach England und in die USA, von denen einige Katzen das Langhaar-Gen in sich trugen. Um eine Verf\u00e4lschung des Rassestandards zu vermeiden, wurden diese Langhaar-Siamkatzen nicht f\u00fcr die Zucht eingesetzt. Sie wurden an Liebhaber vermittelt oder get\u00f6tet.<\/p>\n<p>Die Rasse wurde 1928 erstmals registriert und auf Katzenausstellungen pr\u00e4sentiert. In den 1950er Jahren wurde das Potenzial dieser Rasse von zwei amerikanischen Z\u00fcchtern entdeckt, die mit ihrer gezielten Z\u00fcchtung begannen. Da ihnen der Name \u201aLanghaarige Siam\u2018 zu sperrig erschien, wurde die Katzenrasse \u201aBalinese\u2018 genannt. Allerdings hat der Name nichts mit dem geografischen Ursprung zu tun. Vielmehr soll die zierliche und anmutige Art dieser Katzenrasse mit den Bewegungen der balinesischen Tempelt\u00e4nzer vergleichbar sein.<\/p>\n<p>In den 1960er und 1970er Jahren wurden ausschlie\u00dflich Katzen mit den klassischen Pointf\u00e4rbungen seal, blue, chocolate und lilac f\u00fcr die Zucht zugelassen. Die CFA (Cat Fanciers Asssosiation) bezeichnete zur gleichen Zeit Balinesen, die die Fellfarbe rot, cream, tabby und tortoiseshell aufwiesen, als \u201aJavanese\u2018.<\/p>\n<p>Der Ursprungstyp der Balinesenkatze hat sich zunehmend ver\u00e4ndert. Durch gezielte Zucht verschob sich das traditionelle Aussehen der Katzenrasse zu einem dreieckigen Kopf mit gr\u00f6\u00dferen Ohren und einem immer schlanke werdenden K\u00f6rperbau. Die heutige Balinesenkatze \u00e4hnelt vom K\u00f6rperbau her der modernen Siamkatze und nur noch wenige Z\u00fcchter behalten den Ursprungstyp der Balinesenkatze bei.<\/p>\n<p>1983 erfolgte die offizielle Anerkennung der Rassekatze durch die FIF\u00e9. Von der CFA, der ACFA sowie der TICA wurde die Balinesenkatze ebenfalls als Rassekatze anerkannt.<\/p>\n<p><img decoding=\"async\" class=\"alignnone size-large wp-image-3238\" src=\"https:\/\/tierisch-verliebt.de\/magazin\/wp-content\/uploads\/2025\/04\/Balinesenkatze-1024x683.png\" alt=\"Balinesenkatze\" width=\"910\" height=\"607\" srcset=\"https:\/\/tierisch-verliebt.de\/magazin\/wp-content\/uploads\/2025\/04\/Balinesenkatze-1024x683.png 1024w, https:\/\/tierisch-verliebt.de\/magazin\/wp-content\/uploads\/2025\/04\/Balinesenkatze-300x200.png 300w, https:\/\/tierisch-verliebt.de\/magazin\/wp-content\/uploads\/2025\/04\/Balinesenkatze-768x512.png 768w, https:\/\/tierisch-verliebt.de\/magazin\/wp-content\/uploads\/2025\/04\/Balinesenkatze.png 1536w\" sizes=\"(max-width: 910px) 100vw, 910px\" \/>&nbsp;<\/p>\n<h2>\u00dcberlegungen vor der Anschaffung einer Balinesenkatze<\/h2>\n<p>Z\u00fcchter verlangen f\u00fcr eine Balinesenkatze in der Regel zwischen 900 und 1.100 Euro. Bei artgerechter Haltung und gesunder Ern\u00e4hrung kann die Rassekatze circa 15 bis 20 Jahre alt werden.<\/p>\n<p>Um ihren Bed\u00fcrfnissen gerecht zu werden, sollte die Anschaffung einer Balinesenkatze gut \u00fcberdenkt werden. Da sie K\u00e4lte und N\u00e4sse schlecht vertr\u00e4gt, ist sie nicht unbedingt f\u00fcr die Freilandhaltung geeignet. Mit ihrem eigenwilligen Charakter ist die Rassekatze f\u00fcr unerfahrene Katzenhalter ungeeignet, vertr\u00e4gt sich allerdings gut mit Kindern oder Hunden.<\/p>\n<p>Wer tags\u00fcber berufst\u00e4tig ist, sollte bedenken, dass die Balinesenkatze nicht gerne alleine ist und viel Zeit und Aufmerksamkeit ben\u00f6tigt. Es sollte die r\u00e4umliche M\u00f6glichkeit geben, zwei Katzen zu halten. Da die Rassekatze einen erh\u00f6hten Bewegungsdrang besitzt, sollten neben ausreichend Platz geeignete Kletter- und Besch\u00e4ftigungsm\u00f6glichkeiten vorhanden sein.<\/p>\n<p>F\u00fcr die Gesundheit der Balinesenkatze ist die richtige Pflege unerl\u00e4sslich. Neben der j\u00e4hrlichen tier\u00e4rztlichen Vorsorgeuntersuchung darf das regelm\u00e4\u00dfige B\u00fcrsten oder K\u00e4mmen des Fells nicht fehlen.<\/p>\n<h2>Geeignete Aktivit\u00e4ten<\/h2>\n<p>Die intelligenten Balinesenkatze neigt dazu, sich schnell zu langweilen. F\u00fcr eine artgerechte Haltung ist es unerl\u00e4sslich, dass ihr eine abwechslungsreiche Umgebung geboten wird, wo sie viele M\u00f6glichkeiten zum Klettern, Spielen und Verstecken hat. Kratz- und Kletterb\u00e4ume mit mehreren Etagen sind f\u00fcr die Rassekatze optimal geeignet, da sie erh\u00f6hte Pl\u00e4tze bevorzugt. Spielh\u00e4user oder Katzentunnel bieten nicht nur Gelegenheit zum Austoben, sondern bei Bedarf eine R\u00fcckzugsm\u00f6glichkeit. Einem Ball oder einer Spielzeugmaus l\u00e4uft die Balinesenkatze gerne hinterher und mit interaktiven Spielen (z. B. Katzenwedel oder -angel) kann sie das Rennen und Springen \u00fcben. Mit einem Clicker-\/Trickspielzeug k\u00f6nnen der lernfreundigen Katzenrasse kleine Tricks beigebracht werden.<\/p>\n<h2>Rassemerkmale<\/h2>\n<p>F\u00fcr die Zucht der Balinesenkatze wurden Rassestandards festgelegt. Diese entsprechen gr\u00f6\u00dftenteils den Rassestandards der Orientalischen Kurzhaarkatze, der Orientalischen Langhaarkatze sowie der Siamkatze.<\/p>\n<ul>\n<li>mittelgro\u00dfer, keilf\u00f6rmiger Kopf mit geraden Linien<\/li>\n<li>lange, gerade Nase, schmale Schnauze<\/li>\n<li>gro\u00dfe, zugespitzte, an der Basis breite Ohren<\/li>\n<li>mittelgro\u00dfe, mandelf\u00f6rmige Augen, leicht schr\u00e4g gestellt, intensiv blaue Augenfarbe<\/li>\n<li>langer, schlanker, gut muskul\u00f6ser K\u00f6rper<\/li>\n<li>Schultern nicht breiter als H\u00fcften<\/li>\n<li>lange, feine Beine mit kleinen, ovalen Pfoten<\/li>\n<li>sehr langer, auch am Ansatz d\u00fcnner Schwanz, zur Spitze fein zulaufend<\/li>\n<li>feines, seidiges Fell, am K\u00f6rper mittellang, an Schultern, Halskrause und Schwanz federbuschartig<\/li>\n<li>kein wolliges Unterfell<\/li>\n<\/ul>\n<p><strong>Fellfarben<\/strong><\/p>\n<ul>\n<li>seal-point<\/li>\n<li>blue-point<\/li>\n<li>chocolate-point<\/li>\n<li>lilac-point<\/li>\n<li>red-point<\/li>\n<li>creme-point<\/li>\n<li>fawn-point<\/li>\n<li>cinnamon-point<\/li>\n<li>foreign white<\/li>\n<\/ul>\n<p><img decoding=\"async\" class=\"alignnone size-full wp-image-3239\" src=\"https:\/\/tierisch-verliebt.de\/magazin\/wp-content\/uploads\/2025\/04\/Balinesenkatze2.png\" alt=\"Balinesenkatze2\" width=\"1024\" height=\"1024\" srcset=\"https:\/\/tierisch-verliebt.de\/magazin\/wp-content\/uploads\/2025\/04\/Balinesenkatze2.png 1024w, https:\/\/tierisch-verliebt.de\/magazin\/wp-content\/uploads\/2025\/04\/Balinesenkatze2-300x300.png 300w, https:\/\/tierisch-verliebt.de\/magazin\/wp-content\/uploads\/2025\/04\/Balinesenkatze2-150x150.png 150w, https:\/\/tierisch-verliebt.de\/magazin\/wp-content\/uploads\/2025\/04\/Balinesenkatze2-768x768.png 768w\" sizes=\"(max-width: 1024px) 100vw, 1024px\" \/><\/p>\n<h2>Geeignete Ern\u00e4hrung<\/h2>\n<p>Bei der Balinesenkatze sollte auf eine artgerechte Ern\u00e4hrung geachtet werden. Da sie als aktive Katzenrasse viel Energie ben\u00f6tigt, sollte das Futter viele gesunde Proteine enthalten. Bedenkt man die Energie, die die Balinesenkatze im Spiel rausl\u00e4sst, frisst sie mehr als ihre Artgenossen. Damit die Rassekatze nicht \u00fcbergewichtig wird und gesund bleibt, sollte unbedingt auf die Kalorienzufuhr geachtet werden.<\/p>\n<p>Ein besonderes Augenmerk sollte auf hochwertiges <a href=\"https:\/\/tierisch-verliebt.de\/magazin\/katzenfutter-im-test\/\">Katzenfutter<\/a> gelegt werden, das einen hohen Anteil an Fleisch und Proteinen hat, da Kohlehydrate nur begrenzt von der Balinesenkatze verwertet werden k\u00f6nnen. Die t\u00e4gliche Futterration sollte bei der Rohf\u00fctterung (BARF) aus rohem Fleisch, einem geringen Anteil an Innereien sowie gesundheitsf\u00f6rdernde Supplemente bestehen.<\/p>\n<h2><span id=\"FAQ\">FAQ<\/span><\/h2>\n<h3>Ist die Balinesenkatze f\u00fcr Allergiker geeignet?<\/h3>\n<p>Die Balinesenkatze produziert weniger <em data-start=\"499\" data-end=\"508\">Fel d 1<\/em>-Protein als viele andere Katzenrassen, was sie f\u00fcr manche Allergiker vertr\u00e4glicher macht. Eine Garantie gibt es jedoch nicht \u2013 ein Allergietest vor der Anschaffung ist empfehlenswert.<\/p>\n<h3 data-start=\"1161\" data-end=\"1370\">Wie laut ist die Balinesenkatze wirklich?<\/h3>\n<p data-start=\"1161\" data-end=\"1370\">Sie ist sehr gespr\u00e4chig \u2013 \u00e4hnlich wie die Siamkatze. Sie kommuniziert aktiv mit ihren Menschen, oft mit durchdringender Stimme, was nicht f\u00fcr jeden angenehm ist.<\/p>\n<h3 data-start=\"1372\" data-end=\"1596\">Wie reagiert die Balinesenkatze auf Ver\u00e4nderungen in der Umgebung?<\/h3>\n<p data-start=\"1372\" data-end=\"1596\">Sie ist sensibel und aufmerksam, kommt aber mit neuen Situationen gut zurecht, wenn sie gen\u00fcgend Zuwendung und Sicherheit durch ihren Menschen erf\u00e4hrt.<\/p>\n<h3 data-start=\"1372\" data-end=\"1596\">Wie gro\u00df sollte die Wohnung f\u00fcr eine Balinesenkatze mindestens sein?<\/h3>\n<p data-start=\"1372\" data-end=\"1596\">Mindestens 60\u202fm\u00b2 mit vielen Kletter- und R\u00fcckzugsm\u00f6glichkeiten. Optimal ist ein katzensicherer Balkon oder ein eigenes Spielzimmer.<\/p>\n","protected":false},"excerpt":{"rendered":"<p>Die Balinesenkatze ist eine der intelligentesten Katzenrassen. Von ihrem Charakter her ist sie eine typische orientalische Katze. Die ausgesprochen aktive<\/p>\n","protected":false},"author":2,"featured_media":1023,"parent":0,"menu_order":0,"comment_status":"closed","ping_status":"closed","template":"","meta":{"ngg_post_thumbnail":0,"footnotes":""},"class_list":["post-1033","page","type-page","status-publish","has-post-thumbnail","hentry","comments-off"],"aioseo_notices":[],"_links":{"self":[{"href":"https:\/\/tierisch-verliebt.de\/magazin\/wp-json\/wp\/v2\/pages\/1033","targetHints":{"allow":["GET"]}}],"collection":[{"href":"https:\/\/tierisch-verliebt.de\/magazin\/wp-json\/wp\/v2\/pages"}],"about":[{"href":"https:\/\/tierisch-verliebt.de\/magazin\/wp-json\/wp\/v2\/types\/page"}],"author":[{"embeddable":true,"href":"https:\/\/tierisch-verliebt.de\/magazin\/wp-json\/wp\/v2\/users\/2"}],"replies":[{"embeddable":true,"href":"https:\/\/tierisch-verliebt.de\/magazin\/wp-json\/wp\/v2\/comments?post=1033"}],"version-history":[{"count":4,"href":"https:\/\/tierisch-verliebt.de\/magazin\/wp-json\/wp\/v2\/pages\/1033\/revisions"}],"predecessor-version":[{"id":3240,"href":"https:\/\/tierisch-verliebt.de\/magazin\/wp-json\/wp\/v2\/pages\/1033\/revisions\/3240"}],"wp:featuredmedia":[{"embeddable":true,"href":"https:\/\/tierisch-verliebt.de\/magazin\/wp-json\/wp\/v2\/media\/1023"}],"wp:attachment":[{"href":"https:\/\/tierisch-verliebt.de\/magazin\/wp-json\/wp\/v2\/media?parent=1033"}],"curies":[{"name":"wp","href":"https:\/\/api.w.org\/{rel}","templated":true}]}}